{"id":886,"date":"2021-11-19T09:17:06","date_gmt":"2021-11-19T08:17:06","guid":{"rendered":"https:\/\/domaine-poulaines.preprodgcom.com\/seminaires\/"},"modified":"2023-04-13T14:35:32","modified_gmt":"2023-04-13T12:35:32","slug":"seminare","status":"publish","type":"page","link":"https:\/\/domaine-poulaines.com\/de\/seminare\/","title":{"rendered":"Seminare"},"content":{"rendered":"\r\n<section class=\"bloc bloc--gcom bloc--colonnes bloc--colonnes--1 \r\n\r\n\">\r\n\r\n    <div class=\"frow gutters items-start\">\r\n\r\n\r\n        \r\n        \n\n<div class=\"wp-block-column col-md-1-14 is-layout-flow wp-block-column-is-layout-flow\"><\/div>\n\n\n\n<div class=\"wp-block-column col-md-6-14 is-layout-flow wp-block-column-is-layout-flow\">\r\n<section class=\"bloc bloc--gcom bloc--slider  bloc--padding-top--0\r\nbloc--padding-bottom--0\">\r\n\r\n    <div class=\"frow gutters justify-end items-start\">\r\n\r\n        <div class=\"col-md-14-14 col--slider\">\r\n\r\n            <div class=\"sliderphotos sliderphotos--photo  \">\r\n            \r\n                \r\n                    \r\n                                                        \r\n                                                            <div class=\"sliderphotos__slide\">\r\n                                    <figure>\r\n                                        <img decoding=\"async\" width=\"2400\" height=\"1594\" src=\"https:\/\/domaine-poulaines.com\/wp-content\/uploads\/2022\/01\/domaine-de-poulaines-4964.jpg\" class=\"attachment-fullHD size-fullHD\" alt=\"\" loading=\"lazy\" srcset=\"https:\/\/domaine-poulaines.com\/wp-content\/uploads\/2022\/01\/domaine-de-poulaines-4964.jpg 2400w, https:\/\/domaine-poulaines.com\/wp-content\/uploads\/2022\/01\/domaine-de-poulaines-4964-1084x720.jpg 1084w, https:\/\/domaine-poulaines.com\/wp-content\/uploads\/2022\/01\/domaine-de-poulaines-4964-600x399.jpg 600w, https:\/\/domaine-poulaines.com\/wp-content\/uploads\/2022\/01\/domaine-de-poulaines-4964-768x510.jpg 768w, https:\/\/domaine-poulaines.com\/wp-content\/uploads\/2022\/01\/domaine-de-poulaines-4964-1024x680.jpg 1024w, https:\/\/domaine-poulaines.com\/wp-content\/uploads\/2022\/01\/domaine-de-poulaines-4964-1807x1200.jpg 1807w\" sizes=\"auto, (max-width: 2400px) 100vw, 2400px\" \/>                                                                            <\/figure>\r\n                                <\/div>\r\n                                                            <div class=\"sliderphotos__slide\">\r\n                                    <figure>\r\n                                        <img decoding=\"async\" width=\"2400\" height=\"1602\" src=\"https:\/\/domaine-poulaines.com\/wp-content\/uploads\/2022\/01\/poulaines2017_recitalpiano-divers-0606.jpg\" class=\"attachment-fullHD size-fullHD\" alt=\"\" loading=\"lazy\" srcset=\"https:\/\/domaine-poulaines.com\/wp-content\/uploads\/2022\/01\/poulaines2017_recitalpiano-divers-0606.jpg 2400w, https:\/\/domaine-poulaines.com\/wp-content\/uploads\/2022\/01\/poulaines2017_recitalpiano-divers-0606-1079x720.jpg 1079w, https:\/\/domaine-poulaines.com\/wp-content\/uploads\/2022\/01\/poulaines2017_recitalpiano-divers-0606-600x401.jpg 600w, https:\/\/domaine-poulaines.com\/wp-content\/uploads\/2022\/01\/poulaines2017_recitalpiano-divers-0606-768x513.jpg 768w, https:\/\/domaine-poulaines.com\/wp-content\/uploads\/2022\/01\/poulaines2017_recitalpiano-divers-0606-1024x684.jpg 1024w, https:\/\/domaine-poulaines.com\/wp-content\/uploads\/2022\/01\/poulaines2017_recitalpiano-divers-0606-1798x1200.jpg 1798w\" sizes=\"auto, (max-width: 2400px) 100vw, 2400px\" \/>                                                                            <\/figure>\r\n                                <\/div>\r\n                                                            <div class=\"sliderphotos__slide\">\r\n                                    <figure>\r\n                                        <img decoding=\"async\" width=\"2400\" height=\"1597\" src=\"https:\/\/domaine-poulaines.com\/wp-content\/uploads\/2022\/01\/thv201905_domaine-de-poulaines-floraison-1145.jpg\" class=\"attachment-fullHD size-fullHD\" alt=\"\" loading=\"lazy\" srcset=\"https:\/\/domaine-poulaines.com\/wp-content\/uploads\/2022\/01\/thv201905_domaine-de-poulaines-floraison-1145.jpg 2400w, https:\/\/domaine-poulaines.com\/wp-content\/uploads\/2022\/01\/thv201905_domaine-de-poulaines-floraison-1145-1082x720.jpg 1082w, https:\/\/domaine-poulaines.com\/wp-content\/uploads\/2022\/01\/thv201905_domaine-de-poulaines-floraison-1145-600x399.jpg 600w, https:\/\/domaine-poulaines.com\/wp-content\/uploads\/2022\/01\/thv201905_domaine-de-poulaines-floraison-1145-768x511.jpg 768w, https:\/\/domaine-poulaines.com\/wp-content\/uploads\/2022\/01\/thv201905_domaine-de-poulaines-floraison-1145-1024x681.jpg 1024w, https:\/\/domaine-poulaines.com\/wp-content\/uploads\/2022\/01\/thv201905_domaine-de-poulaines-floraison-1145-1803x1200.jpg 1803w\" sizes=\"auto, (max-width: 2400px) 100vw, 2400px\" \/>                                                                            <\/figure>\r\n                                <\/div>\r\n                            \r\n                        \r\n                    \r\n                \r\n            <\/div>\r\n\r\n        <\/div>\r\n    <\/div>\r\n<\/section><\/div>\n\n\n\n<div class=\"wp-block-column col-md-6-14 is-layout-flow wp-block-column-is-layout-flow\">\r\n<section class=\"bloc bloc--gcom bloc--texte  bloc--padding-top--0\r\nbloc--padding-bottom--0\">\r\n\r\n    <div class=\"frow justify-center\">\r\n        <div class=\"col-md-14-14\">\r\n            <h2>Genie\u00dfen Sie eine exklusive F\u00fchrung!<\/h2>\r\nBesuchen Sie das Anwesen und entdecken Sie die reiche Geschichte und das Erbe dieser kleinen Ecke des Paradieses, die seit der Antike bewohnt ist.\r\n<h3>Nach Reservierung.<\/h3>\r\n<ul>\r\n \t<li>Exklusiv &amp; St\u00e4mme (2 bis 14 Personen)<\/li>\r\n \t<li>Ein Teil des Besuchs findet auf Graswegen mit Unebenheiten statt, es wird dringend empfohlen, geeignete Schuhe zu tragen<\/li>\r\n \t<li>F\u00fchrungspaket \u201eG\u00e4rten &amp; Geschichte\u201c \u2013 2 Stunden: 245 \u20ac<\/li>\r\n<\/ul>\r\n<h3>Gruppe (ab 15 Personen)<\/h3>\r\n<ul>\r\n \t<li>F\u00fchrung \u201eG\u00e4rten\u201c \u2013 1h15: 12\u20ac\/Person<\/li>\r\n \t<li>F\u00fchrung \u201eG\u00e4rten &amp; Geschichte\u201c \u2013 2 Stunden: 15 \u20ac\/Person<\/li>\r\n<\/ul>\r\nEin Teil des Besuchs findet auf Graswegen mit Unebenheiten statt, es wird dringend empfohlen, geeignete Schuhe zu tragen\r\n\r\n<a class=\"bouton bouton--brique\" href=\"https:\/\/domaine-poulaines.com\/de\/kontakt\/\">Fordern Sie ein Angebot an<\/a>        <\/div>\r\n    <\/div>\r\n\r\n<\/section><\/div>\n\n\n\n<div class=\"wp-block-column col-md-1-14 is-layout-flow wp-block-column-is-layout-flow\"><\/div>\n\n\r\n    <\/div>\r\n<\/section>\r\n\n\n\r\n<section class=\"bloc bloc--gcom bloc--colonnes bloc--colonnes--2 \r\n\r\n\">\r\n\r\n    <div class=\"frow gutters items-start\">\r\n\r\n\r\n        \r\n        \n\n<div class=\"wp-block-column col-md-1-14 is-layout-flow wp-block-column-is-layout-flow\"><\/div>\n\n\n\n<div class=\"wp-block-column col-md-4-14 is-layout-flow wp-block-column-is-layout-flow\">\r\n<section class=\"bloc bloc--gcom bloc--media  bloc--padding-top--0\r\nbloc--padding-bottom--petit\">\r\n\r\n    <div class=\"frow justify-center\">\r\n\r\n        <div class=\"col-md-14-14 col--media\">\r\n                            <figure class=\"frow justify-center\">\r\n                    <img decoding=\"async\" width=\"1804\" height=\"1200\" src=\"https:\/\/domaine-poulaines.com\/wp-content\/uploads\/2021\/12\/thv2018_poulaines-art-de-vivre-hdef-9029-copie-1804x1200.jpg\" class=\"attachment-fullhd size-fullhd\" alt=\"\" loading=\"lazy\" srcset=\"https:\/\/domaine-poulaines.com\/wp-content\/uploads\/2021\/12\/thv2018_poulaines-art-de-vivre-hdef-9029-copie-1804x1200.jpg 1804w, https:\/\/domaine-poulaines.com\/wp-content\/uploads\/2021\/12\/thv2018_poulaines-art-de-vivre-hdef-9029-copie-600x399.jpg 600w, https:\/\/domaine-poulaines.com\/wp-content\/uploads\/2021\/12\/thv2018_poulaines-art-de-vivre-hdef-9029-copie-768x511.jpg 768w, https:\/\/domaine-poulaines.com\/wp-content\/uploads\/2021\/12\/thv2018_poulaines-art-de-vivre-hdef-9029-copie-1024x681.jpg 1024w\" sizes=\"auto, (max-width: 1804px) 100vw, 1804px\" \/>                                    <\/figure>\r\n                    <\/div>\r\n\r\n    <\/div>\r\n\r\n<\/section>\n\n\r\n<section class=\"bloc bloc--gcom bloc--texte  bloc--padding-top--0\r\nbloc--padding-bottom--0\">\r\n\r\n    <div class=\"frow justify-center\">\r\n        <div class=\"col-md-14-14\">\r\n            <h3>Beenden Sie Ihren Besuch mit einem Mittagessen oder einem Snack!<\/h3>\r\nZus\u00e4tzlich zum Besuch bieten wir zwei Men\u00fcs (Fleischfresser zu 22 \u20ac und Vegetarisch zu 20 \u20ac pro Person) an, die aus lokalen Produkten und unserem Garten hergestellt und nach einem umweltbewussten Ansatz entwickelt wurden.\r\n\r\nSowie eine hausgemachte Jause ab 9\u20ac\/Person\r\n\r\nBeides auf Vorbestellung ab 15 Personen\r\n\r\n<a class=\"bouton bouton--bleu\" href=\"https:\/\/domaine-poulaines.com\/de\/kontakt\/\">Fordern Sie ein Angebot an<\/a>        <\/div>\r\n    <\/div>\r\n\r\n<\/section><\/div>\n\n\n\n<div class=\"wp-block-column col-md-4-14 is-layout-flow wp-block-column-is-layout-flow\">\r\n<section class=\"bloc bloc--gcom bloc--media  bloc--padding-top--0\r\nbloc--padding-bottom--petit\">\r\n\r\n    <div class=\"frow justify-center\">\r\n\r\n        <div class=\"col-md-14-14 col--media\">\r\n                            <figure class=\"frow justify-center\">\r\n                    <img decoding=\"async\" width=\"1798\" height=\"1200\" src=\"https:\/\/domaine-poulaines.com\/wp-content\/uploads\/2022\/01\/poulaines2017_automne-81187-1798x1200.jpg\" class=\"attachment-fullhd size-fullhd\" alt=\"\" loading=\"lazy\" srcset=\"https:\/\/domaine-poulaines.com\/wp-content\/uploads\/2022\/01\/poulaines2017_automne-81187-1798x1200.jpg 1798w, https:\/\/domaine-poulaines.com\/wp-content\/uploads\/2022\/01\/poulaines2017_automne-81187-1079x720.jpg 1079w, https:\/\/domaine-poulaines.com\/wp-content\/uploads\/2022\/01\/poulaines2017_automne-81187-600x400.jpg 600w, https:\/\/domaine-poulaines.com\/wp-content\/uploads\/2022\/01\/poulaines2017_automne-81187-768x512.jpg 768w, https:\/\/domaine-poulaines.com\/wp-content\/uploads\/2022\/01\/poulaines2017_automne-81187-1024x683.jpg 1024w\" sizes=\"auto, (max-width: 1798px) 100vw, 1798px\" \/>                                    <\/figure>\r\n                    <\/div>\r\n\r\n    <\/div>\r\n\r\n<\/section>\n\n\r\n<section class=\"bloc bloc--gcom bloc--texte  bloc--padding-top--0\r\nbloc--padding-bottom--0\">\r\n\r\n    <div class=\"frow justify-center\">\r\n        <div class=\"col-md-14-14\">\r\n            <h3>Profitez des espaces verts<\/h3>\r\nDie G\u00e4rten sind auch eine echte Kulisse f\u00fcr Ihre Gesch\u00e4ftsseminare, Teambuildings, Cocktails, Veranstaltungen und professionellen Empf\u00e4nge. Sowie Filmdrehs und Fotoshootings.\r\n\r\n<a class=\"bouton bouton--bleu\" href=\"https:\/\/domaine-poulaines.com\/de\/kontakt\/\">Fordern Sie ein Angebot an<\/a>        <\/div>\r\n    <\/div>\r\n\r\n<\/section><\/div>\n\n\n\n<div class=\"wp-block-column col-md-4-14 is-layout-flow wp-block-column-is-layout-flow\">\r\n<section class=\"bloc bloc--gcom bloc--media  bloc--padding-top--0\r\nbloc--padding-bottom--petit\">\r\n\r\n    <div class=\"frow justify-center\">\r\n\r\n        <div class=\"col-md-14-14 col--media\">\r\n                            <figure class=\"frow justify-center\">\r\n                    <img decoding=\"async\" width=\"1024\" height=\"683\" src=\"https:\/\/domaine-poulaines.com\/wp-content\/uploads\/2021\/11\/izia_sonia-9-horizontal-1024x683-1.jpg\" class=\"attachment-fullhd size-fullhd\" alt=\"\" loading=\"lazy\" srcset=\"https:\/\/domaine-poulaines.com\/wp-content\/uploads\/2021\/11\/izia_sonia-9-horizontal-1024x683-1.jpg 1024w, https:\/\/domaine-poulaines.com\/wp-content\/uploads\/2021\/11\/izia_sonia-9-horizontal-1024x683-1-600x400.jpg 600w, https:\/\/domaine-poulaines.com\/wp-content\/uploads\/2021\/11\/izia_sonia-9-horizontal-1024x683-1-768x512.jpg 768w\" sizes=\"auto, (max-width: 1024px) 100vw, 1024px\" \/>                                    <\/figure>\r\n                    <\/div>\r\n\r\n    <\/div>\r\n\r\n<\/section>\n\n\r\n<section class=\"bloc bloc--gcom bloc--texte  bloc--padding-top--0\r\nbloc--padding-bottom--0\">\r\n\r\n    <div class=\"frow justify-center\">\r\n        <div class=\"col-md-14-14\">\r\n            <h3>Pour tous vos \u00e9v\u00e8nements<\/h3>\r\nWir begr\u00fc\u00dfen auch Hochzeiten, private Veranstaltungen und Geburtstage. Damit Sie diesen unvergesslichen Momenten einen au\u00dfergew\u00f6hnlichen Rahmen geben k\u00f6nnen. 10 Betten vor Ort in den nahe gelegenen G\u00eetes und Unterk\u00fcnften..\r\n\r\n<a class=\"bouton bouton--bleu\" href=\"https:\/\/domaine-poulaines.com\/de\/kontakt\/\">Fordern Sie ein Angebot an<\/a>        <\/div>\r\n    <\/div>\r\n\r\n<\/section><\/div>\n\n\n\n<div class=\"wp-block-column col-md-1-14 is-layout-flow wp-block-column-is-layout-flow\"><\/div>\n\n\r\n    <\/div>\r\n<\/section>\r\n","protected":false},"excerpt":{"rendered":"","protected":false},"author":1,"featured_media":2571,"parent":0,"menu_order":0,"comment_status":"closed","ping_status":"closed","template":"","meta":{"_acf_changed":false,"footnotes":""},"class_list":["post-886","page","type-page","status-publish","has-post-thumbnail","hentry"],"acf":[],"yoast_head":"<!-- This site is optimized with the Yoast SEO plugin v27.3 - https:\/\/yoast.com\/product\/yoast-seo-wordpress\/ -->\n<title>Seminare - Domaine de Poulaines<\/title>\n<meta name=\"robots\" content=\"index, follow, max-snippet:-1, max-image-preview:large, max-video-preview:-1\" \/>\n<link rel=\"canonical\" href=\"https:\/\/domaine-poulaines.com\/de\/seminare\/\" \/>\n<meta property=\"og:locale\" content=\"de_DE\" \/>\n<meta property=\"og:type\" content=\"article\" \/>\n<meta property=\"og:title\" content=\"Seminare - Domaine de Poulaines\" \/>\n<meta property=\"og:url\" content=\"https:\/\/domaine-poulaines.com\/de\/seminare\/\" \/>\n<meta property=\"og:site_name\" content=\"Domaine de Poulaines\" \/>\n<meta property=\"article:publisher\" content=\"https:\/\/www.facebook.com\/DomainePoulaines\/\" \/>\n<meta property=\"article:modified_time\" content=\"2023-04-13T12:35:32+00:00\" \/>\n<meta property=\"og:image\" content=\"http:\/\/poulaines.local\/wp-content\/uploads\/2022\/01\/poulaines2017_recitalpiano-divers_w-4913.jpg\" \/>\n\t<meta property=\"og:image:width\" content=\"1600\" \/>\n\t<meta property=\"og:image:height\" content=\"1063\" \/>\n\t<meta property=\"og:image:type\" content=\"image\/jpeg\" \/>\n<meta name=\"twitter:card\" content=\"summary_large_image\" \/>\n<script type=\"application\/ld+json\" class=\"yoast-schema-graph\">{\"@context\":\"https:\\\/\\\/schema.org\",\"@graph\":[{\"@type\":\"WebPage\",\"@id\":\"https:\\\/\\\/domaine-poulaines.com\\\/de\\\/seminare\\\/\",\"url\":\"https:\\\/\\\/domaine-poulaines.com\\\/de\\\/seminare\\\/\",\"name\":\"Seminare - Domaine de Poulaines\",\"isPartOf\":{\"@id\":\"https:\\\/\\\/domaine-poulaines.com\\\/de\\\/#website\"},\"primaryImageOfPage\":{\"@id\":\"https:\\\/\\\/domaine-poulaines.com\\\/de\\\/seminare\\\/#primaryimage\"},\"image\":{\"@id\":\"https:\\\/\\\/domaine-poulaines.com\\\/de\\\/seminare\\\/#primaryimage\"},\"thumbnailUrl\":\"https:\\\/\\\/domaine-poulaines.com\\\/wp-content\\\/uploads\\\/2022\\\/01\\\/poulaines2017_recitalpiano-divers_w-4913.jpg\",\"datePublished\":\"2021-11-19T08:17:06+00:00\",\"dateModified\":\"2023-04-13T12:35:32+00:00\",\"inLanguage\":\"de-DE\",\"potentialAction\":[{\"@type\":\"ReadAction\",\"target\":[\"https:\\\/\\\/domaine-poulaines.com\\\/de\\\/seminare\\\/\"]}]},{\"@type\":\"ImageObject\",\"inLanguage\":\"de-DE\",\"@id\":\"https:\\\/\\\/domaine-poulaines.com\\\/de\\\/seminare\\\/#primaryimage\",\"url\":\"https:\\\/\\\/domaine-poulaines.com\\\/wp-content\\\/uploads\\\/2022\\\/01\\\/poulaines2017_recitalpiano-divers_w-4913.jpg\",\"contentUrl\":\"https:\\\/\\\/domaine-poulaines.com\\\/wp-content\\\/uploads\\\/2022\\\/01\\\/poulaines2017_recitalpiano-divers_w-4913.jpg\",\"width\":1600,\"height\":1063},{\"@type\":\"WebSite\",\"@id\":\"https:\\\/\\\/domaine-poulaines.com\\\/de\\\/#website\",\"url\":\"https:\\\/\\\/domaine-poulaines.com\\\/de\\\/\",\"name\":\"Domaine de Poulaines\",\"description\":\"\",\"publisher\":{\"@id\":\"https:\\\/\\\/domaine-poulaines.com\\\/de\\\/#organization\"},\"potentialAction\":[{\"@type\":\"SearchAction\",\"target\":{\"@type\":\"EntryPoint\",\"urlTemplate\":\"https:\\\/\\\/domaine-poulaines.com\\\/de\\\/?s={search_term_string}\"},\"query-input\":{\"@type\":\"PropertyValueSpecification\",\"valueRequired\":true,\"valueName\":\"search_term_string\"}}],\"inLanguage\":\"de-DE\"},{\"@type\":\"Organization\",\"@id\":\"https:\\\/\\\/domaine-poulaines.com\\\/de\\\/#organization\",\"name\":\"Domaine de Poulaines\",\"url\":\"https:\\\/\\\/domaine-poulaines.com\\\/de\\\/\",\"logo\":{\"@type\":\"ImageObject\",\"inLanguage\":\"de-DE\",\"@id\":\"https:\\\/\\\/domaine-poulaines.com\\\/de\\\/#\\\/schema\\\/logo\\\/image\\\/\",\"url\":\"https:\\\/\\\/domaine-poulaines.com\\\/wp-content\\\/uploads\\\/2024\\\/04\\\/logo-domaine-de-poulaines.png\",\"contentUrl\":\"https:\\\/\\\/domaine-poulaines.com\\\/wp-content\\\/uploads\\\/2024\\\/04\\\/logo-domaine-de-poulaines.png\",\"width\":191,\"height\":120,\"caption\":\"Domaine de Poulaines\"},\"image\":{\"@id\":\"https:\\\/\\\/domaine-poulaines.com\\\/de\\\/#\\\/schema\\\/logo\\\/image\\\/\"},\"sameAs\":[\"https:\\\/\\\/www.facebook.com\\\/DomainePoulaines\\\/\",\"https:\\\/\\\/www.linkedin.com\\\/company\\\/jardins-et-arboretum-de-poulaines\\\/\",\"https:\\\/\\\/www.instagram.com\\\/domainedepoulaines\\\/\",\"https:\\\/\\\/www.youtube.com\\\/channel\\\/UCxescyCx_IYtzsYbbuh7PJQ\"]}]}<\/script>\n<!-- \/ Yoast SEO plugin. -->","yoast_head_json":{"title":"Seminare - Domaine de Poulaines","robots":{"index":"index","follow":"follow","max-snippet":"max-snippet:-1","max-image-preview":"max-image-preview:large","max-video-preview":"max-video-preview:-1"},"canonical":"https:\/\/domaine-poulaines.com\/de\/seminare\/","og_locale":"de_DE","og_type":"article","og_title":"Seminare - Domaine de Poulaines","og_url":"https:\/\/domaine-poulaines.com\/de\/seminare\/","og_site_name":"Domaine de Poulaines","article_publisher":"https:\/\/www.facebook.com\/DomainePoulaines\/","article_modified_time":"2023-04-13T12:35:32+00:00","og_image":[{"width":1600,"height":1063,"url":"http:\/\/poulaines.local\/wp-content\/uploads\/2022\/01\/poulaines2017_recitalpiano-divers_w-4913.jpg","type":"image\/jpeg"}],"twitter_card":"summary_large_image","schema":{"@context":"https:\/\/schema.org","@graph":[{"@type":"WebPage","@id":"https:\/\/domaine-poulaines.com\/de\/seminare\/","url":"https:\/\/domaine-poulaines.com\/de\/seminare\/","name":"Seminare - Domaine de Poulaines","isPartOf":{"@id":"https:\/\/domaine-poulaines.com\/de\/#website"},"primaryImageOfPage":{"@id":"https:\/\/domaine-poulaines.com\/de\/seminare\/#primaryimage"},"image":{"@id":"https:\/\/domaine-poulaines.com\/de\/seminare\/#primaryimage"},"thumbnailUrl":"https:\/\/domaine-poulaines.com\/wp-content\/uploads\/2022\/01\/poulaines2017_recitalpiano-divers_w-4913.jpg","datePublished":"2021-11-19T08:17:06+00:00","dateModified":"2023-04-13T12:35:32+00:00","inLanguage":"de-DE","potentialAction":[{"@type":"ReadAction","target":["https:\/\/domaine-poulaines.com\/de\/seminare\/"]}]},{"@type":"ImageObject","inLanguage":"de-DE","@id":"https:\/\/domaine-poulaines.com\/de\/seminare\/#primaryimage","url":"https:\/\/domaine-poulaines.com\/wp-content\/uploads\/2022\/01\/poulaines2017_recitalpiano-divers_w-4913.jpg","contentUrl":"https:\/\/domaine-poulaines.com\/wp-content\/uploads\/2022\/01\/poulaines2017_recitalpiano-divers_w-4913.jpg","width":1600,"height":1063},{"@type":"WebSite","@id":"https:\/\/domaine-poulaines.com\/de\/#website","url":"https:\/\/domaine-poulaines.com\/de\/","name":"Domaine de Poulaines","description":"","publisher":{"@id":"https:\/\/domaine-poulaines.com\/de\/#organization"},"potentialAction":[{"@type":"SearchAction","target":{"@type":"EntryPoint","urlTemplate":"https:\/\/domaine-poulaines.com\/de\/?s={search_term_string}"},"query-input":{"@type":"PropertyValueSpecification","valueRequired":true,"valueName":"search_term_string"}}],"inLanguage":"de-DE"},{"@type":"Organization","@id":"https:\/\/domaine-poulaines.com\/de\/#organization","name":"Domaine de Poulaines","url":"https:\/\/domaine-poulaines.com\/de\/","logo":{"@type":"ImageObject","inLanguage":"de-DE","@id":"https:\/\/domaine-poulaines.com\/de\/#\/schema\/logo\/image\/","url":"https:\/\/domaine-poulaines.com\/wp-content\/uploads\/2024\/04\/logo-domaine-de-poulaines.png","contentUrl":"https:\/\/domaine-poulaines.com\/wp-content\/uploads\/2024\/04\/logo-domaine-de-poulaines.png","width":191,"height":120,"caption":"Domaine de Poulaines"},"image":{"@id":"https:\/\/domaine-poulaines.com\/de\/#\/schema\/logo\/image\/"},"sameAs":["https:\/\/www.facebook.com\/DomainePoulaines\/","https:\/\/www.linkedin.com\/company\/jardins-et-arboretum-de-poulaines\/","https:\/\/www.instagram.com\/domainedepoulaines\/","https:\/\/www.youtube.com\/channel\/UCxescyCx_IYtzsYbbuh7PJQ"]}]}},"_links":{"self":[{"href":"https:\/\/domaine-poulaines.com\/de\/wp-json\/wp\/v2\/pages\/886","targetHints":{"allow":["GET"]}}],"collection":[{"href":"https:\/\/domaine-poulaines.com\/de\/wp-json\/wp\/v2\/pages"}],"about":[{"href":"https:\/\/domaine-poulaines.com\/de\/wp-json\/wp\/v2\/types\/page"}],"author":[{"embeddable":true,"href":"https:\/\/domaine-poulaines.com\/de\/wp-json\/wp\/v2\/users\/1"}],"replies":[{"embeddable":true,"href":"https:\/\/domaine-poulaines.com\/de\/wp-json\/wp\/v2\/comments?post=886"}],"version-history":[{"count":1,"href":"https:\/\/domaine-poulaines.com\/de\/wp-json\/wp\/v2\/pages\/886\/revisions"}],"predecessor-version":[{"id":5048,"href":"https:\/\/domaine-poulaines.com\/de\/wp-json\/wp\/v2\/pages\/886\/revisions\/5048"}],"wp:featuredmedia":[{"embeddable":true,"href":"https:\/\/domaine-poulaines.com\/de\/wp-json\/wp\/v2\/media\/2571"}],"wp:attachment":[{"href":"https:\/\/domaine-poulaines.com\/de\/wp-json\/wp\/v2\/media?parent=886"}],"curies":[{"name":"wp","href":"https:\/\/api.w.org\/{rel}","templated":true}]}}