{"id":859,"date":"2021-11-15T12:23:07","date_gmt":"2021-11-15T11:23:07","guid":{"rendered":"https:\/\/domaine-poulaines.preprodgcom.com\/politique-de-confidentialite\/"},"modified":"2023-04-13T14:35:58","modified_gmt":"2023-04-13T12:35:58","slug":"vie-privee","status":"publish","type":"page","link":"https:\/\/domaine-poulaines.com\/de\/vie-privee\/","title":{"rendered":"Privatleben"},"content":{"rendered":"\r\n<section class=\"bloc bloc--gcom bloc--texte  \r\n\">\r\n\r\n    <div class=\"frow justify-center\">\r\n        <div class=\"col-md-12-14\">\r\n            <p>Afin de se conformer \u00e0 la l\u00e9gislation europ\u00e9enne, le Domaine de Poulaines pourra \u00eatre amen\u00e9 \u00e0 modifier\/compl\u00e9ter sa politique de confidentialit\u00e9 et \u00e0 vous tenir informer des mises \u00e0 jour.<\/p>\n<h2>Collecte des informations<\/h2>\n<p>Lorsque vous nous \u00e9crivez via le formulaire de contact, nous collectons vos informations personnelles : votre nom et votre adresse e-mail.<\/p>\n<p>Nous enregistrons automatiquement des informations \u00e0 partir de votre ordinateur et navigateur, y compris votre adresse IP, vos logiciels et votre mat\u00e9riel, et votre parcours utilisateur sur notre site.<\/p>\n<h2>Utilisation des informations<\/h2>\n<p>Toute les informations que nous recueillons aupr\u00e8s de vous peuvent \u00eatre utilis\u00e9es pour :<\/p>\n<ul>\n<li>Am\u00e9liorer notre site Web et votre exp\u00e9rience utilisateur.<\/li>\n<li>Vous r\u00e9pondre par e-mail.<\/li>\n<\/ul>\n<h2>Divulgation \u00e0 des tiers<\/h2>\n<p>Nous ne vendons, n\u2019\u00e9changeons et ne transf\u00e9rons ni vos informations personnelles ni vos donn\u00e9es non-priv\u00e9es \u00e0 des tiers. Ces informations restent confidentielles et uniquement dans le cadre professionnel d\u2019\u00e9change avec le Domaine de Poulaine.<\/p>\n<p>Toutefois, en cas de n\u00e9cessit\u00e9, nous nous r\u00e9servons le droit partager des informations afin d\u2019enqu\u00eater, de pr\u00e9venir ou de prendre des mesures concernant des activit\u00e9s ill\u00e9gales, fraudes pr\u00e9sum\u00e9es, situations impliquant des menaces potentielles \u00e0 la s\u00e9curit\u00e9 physique de toute personne ou quand la loi nous y contraint.<\/p>\n<h2>Protection des informations<\/h2>\n<p>Nous mettons en \u0153uvre une vari\u00e9t\u00e9 de mesures de s\u00e9curit\u00e9 pour pr\u00e9server la s\u00e9curit\u00e9 de vos informations personnelles (SSL, RGPD). Les ordinateurs et serveurs utilis\u00e9s pour stocker des informations personnelles identifiables sont conserv\u00e9s dans un environnement s\u00e9curis\u00e9 (OVH). La dur\u00e9e de stockage de vos donn\u00e9es personnelles varie selon leur origine :<\/p>\n<ul>\n<li>Formulaire de contact : 3 mois.<\/li>\n<li>Statistiques de visites : 1 an.<\/li>\n<\/ul>\n<h2>Cookies &amp; statistiques<\/h2>\n<p>Nous utilisons Google Analytics afin d\u2019am\u00e9liorer l\u2019acc\u00e8s \u00e0 notre site et votre exp\u00e9rience utilisateur gr\u00e2ce au suivi et au ciblage d\u2019un point de vue purement statistique. Cette utilisation des cookies n\u2019est en aucune fa\u00e7on li\u00e9e \u00e0 des informations personnelles identifiables sur le site, elle reste donc parfaitement anonyme.<\/p>\n<div class=\"grilleFlex__cel grilleFlex__cel--4\">\n<h2>Le droit sur vos donn\u00e9es<\/h2>\n<p>Vous pouvez demander l\u2019effacement de vos donn\u00e9es personnelles collect\u00e9es via notre formulaire contact, en envoyant un email \u00e0 :<br \/>\ncontact[at]domaine-poulaines.com.<br \/>\nVous recevrez alors un email vous informant que vos donn\u00e9es ont \u00e9t\u00e9 effac\u00e9es.<\/p>\n<\/div>\n        <\/div>\r\n    <\/div>\r\n\r\n<\/section>","protected":false},"excerpt":{"rendered":"","protected":false},"author":1,"featured_media":1341,"parent":0,"menu_order":0,"comment_status":"closed","ping_status":"open","template":"","meta":{"_acf_changed":false,"footnotes":""},"class_list":["post-859","page","type-page","status-publish","has-post-thumbnail","hentry"],"acf":[],"yoast_head":"<!-- This site is optimized with the Yoast SEO plugin v27.3 - https:\/\/yoast.com\/product\/yoast-seo-wordpress\/ -->\n<title>Privatleben - Domaine de Poulaines<\/title>\n<meta name=\"robots\" content=\"index, follow, max-snippet:-1, max-image-preview:large, max-video-preview:-1\" \/>\n<link rel=\"canonical\" href=\"https:\/\/domaine-poulaines.com\/de\/vie-privee\/\" \/>\n<meta property=\"og:locale\" content=\"de_DE\" \/>\n<meta property=\"og:type\" content=\"article\" \/>\n<meta property=\"og:title\" content=\"Privatleben - Domaine de Poulaines\" \/>\n<meta property=\"og:url\" content=\"https:\/\/domaine-poulaines.com\/de\/vie-privee\/\" \/>\n<meta property=\"og:site_name\" content=\"Domaine de Poulaines\" \/>\n<meta property=\"article:publisher\" content=\"https:\/\/www.facebook.com\/DomainePoulaines\/\" \/>\n<meta property=\"article:modified_time\" content=\"2023-04-13T12:35:58+00:00\" \/>\n<meta property=\"og:image\" content=\"http:\/\/poulaines.local\/wp-content\/uploads\/2021\/12\/domaine-de-poulaines-81286-scaled.jpg\" \/>\n\t<meta property=\"og:image:width\" content=\"3600\" \/>\n\t<meta property=\"og:image:height\" content=\"2403\" \/>\n\t<meta property=\"og:image:type\" content=\"image\/jpeg\" \/>\n<meta name=\"twitter:card\" content=\"summary_large_image\" \/>\n<script type=\"application\/ld+json\" class=\"yoast-schema-graph\">{\"@context\":\"https:\\\/\\\/schema.org\",\"@graph\":[{\"@type\":\"WebPage\",\"@id\":\"https:\\\/\\\/domaine-poulaines.com\\\/de\\\/vie-privee\\\/\",\"url\":\"https:\\\/\\\/domaine-poulaines.com\\\/de\\\/vie-privee\\\/\",\"name\":\"Privatleben - Domaine de Poulaines\",\"isPartOf\":{\"@id\":\"https:\\\/\\\/domaine-poulaines.com\\\/de\\\/#website\"},\"primaryImageOfPage\":{\"@id\":\"https:\\\/\\\/domaine-poulaines.com\\\/de\\\/vie-privee\\\/#primaryimage\"},\"image\":{\"@id\":\"https:\\\/\\\/domaine-poulaines.com\\\/de\\\/vie-privee\\\/#primaryimage\"},\"thumbnailUrl\":\"https:\\\/\\\/domaine-poulaines.com\\\/wp-content\\\/uploads\\\/2021\\\/12\\\/domaine-de-poulaines-81286-scaled.jpg\",\"datePublished\":\"2021-11-15T11:23:07+00:00\",\"dateModified\":\"2023-04-13T12:35:58+00:00\",\"inLanguage\":\"de-DE\",\"potentialAction\":[{\"@type\":\"ReadAction\",\"target\":[\"https:\\\/\\\/domaine-poulaines.com\\\/de\\\/vie-privee\\\/\"]}]},{\"@type\":\"ImageObject\",\"inLanguage\":\"de-DE\",\"@id\":\"https:\\\/\\\/domaine-poulaines.com\\\/de\\\/vie-privee\\\/#primaryimage\",\"url\":\"https:\\\/\\\/domaine-poulaines.com\\\/wp-content\\\/uploads\\\/2021\\\/12\\\/domaine-de-poulaines-81286-scaled.jpg\",\"contentUrl\":\"https:\\\/\\\/domaine-poulaines.com\\\/wp-content\\\/uploads\\\/2021\\\/12\\\/domaine-de-poulaines-81286-scaled.jpg\",\"width\":3600,\"height\":2403},{\"@type\":\"WebSite\",\"@id\":\"https:\\\/\\\/domaine-poulaines.com\\\/de\\\/#website\",\"url\":\"https:\\\/\\\/domaine-poulaines.com\\\/de\\\/\",\"name\":\"Domaine de Poulaines\",\"description\":\"\",\"publisher\":{\"@id\":\"https:\\\/\\\/domaine-poulaines.com\\\/de\\\/#organization\"},\"potentialAction\":[{\"@type\":\"SearchAction\",\"target\":{\"@type\":\"EntryPoint\",\"urlTemplate\":\"https:\\\/\\\/domaine-poulaines.com\\\/de\\\/?s={search_term_string}\"},\"query-input\":{\"@type\":\"PropertyValueSpecification\",\"valueRequired\":true,\"valueName\":\"search_term_string\"}}],\"inLanguage\":\"de-DE\"},{\"@type\":\"Organization\",\"@id\":\"https:\\\/\\\/domaine-poulaines.com\\\/de\\\/#organization\",\"name\":\"Domaine de Poulaines\",\"url\":\"https:\\\/\\\/domaine-poulaines.com\\\/de\\\/\",\"logo\":{\"@type\":\"ImageObject\",\"inLanguage\":\"de-DE\",\"@id\":\"https:\\\/\\\/domaine-poulaines.com\\\/de\\\/#\\\/schema\\\/logo\\\/image\\\/\",\"url\":\"https:\\\/\\\/domaine-poulaines.com\\\/wp-content\\\/uploads\\\/2024\\\/04\\\/logo-domaine-de-poulaines.png\",\"contentUrl\":\"https:\\\/\\\/domaine-poulaines.com\\\/wp-content\\\/uploads\\\/2024\\\/04\\\/logo-domaine-de-poulaines.png\",\"width\":191,\"height\":120,\"caption\":\"Domaine de Poulaines\"},\"image\":{\"@id\":\"https:\\\/\\\/domaine-poulaines.com\\\/de\\\/#\\\/schema\\\/logo\\\/image\\\/\"},\"sameAs\":[\"https:\\\/\\\/www.facebook.com\\\/DomainePoulaines\\\/\",\"https:\\\/\\\/www.linkedin.com\\\/company\\\/jardins-et-arboretum-de-poulaines\\\/\",\"https:\\\/\\\/www.instagram.com\\\/domainedepoulaines\\\/\",\"https:\\\/\\\/www.youtube.com\\\/channel\\\/UCxescyCx_IYtzsYbbuh7PJQ\"]}]}<\/script>\n<!-- \/ Yoast SEO plugin. -->","yoast_head_json":{"title":"Privatleben - Domaine de Poulaines","robots":{"index":"index","follow":"follow","max-snippet":"max-snippet:-1","max-image-preview":"max-image-preview:large","max-video-preview":"max-video-preview:-1"},"canonical":"https:\/\/domaine-poulaines.com\/de\/vie-privee\/","og_locale":"de_DE","og_type":"article","og_title":"Privatleben - Domaine de Poulaines","og_url":"https:\/\/domaine-poulaines.com\/de\/vie-privee\/","og_site_name":"Domaine de Poulaines","article_publisher":"https:\/\/www.facebook.com\/DomainePoulaines\/","article_modified_time":"2023-04-13T12:35:58+00:00","og_image":[{"width":3600,"height":2403,"url":"http:\/\/poulaines.local\/wp-content\/uploads\/2021\/12\/domaine-de-poulaines-81286-scaled.jpg","type":"image\/jpeg"}],"twitter_card":"summary_large_image","schema":{"@context":"https:\/\/schema.org","@graph":[{"@type":"WebPage","@id":"https:\/\/domaine-poulaines.com\/de\/vie-privee\/","url":"https:\/\/domaine-poulaines.com\/de\/vie-privee\/","name":"Privatleben - Domaine de Poulaines","isPartOf":{"@id":"https:\/\/domaine-poulaines.com\/de\/#website"},"primaryImageOfPage":{"@id":"https:\/\/domaine-poulaines.com\/de\/vie-privee\/#primaryimage"},"image":{"@id":"https:\/\/domaine-poulaines.com\/de\/vie-privee\/#primaryimage"},"thumbnailUrl":"https:\/\/domaine-poulaines.com\/wp-content\/uploads\/2021\/12\/domaine-de-poulaines-81286-scaled.jpg","datePublished":"2021-11-15T11:23:07+00:00","dateModified":"2023-04-13T12:35:58+00:00","inLanguage":"de-DE","potentialAction":[{"@type":"ReadAction","target":["https:\/\/domaine-poulaines.com\/de\/vie-privee\/"]}]},{"@type":"ImageObject","inLanguage":"de-DE","@id":"https:\/\/domaine-poulaines.com\/de\/vie-privee\/#primaryimage","url":"https:\/\/domaine-poulaines.com\/wp-content\/uploads\/2021\/12\/domaine-de-poulaines-81286-scaled.jpg","contentUrl":"https:\/\/domaine-poulaines.com\/wp-content\/uploads\/2021\/12\/domaine-de-poulaines-81286-scaled.jpg","width":3600,"height":2403},{"@type":"WebSite","@id":"https:\/\/domaine-poulaines.com\/de\/#website","url":"https:\/\/domaine-poulaines.com\/de\/","name":"Domaine de Poulaines","description":"","publisher":{"@id":"https:\/\/domaine-poulaines.com\/de\/#organization"},"potentialAction":[{"@type":"SearchAction","target":{"@type":"EntryPoint","urlTemplate":"https:\/\/domaine-poulaines.com\/de\/?s={search_term_string}"},"query-input":{"@type":"PropertyValueSpecification","valueRequired":true,"valueName":"search_term_string"}}],"inLanguage":"de-DE"},{"@type":"Organization","@id":"https:\/\/domaine-poulaines.com\/de\/#organization","name":"Domaine de Poulaines","url":"https:\/\/domaine-poulaines.com\/de\/","logo":{"@type":"ImageObject","inLanguage":"de-DE","@id":"https:\/\/domaine-poulaines.com\/de\/#\/schema\/logo\/image\/","url":"https:\/\/domaine-poulaines.com\/wp-content\/uploads\/2024\/04\/logo-domaine-de-poulaines.png","contentUrl":"https:\/\/domaine-poulaines.com\/wp-content\/uploads\/2024\/04\/logo-domaine-de-poulaines.png","width":191,"height":120,"caption":"Domaine de Poulaines"},"image":{"@id":"https:\/\/domaine-poulaines.com\/de\/#\/schema\/logo\/image\/"},"sameAs":["https:\/\/www.facebook.com\/DomainePoulaines\/","https:\/\/www.linkedin.com\/company\/jardins-et-arboretum-de-poulaines\/","https:\/\/www.instagram.com\/domainedepoulaines\/","https:\/\/www.youtube.com\/channel\/UCxescyCx_IYtzsYbbuh7PJQ"]}]}},"_links":{"self":[{"href":"https:\/\/domaine-poulaines.com\/de\/wp-json\/wp\/v2\/pages\/859","targetHints":{"allow":["GET"]}}],"collection":[{"href":"https:\/\/domaine-poulaines.com\/de\/wp-json\/wp\/v2\/pages"}],"about":[{"href":"https:\/\/domaine-poulaines.com\/de\/wp-json\/wp\/v2\/types\/page"}],"author":[{"embeddable":true,"href":"https:\/\/domaine-poulaines.com\/de\/wp-json\/wp\/v2\/users\/1"}],"replies":[{"embeddable":true,"href":"https:\/\/domaine-poulaines.com\/de\/wp-json\/wp\/v2\/comments?post=859"}],"version-history":[{"count":1,"href":"https:\/\/domaine-poulaines.com\/de\/wp-json\/wp\/v2\/pages\/859\/revisions"}],"predecessor-version":[{"id":5049,"href":"https:\/\/domaine-poulaines.com\/de\/wp-json\/wp\/v2\/pages\/859\/revisions\/5049"}],"wp:featuredmedia":[{"embeddable":true,"href":"https:\/\/domaine-poulaines.com\/de\/wp-json\/wp\/v2\/media\/1341"}],"wp:attachment":[{"href":"https:\/\/domaine-poulaines.com\/de\/wp-json\/wp\/v2\/media?parent=859"}],"curies":[{"name":"wp","href":"https:\/\/api.w.org\/{rel}","templated":true}]}}