{"id":843,"date":"2021-11-19T09:22:05","date_gmt":"2021-11-19T08:22:05","guid":{"rendered":"https:\/\/domaine-poulaines.preprodgcom.com\/mentions-legales\/"},"modified":"2023-04-13T14:34:09","modified_gmt":"2023-04-13T12:34:09","slug":"rechtliche-hinweise","status":"publish","type":"page","link":"https:\/\/domaine-poulaines.com\/de\/rechtliche-hinweise\/","title":{"rendered":"Rechtliche hinweise"},"content":{"rendered":"\r\n<section class=\"bloc bloc--gcom bloc--texte  \r\n\">\r\n\r\n    <div class=\"frow justify-center\">\r\n        <div class=\"col-md-8-14\">\r\n            <h2>Informationen zum Herausgeber<\/h2>\r\nDie Website der Domaine de Poulaines wird von der SARL Jardins et Arboretum de Poulaines ver\u00f6ffentlicht und verwaltet.\r\n<h3>Herausgeberin und Redaktionsleiterin<\/h3>\r\nVal\u00e9rie Esnault, Gesch\u00e4ftsf\u00fchrerin der SARL Jardins et Arboretum de Poulaines.\r\n<h3>Hosting<\/h3>\r\nOVH\r\nHauptsitz: 2 rue Kellermann \u2013 59100 Roubaix \u2013 Frankreich.\r\n<h3>Konzeption und Entwicklung<\/h3>\r\nG comme une id\u00e9e, <a href=\"https:\/\/www.gcommeuneidee.com\/\">Kommunikationsagentur<\/a>\r\n<h3>Verarbeitung von personenbezogenen Daten<\/h3>\r\nGem\u00e4\u00df dem Gesetz Nr. 78-17 vom 6. Januar 1978 \u00fcber den Schutz von Personen bei der Verarbeitung personenbezogener Daten, ge\u00e4ndert durch das Gesetz Nr. 2004-801 vom 6. August 2004 (BOEM 160* und 722), erfolgt die automatische Erfassung, Aufzeichnung und Speicherung von personenbezogenen Daten auf dieser Website im Rahmen der Erkl\u00e4rung \u00fcber die Verarbeitung personenbezogener Daten gegen\u00fcber der Nationalen Kommission f\u00fcr Informatik und Freiheiten (CNIL). Das Recht auf Zugang, \u00c4nderung, Berichtigung und L\u00f6schung dieser Daten wird per E-Mail unter Verwendung dieses Formulars und eines Identit\u00e4tsnachweises ausge\u00fcbt.\r\nAlle erhobenen personenbezogenen Daten werden streng vertraulich behandelt. Die SARL Jardins de Poulaines verpflichtet sich insbesondere, die Vertraulichkeit von E-Mails zu wahren, die mit elektronischer Post verschickt werden. E-Mails und E-Mail-Adressen werden nur so lange aufbewahrt, wie es f\u00fcr ihre Bearbeitung erforderlich ist.\r\nJardins et Arboretum de Poulaines SARL sammelt keine Informationen f\u00fcr andere als die oben beschriebenen Zwecke.\r\nF\u00fcr alle anderen Fragen verwenden Sie bitte das <a href=\"https:\/\/domaine-poulaines.com\/de\/kontakt\/\">Kontaktformular auf dieser Website<\/a>.\r\n<h2>Inhalt und Urheberrecht<\/h2>\r\n<h3>Vervielf\u00e4ltigung von Online-Inhalten<\/h3>\r\nDie auf der Website www.domaine-poulaines.com ver\u00f6ffentlichten Informationen k\u00f6nnen unter drei Bedingungen frei vervielf\u00e4ltigt werden:\r\n\u2013 die Wahrung der Integrit\u00e4t der wiedergegebenen Informationen\r\n\u2013 die Zitierung der Quelle;\r\n\u2013 den Hinweis, dass die Vervielf\u00e4ltigungsrechte vorbehalten und streng begrenzt sind.\r\nJegliche Nutzung zu kommerziellen oder Werbezwecken ist untersagt.\r\n<h3>Grafische Entw\u00fcrfe \u2013 Bildnachweise \u2013 Videos<\/h3>\r\nAlle anderen Inhalte der Website sind urheberrechtlich gesch\u00fctzt; jede Vervielf\u00e4ltigung unterliegt daher der Zustimmung des Urhebers (Artikel L.122-4 des Gesetzes \u00fcber geistiges Eigentum).\r\nAnfragen f\u00fcr grafische Entw\u00fcrfe und Illustrationen m\u00fcssen an die Rechteinhaber gerichtet werden.\r\nFotos und Videos d\u00fcrfen nicht ohne vorherige Zustimmung vervielf\u00e4ltigt werden.\r\n<h3>Erstellen von Links zu www.domaine-poulaines.com<\/h3>\r\nF\u00fcr die Einrichtung eines Links zur Website www.domaine-poulaines.com ist keine vorherige Zustimmung erforderlich. Die ausdr\u00fcckliche Erw\u00e4hnung der SARL Jardins et Arboretum de Poulaines im Titel des Links ist ausdr\u00fccklich erw\u00fcnscht. Es wird dringend empfohlen, diese Seite in einem separaten Browserfenster zu \u00f6ffnen.\r\nDie SARL Jardins et Arboretum de Poulaines beh\u00e4lt sich jedoch das Recht vor, die Entfernung von Links zu Websites zu verlangen, deren Zweck nicht mit dem Zweck ihrer Website \u00fcbereinstimmt oder die rassistische, pornografische oder fremdenfeindliche Informationen verbreiten oder welche die Empfindlichkeit der \u00d6ffentlichkeit verletzten k\u00f6nnten.\r\n<h2>Inhalt der Website<\/h2>\r\n<h3>Warnung<\/h3>\r\nTrotz aller Sorgfalt, mit der unsere redaktionellen und technischen Teams bei der Erstellung und Ver\u00f6ffentlichung der Dokumente arbeiten, k\u00f6nnen Schreibfehler oder technische Ungenauigkeiten nicht ausgeschlossen werden. SARL Jardins et Arboretum de Poulaines beh\u00e4lt sich das Recht vor, diese jederzeit zu korrigieren, sobald sie ihr zur Kenntnis gebracht werden.\r\nDie auf der Website www.domaine-poulaines.com enthaltenen Informationen und Dokumente k\u00f6nnen jederzeit aktualisiert werden. Sie k\u00f6nnen insbesondere zwischen dem Zeitpunkt des Herunterladens durch den Internetnutzer und dem Zeitpunkt, zu dem er sie zur Kenntnis nimmt, aktualisiert werden.\r\n<h3>Links<\/h3>\r\nAuf der Website www.domaine-poulaines.com k\u00f6nnen Ihnen Links zu anderen \u00f6ffentlichen oder privaten Websites vorgeschlagen werden, um dem Internetnutzer den Zugang zu Informationen zu erleichtern.\r\nF\u00fcr diese Seiten \u00fcbernimmt SARL Jardins et Arboretum de Poulaines keine Verantwortung.\r\n<h3>Einsichtnahme und Herunterladen von Dokumenten<\/h3>\r\nSARL Jardins et Arboretum de Poulaines stellt ihre Ver\u00f6ffentlichungen im PDF-Format zur Verf\u00fcgung.\r\nIn den Allgemeinen Vorschriften der Interoperabilit\u00e4t v1.0, die f\u00fcr franz\u00f6sische Verwaltungen gelten, hei\u00dft es: \u201eEs wird empfohlen, das Format PDF 1.7 (\u2026) f\u00fcr den Austausch von technischen Zeichnungen im nicht-revidierbaren Modus (\u2026) und f\u00fcr den Austausch von Office-Dokumenten im nicht-revidierbaren Modus zu verwenden. (\u2026) f\u00fcr die Speicherung von dynamischen Office-Dokumenten. \u201c,\u201e(\u2026) das PDF\/A-Format, f\u00fcr die Archivierung von statischen, nicht revidierbaren Office-Dokumenten. \u201c,\u201e(\u2026) das Format PDF\/X f\u00fcr den Austausch von digitalen Druckdaten zu verwenden. \u201c\r\nZum Lesen des PDF-Formats gibt es mehrere kostenlose und freie Leseprogramme. Die Website http:\/\/pdfreaders.org\/ listet sie nach dem von Ihnen verwendeten Betriebssystem auf (Windows, Mac OS,\u2026).\r\n<h3>Zugriff auf die Website<\/h3>\r\nSARL Jardins et Arboretum de Poulaines und der Hoster tun ihr M\u00f6glichstes, um den Internetnutzern einen ununterbrochenen Zugang zu dieser Website www.domaine-poulaines.com zu erm\u00f6glichen.\r\nSARL Jardins et Arboretum de Poulaines beh\u00e4lt sich jedoch das Recht vor, im Falle h\u00f6herer Gewalt (Ausfall, technische Wartungsabsicht) den Zugriff auf ihre Website und aller angebotenen Tele-Dienstleistungen nicht garantieren zu k\u00f6nnen.        <\/div>\r\n    <\/div>\r\n\r\n<\/section>","protected":false},"excerpt":{"rendered":"","protected":false},"author":1,"featured_media":1341,"parent":0,"menu_order":0,"comment_status":"closed","ping_status":"closed","template":"","meta":{"_acf_changed":false,"footnotes":""},"class_list":["post-843","page","type-page","status-publish","has-post-thumbnail","hentry"],"acf":[],"yoast_head":"<!-- This site is optimized with the Yoast SEO plugin v27.3 - https:\/\/yoast.com\/product\/yoast-seo-wordpress\/ -->\n<title>Rechtliche hinweise - Domaine de Poulaines<\/title>\n<meta name=\"robots\" content=\"index, follow, max-snippet:-1, max-image-preview:large, max-video-preview:-1\" \/>\n<link rel=\"canonical\" href=\"https:\/\/domaine-poulaines.com\/de\/rechtliche-hinweise\/\" \/>\n<meta property=\"og:locale\" content=\"de_DE\" \/>\n<meta property=\"og:type\" content=\"article\" \/>\n<meta property=\"og:title\" content=\"Rechtliche hinweise - Domaine de Poulaines\" \/>\n<meta property=\"og:url\" content=\"https:\/\/domaine-poulaines.com\/de\/rechtliche-hinweise\/\" \/>\n<meta property=\"og:site_name\" content=\"Domaine de Poulaines\" \/>\n<meta property=\"article:publisher\" content=\"https:\/\/www.facebook.com\/DomainePoulaines\/\" \/>\n<meta property=\"article:modified_time\" content=\"2023-04-13T12:34:09+00:00\" \/>\n<meta property=\"og:image\" content=\"http:\/\/poulaines.local\/wp-content\/uploads\/2021\/12\/domaine-de-poulaines-81286-scaled.jpg\" \/>\n\t<meta property=\"og:image:width\" content=\"3600\" \/>\n\t<meta property=\"og:image:height\" content=\"2403\" \/>\n\t<meta property=\"og:image:type\" content=\"image\/jpeg\" \/>\n<meta name=\"twitter:card\" content=\"summary_large_image\" \/>\n<script type=\"application\/ld+json\" class=\"yoast-schema-graph\">{\"@context\":\"https:\\\/\\\/schema.org\",\"@graph\":[{\"@type\":\"WebPage\",\"@id\":\"https:\\\/\\\/domaine-poulaines.com\\\/de\\\/rechtliche-hinweise\\\/\",\"url\":\"https:\\\/\\\/domaine-poulaines.com\\\/de\\\/rechtliche-hinweise\\\/\",\"name\":\"Rechtliche hinweise - Domaine de Poulaines\",\"isPartOf\":{\"@id\":\"https:\\\/\\\/domaine-poulaines.com\\\/de\\\/#website\"},\"primaryImageOfPage\":{\"@id\":\"https:\\\/\\\/domaine-poulaines.com\\\/de\\\/rechtliche-hinweise\\\/#primaryimage\"},\"image\":{\"@id\":\"https:\\\/\\\/domaine-poulaines.com\\\/de\\\/rechtliche-hinweise\\\/#primaryimage\"},\"thumbnailUrl\":\"https:\\\/\\\/domaine-poulaines.com\\\/wp-content\\\/uploads\\\/2021\\\/12\\\/domaine-de-poulaines-81286-scaled.jpg\",\"datePublished\":\"2021-11-19T08:22:05+00:00\",\"dateModified\":\"2023-04-13T12:34:09+00:00\",\"inLanguage\":\"de-DE\",\"potentialAction\":[{\"@type\":\"ReadAction\",\"target\":[\"https:\\\/\\\/domaine-poulaines.com\\\/de\\\/rechtliche-hinweise\\\/\"]}]},{\"@type\":\"ImageObject\",\"inLanguage\":\"de-DE\",\"@id\":\"https:\\\/\\\/domaine-poulaines.com\\\/de\\\/rechtliche-hinweise\\\/#primaryimage\",\"url\":\"https:\\\/\\\/domaine-poulaines.com\\\/wp-content\\\/uploads\\\/2021\\\/12\\\/domaine-de-poulaines-81286-scaled.jpg\",\"contentUrl\":\"https:\\\/\\\/domaine-poulaines.com\\\/wp-content\\\/uploads\\\/2021\\\/12\\\/domaine-de-poulaines-81286-scaled.jpg\",\"width\":3600,\"height\":2403},{\"@type\":\"WebSite\",\"@id\":\"https:\\\/\\\/domaine-poulaines.com\\\/de\\\/#website\",\"url\":\"https:\\\/\\\/domaine-poulaines.com\\\/de\\\/\",\"name\":\"Domaine de Poulaines\",\"description\":\"\",\"publisher\":{\"@id\":\"https:\\\/\\\/domaine-poulaines.com\\\/de\\\/#organization\"},\"potentialAction\":[{\"@type\":\"SearchAction\",\"target\":{\"@type\":\"EntryPoint\",\"urlTemplate\":\"https:\\\/\\\/domaine-poulaines.com\\\/de\\\/?s={search_term_string}\"},\"query-input\":{\"@type\":\"PropertyValueSpecification\",\"valueRequired\":true,\"valueName\":\"search_term_string\"}}],\"inLanguage\":\"de-DE\"},{\"@type\":\"Organization\",\"@id\":\"https:\\\/\\\/domaine-poulaines.com\\\/de\\\/#organization\",\"name\":\"Domaine de Poulaines\",\"url\":\"https:\\\/\\\/domaine-poulaines.com\\\/de\\\/\",\"logo\":{\"@type\":\"ImageObject\",\"inLanguage\":\"de-DE\",\"@id\":\"https:\\\/\\\/domaine-poulaines.com\\\/de\\\/#\\\/schema\\\/logo\\\/image\\\/\",\"url\":\"https:\\\/\\\/domaine-poulaines.com\\\/wp-content\\\/uploads\\\/2024\\\/04\\\/logo-domaine-de-poulaines.png\",\"contentUrl\":\"https:\\\/\\\/domaine-poulaines.com\\\/wp-content\\\/uploads\\\/2024\\\/04\\\/logo-domaine-de-poulaines.png\",\"width\":191,\"height\":120,\"caption\":\"Domaine de Poulaines\"},\"image\":{\"@id\":\"https:\\\/\\\/domaine-poulaines.com\\\/de\\\/#\\\/schema\\\/logo\\\/image\\\/\"},\"sameAs\":[\"https:\\\/\\\/www.facebook.com\\\/DomainePoulaines\\\/\",\"https:\\\/\\\/www.linkedin.com\\\/company\\\/jardins-et-arboretum-de-poulaines\\\/\",\"https:\\\/\\\/www.instagram.com\\\/domainedepoulaines\\\/\",\"https:\\\/\\\/www.youtube.com\\\/channel\\\/UCxescyCx_IYtzsYbbuh7PJQ\"]}]}<\/script>\n<!-- \/ Yoast SEO plugin. -->","yoast_head_json":{"title":"Rechtliche hinweise - Domaine de Poulaines","robots":{"index":"index","follow":"follow","max-snippet":"max-snippet:-1","max-image-preview":"max-image-preview:large","max-video-preview":"max-video-preview:-1"},"canonical":"https:\/\/domaine-poulaines.com\/de\/rechtliche-hinweise\/","og_locale":"de_DE","og_type":"article","og_title":"Rechtliche hinweise - Domaine de Poulaines","og_url":"https:\/\/domaine-poulaines.com\/de\/rechtliche-hinweise\/","og_site_name":"Domaine de Poulaines","article_publisher":"https:\/\/www.facebook.com\/DomainePoulaines\/","article_modified_time":"2023-04-13T12:34:09+00:00","og_image":[{"width":3600,"height":2403,"url":"http:\/\/poulaines.local\/wp-content\/uploads\/2021\/12\/domaine-de-poulaines-81286-scaled.jpg","type":"image\/jpeg"}],"twitter_card":"summary_large_image","schema":{"@context":"https:\/\/schema.org","@graph":[{"@type":"WebPage","@id":"https:\/\/domaine-poulaines.com\/de\/rechtliche-hinweise\/","url":"https:\/\/domaine-poulaines.com\/de\/rechtliche-hinweise\/","name":"Rechtliche hinweise - Domaine de Poulaines","isPartOf":{"@id":"https:\/\/domaine-poulaines.com\/de\/#website"},"primaryImageOfPage":{"@id":"https:\/\/domaine-poulaines.com\/de\/rechtliche-hinweise\/#primaryimage"},"image":{"@id":"https:\/\/domaine-poulaines.com\/de\/rechtliche-hinweise\/#primaryimage"},"thumbnailUrl":"https:\/\/domaine-poulaines.com\/wp-content\/uploads\/2021\/12\/domaine-de-poulaines-81286-scaled.jpg","datePublished":"2021-11-19T08:22:05+00:00","dateModified":"2023-04-13T12:34:09+00:00","inLanguage":"de-DE","potentialAction":[{"@type":"ReadAction","target":["https:\/\/domaine-poulaines.com\/de\/rechtliche-hinweise\/"]}]},{"@type":"ImageObject","inLanguage":"de-DE","@id":"https:\/\/domaine-poulaines.com\/de\/rechtliche-hinweise\/#primaryimage","url":"https:\/\/domaine-poulaines.com\/wp-content\/uploads\/2021\/12\/domaine-de-poulaines-81286-scaled.jpg","contentUrl":"https:\/\/domaine-poulaines.com\/wp-content\/uploads\/2021\/12\/domaine-de-poulaines-81286-scaled.jpg","width":3600,"height":2403},{"@type":"WebSite","@id":"https:\/\/domaine-poulaines.com\/de\/#website","url":"https:\/\/domaine-poulaines.com\/de\/","name":"Domaine de Poulaines","description":"","publisher":{"@id":"https:\/\/domaine-poulaines.com\/de\/#organization"},"potentialAction":[{"@type":"SearchAction","target":{"@type":"EntryPoint","urlTemplate":"https:\/\/domaine-poulaines.com\/de\/?s={search_term_string}"},"query-input":{"@type":"PropertyValueSpecification","valueRequired":true,"valueName":"search_term_string"}}],"inLanguage":"de-DE"},{"@type":"Organization","@id":"https:\/\/domaine-poulaines.com\/de\/#organization","name":"Domaine de Poulaines","url":"https:\/\/domaine-poulaines.com\/de\/","logo":{"@type":"ImageObject","inLanguage":"de-DE","@id":"https:\/\/domaine-poulaines.com\/de\/#\/schema\/logo\/image\/","url":"https:\/\/domaine-poulaines.com\/wp-content\/uploads\/2024\/04\/logo-domaine-de-poulaines.png","contentUrl":"https:\/\/domaine-poulaines.com\/wp-content\/uploads\/2024\/04\/logo-domaine-de-poulaines.png","width":191,"height":120,"caption":"Domaine de Poulaines"},"image":{"@id":"https:\/\/domaine-poulaines.com\/de\/#\/schema\/logo\/image\/"},"sameAs":["https:\/\/www.facebook.com\/DomainePoulaines\/","https:\/\/www.linkedin.com\/company\/jardins-et-arboretum-de-poulaines\/","https:\/\/www.instagram.com\/domainedepoulaines\/","https:\/\/www.youtube.com\/channel\/UCxescyCx_IYtzsYbbuh7PJQ"]}]}},"_links":{"self":[{"href":"https:\/\/domaine-poulaines.com\/de\/wp-json\/wp\/v2\/pages\/843","targetHints":{"allow":["GET"]}}],"collection":[{"href":"https:\/\/domaine-poulaines.com\/de\/wp-json\/wp\/v2\/pages"}],"about":[{"href":"https:\/\/domaine-poulaines.com\/de\/wp-json\/wp\/v2\/types\/page"}],"author":[{"embeddable":true,"href":"https:\/\/domaine-poulaines.com\/de\/wp-json\/wp\/v2\/users\/1"}],"replies":[{"embeddable":true,"href":"https:\/\/domaine-poulaines.com\/de\/wp-json\/wp\/v2\/comments?post=843"}],"version-history":[{"count":1,"href":"https:\/\/domaine-poulaines.com\/de\/wp-json\/wp\/v2\/pages\/843\/revisions"}],"predecessor-version":[{"id":5039,"href":"https:\/\/domaine-poulaines.com\/de\/wp-json\/wp\/v2\/pages\/843\/revisions\/5039"}],"wp:featuredmedia":[{"embeddable":true,"href":"https:\/\/domaine-poulaines.com\/de\/wp-json\/wp\/v2\/media\/1341"}],"wp:attachment":[{"href":"https:\/\/domaine-poulaines.com\/de\/wp-json\/wp\/v2\/media?parent=843"}],"curies":[{"name":"wp","href":"https:\/\/api.w.org\/{rel}","templated":true}]}}