{"id":837,"date":"2021-11-19T09:17:06","date_gmt":"2021-11-19T08:17:06","guid":{"rendered":"https:\/\/domaine-poulaines.preprodgcom.com\/deguster\/"},"modified":"2023-04-13T14:35:31","modified_gmt":"2023-04-13T12:35:31","slug":"verkostung","status":"publish","type":"page","link":"https:\/\/domaine-poulaines.com\/de\/verkostung\/","title":{"rendered":"Verkostung"},"content":{"rendered":"\r\n<section class=\"bloc bloc--gcom bloc--texte  \r\nbloc--padding-bottom--0\">\r\n\r\n    <div class=\"frow justify-center\">\r\n        <div class=\"col-md-8-14\">\r\n            <h2>Unser Teesalon im englischen Stil<\/h2>\r\nHier finden Sie eine Auswahl an Teesorten von Mariage Fr\u00e8res, Kaffee von Caf\u00e9s Richard und ein Bukett voller Aromen vergangener Zeiten mit unserer Zitronen-Ingwer-Limonade, unseren hausgemachten Konfit\u00fcren und Fruchts\u00e4ften.\r\n\r\nFahren Sie mit den Produkten aus dem Garten nach Hause, die unbeschr\u00e4nkt konsumiert werden k\u00f6nnen und viele Vitamine enthalten. Unser kontrollierter Anbau garantiert Ihnen Produkte ohne Pestizide und voller Geschmack.\r\n\r\nUm die Umwelt zu schonen, bestehen unsere Flaschen mit stillem Wasser aus Glas und sind Mehrwegflaschen.        <\/div>\r\n    <\/div>\r\n\r\n<\/section>\n\n\r\n<section class=\"bloc bloc--gcom bloc--colonnes bloc--colonnes--1 \r\nbloc--padding-top--petit\r\nbloc--padding-bottom--petit\">\r\n\r\n    <div class=\"frow gutters items-center\">\r\n\r\n\r\n        \r\n        \n\n<div class=\"wp-block-column col-md-1-14 is-layout-flow wp-block-column-is-layout-flow\"><\/div>\n\n\n\n<div class=\"wp-block-column col-md-6-14 is-layout-flow wp-block-column-is-layout-flow\">\r\n<section class=\"bloc bloc--gcom bloc--texte  bloc--padding-top--0\r\nbloc--padding-bottom--0\">\r\n\r\n    <div class=\"frow justify-center\">\r\n        <div class=\"col-md-14-14\">\r\n            <h3>Geniessen sie unsere 100% nat\u00fcrlichen fruchts\u00e4fte<\/h3>\r\nUnsere Apfel- und Apfel-Traubens\u00e4fte werden durch einfaches Auspressen der Fr\u00fcchte ohne jegliche Zus\u00e4tze gewonnen. Sie werden nicht gekl\u00e4rt und bewahren so die Qualit\u00e4t der Fr\u00fcchte, die keiner Behandlung unterzogen werden.\r\n\r\nAu\u00dferdem finden Sie hier je nach Saison auch unsere Kuchen, Konfit\u00fcren und den Honig des Landgutes.\r\n\r\nAuf Poulaines kann jeder Besucher ein kleines St\u00fcck dieses irdischen Paradieses mitnehmen.        <\/div>\r\n    <\/div>\r\n\r\n<\/section><\/div>\n\n\n\n<div class=\"wp-block-column col-md-6-14 is-layout-flow wp-block-column-is-layout-flow\">\r\n<section class=\"bloc bloc--gcom bloc--media  bloc--padding-top--0\r\nbloc--padding-bottom--0\">\r\n\r\n    <div class=\"frow justify-center\">\r\n\r\n        <div class=\"col-md-14-14 col--media\">\r\n                            <figure class=\"frow justify-center\">\r\n                    <img decoding=\"async\" width=\"1803\" height=\"1200\" src=\"https:\/\/domaine-poulaines.com\/wp-content\/uploads\/2022\/01\/thv2018_poulaines-art-de-vivre-hdef-9045-1803x1200.jpg\" class=\"attachment-fullhd size-fullhd\" alt=\"\" loading=\"lazy\" srcset=\"https:\/\/domaine-poulaines.com\/wp-content\/uploads\/2022\/01\/thv2018_poulaines-art-de-vivre-hdef-9045-1803x1200.jpg 1803w, https:\/\/domaine-poulaines.com\/wp-content\/uploads\/2022\/01\/thv2018_poulaines-art-de-vivre-hdef-9045-600x399.jpg 600w, https:\/\/domaine-poulaines.com\/wp-content\/uploads\/2022\/01\/thv2018_poulaines-art-de-vivre-hdef-9045-768x511.jpg 768w, https:\/\/domaine-poulaines.com\/wp-content\/uploads\/2022\/01\/thv2018_poulaines-art-de-vivre-hdef-9045-1024x681.jpg 1024w\" sizes=\"auto, (max-width: 1803px) 100vw, 1803px\" \/>                                    <\/figure>\r\n                    <\/div>\r\n\r\n    <\/div>\r\n\r\n<\/section><\/div>\n\n\n\n<div class=\"wp-block-column col-md-1-14 is-layout-flow wp-block-column-is-layout-flow\"><\/div>\n\n\r\n    <\/div>\r\n<\/section>\r\n\n\n\r\n<section class=\"bloc bloc--gcom bloc--colonnes bloc--colonnes--1 \r\nbloc--padding-top--petit\r\nbloc--padding-bottom--petit\">\r\n\r\n    <div class=\"frow gutters items-center\">\r\n\r\n\r\n        \r\n        \n\n<div class=\"wp-block-column col-md-1-14 is-layout-flow wp-block-column-is-layout-flow\"><\/div>\n\n\n\n<div class=\"wp-block-column col-md-6-14 is-layout-flow wp-block-column-is-layout-flow\">\r\n<section class=\"bloc bloc--gcom bloc--media  \r\n\">\r\n\r\n    <div class=\"frow justify-center\">\r\n\r\n        <div class=\"col-md-12-14 col--media\">\r\n                            <figure class=\"frow justify-center\">\r\n                    <img decoding=\"async\" width=\"1600\" height=\"1065\" src=\"https:\/\/domaine-poulaines.com\/wp-content\/uploads\/2022\/01\/webthv2019_domaine-de-poulaines-inaugu-renai-1024.jpg\" class=\"attachment-fullhd size-fullhd\" alt=\"\" loading=\"lazy\" srcset=\"https:\/\/domaine-poulaines.com\/wp-content\/uploads\/2022\/01\/webthv2019_domaine-de-poulaines-inaugu-renai-1024.jpg 1600w, https:\/\/domaine-poulaines.com\/wp-content\/uploads\/2022\/01\/webthv2019_domaine-de-poulaines-inaugu-renai-1024-600x399.jpg 600w, https:\/\/domaine-poulaines.com\/wp-content\/uploads\/2022\/01\/webthv2019_domaine-de-poulaines-inaugu-renai-1024-768x511.jpg 768w, https:\/\/domaine-poulaines.com\/wp-content\/uploads\/2022\/01\/webthv2019_domaine-de-poulaines-inaugu-renai-1024-1024x682.jpg 1024w, https:\/\/domaine-poulaines.com\/wp-content\/uploads\/2022\/01\/webthv2019_domaine-de-poulaines-inaugu-renai-1024-1082x720.jpg 1082w\" sizes=\"auto, (max-width: 1600px) 100vw, 1600px\" \/>                                    <\/figure>\r\n                    <\/div>\r\n\r\n    <\/div>\r\n\r\n<\/section><\/div>\n\n\n\n<div class=\"wp-block-column col-md-6-14 is-layout-flow wp-block-column-is-layout-flow\">\r\n<section class=\"bloc bloc--gcom bloc--texte  bloc--padding-top--grand\r\nbloc--padding-bottom--grand\">\r\n\r\n    <div class=\"frow justify-center\">\r\n        <div class=\"col-md-14-14\">\r\n            <h2>Unsere schicke Design-Boutique<\/h2>\r\nK\u00f6rbe, Gegenst\u00e4nde aus Schafsleder aus dem Berry, Tont\u00f6pfe, H\u00fcte aus Ramie und Palmstroh&#8230; Wir m\u00f6chten die vielf\u00e4ltigen Kenntnisse unserer Region w\u00fcrdigen und die Lebenskunst auf diesem Landgut pflegen. Au\u00dferdem bieten wir Ihnen eine Reihe von Objekten an, die von lokalen Designern f\u00fcr die Domaine hergestellt wurden.\r\n\r\n<a class=\"bouton bouton--brique\" href=\"https:\/\/centrevaldeloire-mb-prestataire.for-system.com\/f117404_fr-.aspx\" target=\"_blank\" rel=\"noopener\">Entdecken sie unsere online-boutique<\/a>        <\/div>\r\n    <\/div>\r\n\r\n<\/section><\/div>\n\n\n\n<div class=\"wp-block-column col-md-1-14 is-layout-flow wp-block-column-is-layout-flow\"><\/div>\n\n\r\n    <\/div>\r\n<\/section>\r\n","protected":false},"excerpt":{"rendered":"","protected":false},"author":1,"featured_media":1365,"parent":0,"menu_order":0,"comment_status":"closed","ping_status":"closed","template":"","meta":{"_acf_changed":false,"footnotes":""},"class_list":["post-837","page","type-page","status-publish","has-post-thumbnail","hentry"],"acf":[],"yoast_head":"<!-- This site is optimized with the Yoast SEO plugin v27.3 - https:\/\/yoast.com\/product\/yoast-seo-wordpress\/ -->\n<title>Verkostung - Domaine de Poulaines<\/title>\n<meta name=\"robots\" content=\"index, follow, max-snippet:-1, max-image-preview:large, max-video-preview:-1\" \/>\n<link rel=\"canonical\" href=\"https:\/\/domaine-poulaines.com\/de\/verkostung\/\" \/>\n<meta property=\"og:locale\" content=\"de_DE\" \/>\n<meta property=\"og:type\" content=\"article\" \/>\n<meta property=\"og:title\" content=\"Verkostung - Domaine de Poulaines\" \/>\n<meta property=\"og:url\" content=\"https:\/\/domaine-poulaines.com\/de\/verkostung\/\" \/>\n<meta property=\"og:site_name\" content=\"Domaine de Poulaines\" \/>\n<meta property=\"article:publisher\" content=\"https:\/\/www.facebook.com\/DomainePoulaines\/\" \/>\n<meta property=\"article:modified_time\" content=\"2023-04-13T12:35:31+00:00\" \/>\n<meta property=\"og:image\" content=\"http:\/\/poulaines.local\/wp-content\/uploads\/2021\/12\/thv2018_poulaines-art-de-vivre-hdef-9039-copie-scaled.jpg\" \/>\n\t<meta property=\"og:image:width\" content=\"3600\" \/>\n\t<meta property=\"og:image:height\" content=\"2395\" \/>\n\t<meta property=\"og:image:type\" content=\"image\/jpeg\" \/>\n<meta name=\"twitter:card\" content=\"summary_large_image\" \/>\n<script type=\"application\/ld+json\" class=\"yoast-schema-graph\">{\"@context\":\"https:\\\/\\\/schema.org\",\"@graph\":[{\"@type\":\"WebPage\",\"@id\":\"https:\\\/\\\/domaine-poulaines.com\\\/de\\\/verkostung\\\/\",\"url\":\"https:\\\/\\\/domaine-poulaines.com\\\/de\\\/verkostung\\\/\",\"name\":\"Verkostung - Domaine de Poulaines\",\"isPartOf\":{\"@id\":\"https:\\\/\\\/domaine-poulaines.com\\\/de\\\/#website\"},\"primaryImageOfPage\":{\"@id\":\"https:\\\/\\\/domaine-poulaines.com\\\/de\\\/verkostung\\\/#primaryimage\"},\"image\":{\"@id\":\"https:\\\/\\\/domaine-poulaines.com\\\/de\\\/verkostung\\\/#primaryimage\"},\"thumbnailUrl\":\"https:\\\/\\\/domaine-poulaines.com\\\/wp-content\\\/uploads\\\/2021\\\/12\\\/thv2018_poulaines-art-de-vivre-hdef-9039-copie-scaled.jpg\",\"datePublished\":\"2021-11-19T08:17:06+00:00\",\"dateModified\":\"2023-04-13T12:35:31+00:00\",\"inLanguage\":\"de-DE\",\"potentialAction\":[{\"@type\":\"ReadAction\",\"target\":[\"https:\\\/\\\/domaine-poulaines.com\\\/de\\\/verkostung\\\/\"]}]},{\"@type\":\"ImageObject\",\"inLanguage\":\"de-DE\",\"@id\":\"https:\\\/\\\/domaine-poulaines.com\\\/de\\\/verkostung\\\/#primaryimage\",\"url\":\"https:\\\/\\\/domaine-poulaines.com\\\/wp-content\\\/uploads\\\/2021\\\/12\\\/thv2018_poulaines-art-de-vivre-hdef-9039-copie-scaled.jpg\",\"contentUrl\":\"https:\\\/\\\/domaine-poulaines.com\\\/wp-content\\\/uploads\\\/2021\\\/12\\\/thv2018_poulaines-art-de-vivre-hdef-9039-copie-scaled.jpg\",\"width\":3600,\"height\":2395},{\"@type\":\"WebSite\",\"@id\":\"https:\\\/\\\/domaine-poulaines.com\\\/de\\\/#website\",\"url\":\"https:\\\/\\\/domaine-poulaines.com\\\/de\\\/\",\"name\":\"Domaine de Poulaines\",\"description\":\"\",\"publisher\":{\"@id\":\"https:\\\/\\\/domaine-poulaines.com\\\/de\\\/#organization\"},\"potentialAction\":[{\"@type\":\"SearchAction\",\"target\":{\"@type\":\"EntryPoint\",\"urlTemplate\":\"https:\\\/\\\/domaine-poulaines.com\\\/de\\\/?s={search_term_string}\"},\"query-input\":{\"@type\":\"PropertyValueSpecification\",\"valueRequired\":true,\"valueName\":\"search_term_string\"}}],\"inLanguage\":\"de-DE\"},{\"@type\":\"Organization\",\"@id\":\"https:\\\/\\\/domaine-poulaines.com\\\/de\\\/#organization\",\"name\":\"Domaine de Poulaines\",\"url\":\"https:\\\/\\\/domaine-poulaines.com\\\/de\\\/\",\"logo\":{\"@type\":\"ImageObject\",\"inLanguage\":\"de-DE\",\"@id\":\"https:\\\/\\\/domaine-poulaines.com\\\/de\\\/#\\\/schema\\\/logo\\\/image\\\/\",\"url\":\"https:\\\/\\\/domaine-poulaines.com\\\/wp-content\\\/uploads\\\/2024\\\/04\\\/logo-domaine-de-poulaines.png\",\"contentUrl\":\"https:\\\/\\\/domaine-poulaines.com\\\/wp-content\\\/uploads\\\/2024\\\/04\\\/logo-domaine-de-poulaines.png\",\"width\":191,\"height\":120,\"caption\":\"Domaine de Poulaines\"},\"image\":{\"@id\":\"https:\\\/\\\/domaine-poulaines.com\\\/de\\\/#\\\/schema\\\/logo\\\/image\\\/\"},\"sameAs\":[\"https:\\\/\\\/www.facebook.com\\\/DomainePoulaines\\\/\",\"https:\\\/\\\/www.linkedin.com\\\/company\\\/jardins-et-arboretum-de-poulaines\\\/\",\"https:\\\/\\\/www.instagram.com\\\/domainedepoulaines\\\/\",\"https:\\\/\\\/www.youtube.com\\\/channel\\\/UCxescyCx_IYtzsYbbuh7PJQ\"]}]}<\/script>\n<!-- \/ Yoast SEO plugin. -->","yoast_head_json":{"title":"Verkostung - Domaine de Poulaines","robots":{"index":"index","follow":"follow","max-snippet":"max-snippet:-1","max-image-preview":"max-image-preview:large","max-video-preview":"max-video-preview:-1"},"canonical":"https:\/\/domaine-poulaines.com\/de\/verkostung\/","og_locale":"de_DE","og_type":"article","og_title":"Verkostung - Domaine de Poulaines","og_url":"https:\/\/domaine-poulaines.com\/de\/verkostung\/","og_site_name":"Domaine de Poulaines","article_publisher":"https:\/\/www.facebook.com\/DomainePoulaines\/","article_modified_time":"2023-04-13T12:35:31+00:00","og_image":[{"width":3600,"height":2395,"url":"http:\/\/poulaines.local\/wp-content\/uploads\/2021\/12\/thv2018_poulaines-art-de-vivre-hdef-9039-copie-scaled.jpg","type":"image\/jpeg"}],"twitter_card":"summary_large_image","schema":{"@context":"https:\/\/schema.org","@graph":[{"@type":"WebPage","@id":"https:\/\/domaine-poulaines.com\/de\/verkostung\/","url":"https:\/\/domaine-poulaines.com\/de\/verkostung\/","name":"Verkostung - Domaine de Poulaines","isPartOf":{"@id":"https:\/\/domaine-poulaines.com\/de\/#website"},"primaryImageOfPage":{"@id":"https:\/\/domaine-poulaines.com\/de\/verkostung\/#primaryimage"},"image":{"@id":"https:\/\/domaine-poulaines.com\/de\/verkostung\/#primaryimage"},"thumbnailUrl":"https:\/\/domaine-poulaines.com\/wp-content\/uploads\/2021\/12\/thv2018_poulaines-art-de-vivre-hdef-9039-copie-scaled.jpg","datePublished":"2021-11-19T08:17:06+00:00","dateModified":"2023-04-13T12:35:31+00:00","inLanguage":"de-DE","potentialAction":[{"@type":"ReadAction","target":["https:\/\/domaine-poulaines.com\/de\/verkostung\/"]}]},{"@type":"ImageObject","inLanguage":"de-DE","@id":"https:\/\/domaine-poulaines.com\/de\/verkostung\/#primaryimage","url":"https:\/\/domaine-poulaines.com\/wp-content\/uploads\/2021\/12\/thv2018_poulaines-art-de-vivre-hdef-9039-copie-scaled.jpg","contentUrl":"https:\/\/domaine-poulaines.com\/wp-content\/uploads\/2021\/12\/thv2018_poulaines-art-de-vivre-hdef-9039-copie-scaled.jpg","width":3600,"height":2395},{"@type":"WebSite","@id":"https:\/\/domaine-poulaines.com\/de\/#website","url":"https:\/\/domaine-poulaines.com\/de\/","name":"Domaine de Poulaines","description":"","publisher":{"@id":"https:\/\/domaine-poulaines.com\/de\/#organization"},"potentialAction":[{"@type":"SearchAction","target":{"@type":"EntryPoint","urlTemplate":"https:\/\/domaine-poulaines.com\/de\/?s={search_term_string}"},"query-input":{"@type":"PropertyValueSpecification","valueRequired":true,"valueName":"search_term_string"}}],"inLanguage":"de-DE"},{"@type":"Organization","@id":"https:\/\/domaine-poulaines.com\/de\/#organization","name":"Domaine de Poulaines","url":"https:\/\/domaine-poulaines.com\/de\/","logo":{"@type":"ImageObject","inLanguage":"de-DE","@id":"https:\/\/domaine-poulaines.com\/de\/#\/schema\/logo\/image\/","url":"https:\/\/domaine-poulaines.com\/wp-content\/uploads\/2024\/04\/logo-domaine-de-poulaines.png","contentUrl":"https:\/\/domaine-poulaines.com\/wp-content\/uploads\/2024\/04\/logo-domaine-de-poulaines.png","width":191,"height":120,"caption":"Domaine de Poulaines"},"image":{"@id":"https:\/\/domaine-poulaines.com\/de\/#\/schema\/logo\/image\/"},"sameAs":["https:\/\/www.facebook.com\/DomainePoulaines\/","https:\/\/www.linkedin.com\/company\/jardins-et-arboretum-de-poulaines\/","https:\/\/www.instagram.com\/domainedepoulaines\/","https:\/\/www.youtube.com\/channel\/UCxescyCx_IYtzsYbbuh7PJQ"]}]}},"_links":{"self":[{"href":"https:\/\/domaine-poulaines.com\/de\/wp-json\/wp\/v2\/pages\/837","targetHints":{"allow":["GET"]}}],"collection":[{"href":"https:\/\/domaine-poulaines.com\/de\/wp-json\/wp\/v2\/pages"}],"about":[{"href":"https:\/\/domaine-poulaines.com\/de\/wp-json\/wp\/v2\/types\/page"}],"author":[{"embeddable":true,"href":"https:\/\/domaine-poulaines.com\/de\/wp-json\/wp\/v2\/users\/1"}],"replies":[{"embeddable":true,"href":"https:\/\/domaine-poulaines.com\/de\/wp-json\/wp\/v2\/comments?post=837"}],"version-history":[{"count":1,"href":"https:\/\/domaine-poulaines.com\/de\/wp-json\/wp\/v2\/pages\/837\/revisions"}],"predecessor-version":[{"id":5047,"href":"https:\/\/domaine-poulaines.com\/de\/wp-json\/wp\/v2\/pages\/837\/revisions\/5047"}],"wp:featuredmedia":[{"embeddable":true,"href":"https:\/\/domaine-poulaines.com\/de\/wp-json\/wp\/v2\/media\/1365"}],"wp:attachment":[{"href":"https:\/\/domaine-poulaines.com\/de\/wp-json\/wp\/v2\/media?parent=837"}],"curies":[{"name":"wp","href":"https:\/\/api.w.org\/{rel}","templated":true}]}}