{"id":6098,"date":"2024-07-29T11:47:41","date_gmt":"2024-07-29T09:47:41","guid":{"rendered":"https:\/\/domaine-poulaines.preprodgcom.com\/?page_id=6098"},"modified":"2025-06-06T14:16:35","modified_gmt":"2025-06-06T12:16:35","slug":"unternehmens-und-vereinspartnerschaften","status":"publish","type":"page","link":"https:\/\/domaine-poulaines.com\/de\/besuchen\/sinnvolle-partnerschaften\/unternehmens-und-vereinspartnerschaften\/","title":{"rendered":"Unternehmens- und Vereinspartnerschaften"},"content":{"rendered":"\r\n<section class=\"bloc bloc--gcom bloc--colonnes bloc--colonnes--1 \r\n\r\n\">\r\n\r\n    <div class=\"frow gutters items-center\">\r\n\r\n\r\n        \r\n        \n\n<div class=\"wp-block-column col-md-1-14 is-layout-flow wp-block-column-is-layout-flow\"><\/div>\n\n\n\n<div class=\"wp-block-column col-md-6-14 is-layout-flow wp-block-column-is-layout-flow\">\r\n<section class=\"bloc bloc--gcom bloc--media  bloc--padding-top--0\r\nbloc--padding-bottom--petit\">\r\n\r\n    <div class=\"frow justify-center\">\r\n\r\n        <div class=\"col-md-14-14 col--media\">\r\n                            <figure class=\"frow justify-center\">\r\n                    <img decoding=\"async\" width=\"1024\" height=\"682\" src=\"https:\/\/domaine-poulaines.com\/wp-content\/uploads\/2022\/02\/webthv201905_domaine-de-poulaines-floraison-1148-1024x682-1.jpg\" class=\"attachment-fullhd size-fullhd\" alt=\"\" loading=\"lazy\" srcset=\"https:\/\/domaine-poulaines.com\/wp-content\/uploads\/2022\/02\/webthv201905_domaine-de-poulaines-floraison-1148-1024x682-1.jpg 1024w, https:\/\/domaine-poulaines.com\/wp-content\/uploads\/2022\/02\/webthv201905_domaine-de-poulaines-floraison-1148-1024x682-1-600x400.jpg 600w, https:\/\/domaine-poulaines.com\/wp-content\/uploads\/2022\/02\/webthv201905_domaine-de-poulaines-floraison-1148-1024x682-1-768x512.jpg 768w\" sizes=\"auto, (max-width: 1024px) 100vw, 1024px\" \/>                                    <\/figure>\r\n                    <\/div>\r\n\r\n    <\/div>\r\n\r\n<\/section><\/div>\n\n\n\n<div class=\"wp-block-column col-md-6-14 is-layout-flow wp-block-column-is-layout-flow\">\r\n<section class=\"bloc bloc--gcom bloc--texte  bloc--padding-top--0\r\n\">\r\n\r\n    <div class=\"frow justify-center\">\r\n        <div class=\"col-md-14-14\">\r\n            <h2>Marilou Laure, diese Aquarelle, die uns leiten<\/h2>\n<p>Marilous Aquarelle sind in bestimmten Bereichen des Gartens angebracht, um den Besuchern Orientierung und Information zu bieten.<\/p>\n<p>Nach ihrer Ausbildung in Grafik in Penninghen und an den Beaux-Arts de Paris fertigte Marilou LAURE Aquarelle f\u00fcr Pierre Gagnaire, Zeichnungen von Panthern f\u00fcr Cartier, Plakate f\u00fcr Fragonard, Siebdrucke f\u00fcr Agn\u00e8s B, Illustrationen f\u00fcr Flammarion &#8230;<\/p>\n<p><a class=\"bouton bouton--bleu\" href=\"https:\/\/domaine-poulaines.com\/les-aquarelles-de-marilou-laure\/\" target=\"_self\">Lesen Sie unseren Blogbeitrag<\/a><\/p>\n        <\/div>\r\n    <\/div>\r\n\r\n<\/section><\/div>\n\n\n\n<div class=\"wp-block-column col-md-1-14 is-layout-flow wp-block-column-is-layout-flow\"><\/div>\n\n\r\n    <\/div>\r\n<\/section>\r\n\n\n\r\n<section class=\"bloc bloc--gcom bloc--colonnes bloc--colonnes--1 \r\n\r\n\">\r\n\r\n    <div class=\"frow gutters items-center\">\r\n\r\n\r\n        \r\n        \n\n<div class=\"wp-block-column col-md-1-14 is-layout-flow wp-block-column-is-layout-flow\"><\/div>\n\n\n\n<div class=\"wp-block-column col-md-6-14 is-layout-flow wp-block-column-is-layout-flow\">\r\n<section class=\"bloc bloc--gcom bloc--media  bloc--padding-top--0\r\nbloc--padding-bottom--petit\">\r\n\r\n    <div class=\"frow justify-center\">\r\n\r\n        <div class=\"col-md-14-14 col--media\">\r\n                            <figure class=\"frow justify-center\">\r\n                    <img decoding=\"async\" width=\"1024\" height=\"674\" src=\"https:\/\/domaine-poulaines.com\/wp-content\/uploads\/2022\/01\/domaine-de-poulaines_artisan-l-orangerie-2-1024x674-1.png\" class=\"attachment-fullhd size-fullhd\" alt=\"\" loading=\"lazy\" srcset=\"https:\/\/domaine-poulaines.com\/wp-content\/uploads\/2022\/01\/domaine-de-poulaines_artisan-l-orangerie-2-1024x674-1.png 1024w, https:\/\/domaine-poulaines.com\/wp-content\/uploads\/2022\/01\/domaine-de-poulaines_artisan-l-orangerie-2-1024x674-1-600x395.png 600w, https:\/\/domaine-poulaines.com\/wp-content\/uploads\/2022\/01\/domaine-de-poulaines_artisan-l-orangerie-2-1024x674-1-768x506.png 768w\" sizes=\"auto, (max-width: 1024px) 100vw, 1024px\" \/>                                    <\/figure>\r\n                    <\/div>\r\n\r\n    <\/div>\r\n\r\n<\/section><\/div>\n\n\n\n<div class=\"wp-block-column col-md-6-14 is-layout-flow wp-block-column-is-layout-flow\">\r\n<section class=\"bloc bloc--gcom bloc--texte  bloc--padding-top--0\r\n\">\r\n\r\n    <div class=\"frow justify-center\">\r\n        <div class=\"col-md-14-14\">\r\n            <h2>Die Orangerie<\/h2>\n<p>L\u2019Orangerie fertigt individuelle Terrakottat\u00f6pfe f\u00fcr G\u00e4rten, Terrassen und Balkone. Die T\u00f6pfe stammen aus der Praxis einer Bildhauerwerkstatt und sind f\u00fcr ihre moderne Linie bekannt. Ihre nat\u00fcrlichen Texturen und Farbt\u00f6ne eignen sich f\u00fcr alle Pflanzenarten. Orangerie-T\u00f6pfe sind an vielen historischen Orten in Frankreich vorhanden (Abtei Royaumont, Schloss Angers, Priorat Ronsard in Tours usw.).<\/p>\n<p><a class=\"bouton bouton--bleu\" href=\"https:\/\/domaine-poulaines.com\/lorangerie-et-les-pots-bleu-de-poulaines\/\" target=\"_self\">Lesen Sie unseren Blogbeitrag<\/a><\/p>\n<p>&nbsp;<\/p>\n        <\/div>\r\n    <\/div>\r\n\r\n<\/section><\/div>\n\n\n\n<div class=\"wp-block-column col-md-1-14 is-layout-flow wp-block-column-is-layout-flow\"><\/div>\n\n\r\n    <\/div>\r\n<\/section>\r\n\n\n\r\n<section class=\"bloc bloc--gcom bloc--colonnes bloc--colonnes--1 \r\n\r\n\">\r\n\r\n    <div class=\"frow gutters items-center\">\r\n\r\n\r\n        \r\n        \n\n<div class=\"wp-block-column col-md-1-14 is-layout-flow wp-block-column-is-layout-flow\"><\/div>\n\n\n\n<div class=\"wp-block-column col-md-6-14 is-layout-flow wp-block-column-is-layout-flow\">\r\n<section class=\"bloc bloc--gcom bloc--media  bloc--padding-top--0\r\nbloc--padding-bottom--petit\">\r\n\r\n    <div class=\"frow justify-center\">\r\n\r\n        <div class=\"col-md-14-14 col--media\">\r\n                            <figure class=\"frow justify-center\">\r\n                    <img decoding=\"async\" width=\"1600\" height=\"1200\" src=\"https:\/\/domaine-poulaines.com\/wp-content\/uploads\/2024\/07\/1714740563685.jpg\" class=\"attachment-fullhd size-fullhd\" alt=\"\" loading=\"lazy\" srcset=\"https:\/\/domaine-poulaines.com\/wp-content\/uploads\/2024\/07\/1714740563685.jpg 1600w, https:\/\/domaine-poulaines.com\/wp-content\/uploads\/2024\/07\/1714740563685-600x450.jpg 600w, https:\/\/domaine-poulaines.com\/wp-content\/uploads\/2024\/07\/1714740563685-1024x768.jpg 1024w, https:\/\/domaine-poulaines.com\/wp-content\/uploads\/2024\/07\/1714740563685-768x576.jpg 768w\" sizes=\"auto, (max-width: 1600px) 100vw, 1600px\" \/>                                    <\/figure>\r\n                    <\/div>\r\n\r\n    <\/div>\r\n\r\n<\/section><\/div>\n\n\n\n<div class=\"wp-block-column col-md-6-14 is-layout-flow wp-block-column-is-layout-flow\">\r\n<section class=\"bloc bloc--gcom bloc--texte  bloc--padding-top--0\r\n\">\r\n\r\n    <div class=\"frow justify-center\">\r\n        <div class=\"col-md-14-14\">\r\n            <h2>AGIR Ch\u00e2teauroux<\/h2>\n<p>Seit 2023 k\u00fcmmert sich AGIR36 um die Pflege der W\u00e4sche in unserer Unterkunft. Es entstanden Ideen f\u00fcr weitere Partnerschaften mit Domaine de Poulaines. Wir haben auch dar\u00fcber gesprochen, die Plastikverpackungen f\u00fcr saubere W\u00e4sche in jeder Unterkunft durch Stoffbeutel zu ersetzen.<\/p>\n        <\/div>\r\n    <\/div>\r\n\r\n<\/section><\/div>\n\n\n\n<div class=\"wp-block-column col-md-1-14 is-layout-flow wp-block-column-is-layout-flow\"><\/div>\n\n\r\n    <\/div>\r\n<\/section>\r\n\n\n\r\n<section class=\"bloc bloc--gcom bloc--colonnes bloc--colonnes--1 \r\n\r\n\">\r\n\r\n    <div class=\"frow gutters items-center\">\r\n\r\n\r\n        \r\n        \n\n<div class=\"wp-block-column col-md-1-14 is-layout-flow wp-block-column-is-layout-flow\"><\/div>\n\n\n\n<div class=\"wp-block-column col-md-6-14 is-layout-flow wp-block-column-is-layout-flow\">\r\n<section class=\"bloc bloc--gcom bloc--media  bloc--padding-top--0\r\nbloc--padding-bottom--petit\">\r\n\r\n    <div class=\"frow justify-center\">\r\n\r\n        <div class=\"col-md-14-14 col--media\">\r\n                            <figure class=\"frow justify-center\">\r\n                    <img decoding=\"async\" width=\"640\" height=\"288\" src=\"https:\/\/domaine-poulaines.com\/wp-content\/uploads\/2024\/07\/1710847924468.jpg\" class=\"attachment-fullhd size-fullhd\" alt=\"\" loading=\"lazy\" srcset=\"https:\/\/domaine-poulaines.com\/wp-content\/uploads\/2024\/07\/1710847924468.jpg 640w, https:\/\/domaine-poulaines.com\/wp-content\/uploads\/2024\/07\/1710847924468-600x270.jpg 600w\" sizes=\"auto, (max-width: 640px) 100vw, 640px\" \/>                                    <\/figure>\r\n                    <\/div>\r\n\r\n    <\/div>\r\n\r\n<\/section><\/div>\n\n\n\n<div class=\"wp-block-column col-md-6-14 is-layout-flow wp-block-column-is-layout-flow\">\r\n<section class=\"bloc bloc--gcom bloc--texte  bloc--padding-top--0\r\n\">\r\n\r\n    <div class=\"frow justify-center\">\r\n        <div class=\"col-md-14-14\">\r\n            <h2>ESAT Valen\u00e7ay<\/h2>\n<p>Seit letztem Herbst ist die ESAT von Valen\u00e7ay-Levroux zweimal im Monat gekommen, um den G\u00e4rtnern der Domaine zur Seite zu stehen. Wir sind stolz und gl\u00fccklich \u00fcber diese tolle Partnerschaft!<\/p>\n<p>Dank dieser Hilfe hat das Team mehr Zeit, an der Entwicklung der verschiedenen Bereiche des Anwesens zu arbeiten, einschlie\u00dflich des Gem\u00fcsegartens, f\u00fcr den wir einen neuen Plan entwerfen.<\/p>\n        <\/div>\r\n    <\/div>\r\n\r\n<\/section><\/div>\n\n\n\n<div class=\"wp-block-column col-md-1-14 is-layout-flow wp-block-column-is-layout-flow\"><\/div>\n\n\r\n    <\/div>\r\n<\/section>\r\n","protected":false},"excerpt":{"rendered":"","protected":false},"author":5,"featured_media":5907,"parent":905,"menu_order":0,"comment_status":"closed","ping_status":"closed","template":"","meta":{"_acf_changed":false,"footnotes":""},"class_list":["post-6098","page","type-page","status-publish","has-post-thumbnail","hentry"],"acf":[],"yoast_head":"<!-- This site is optimized with the Yoast SEO plugin v27.3 - https:\/\/yoast.com\/product\/yoast-seo-wordpress\/ -->\n<title>Unternehmens- und Vereinspartnerschaften - Domaine de Poulaines<\/title>\n<meta name=\"robots\" content=\"index, follow, max-snippet:-1, max-image-preview:large, max-video-preview:-1\" \/>\n<link rel=\"canonical\" href=\"https:\/\/domaine-poulaines.com\/de\/besuchen\/sinnvolle-partnerschaften\/unternehmens-und-vereinspartnerschaften\/\" \/>\n<meta property=\"og:locale\" content=\"de_DE\" \/>\n<meta property=\"og:type\" content=\"article\" \/>\n<meta property=\"og:title\" content=\"Unternehmens- und Vereinspartnerschaften - Domaine de Poulaines\" \/>\n<meta property=\"og:url\" content=\"https:\/\/domaine-poulaines.com\/de\/besuchen\/sinnvolle-partnerschaften\/unternehmens-und-vereinspartnerschaften\/\" \/>\n<meta property=\"og:site_name\" content=\"Domaine de Poulaines\" \/>\n<meta property=\"article:publisher\" content=\"https:\/\/www.facebook.com\/DomainePoulaines\/\" \/>\n<meta property=\"article:modified_time\" content=\"2025-06-06T12:16:35+00:00\" \/>\n<meta property=\"og:image\" content=\"https:\/\/domaine-poulaines.com\/wp-content\/uploads\/2024\/05\/pierre-holley-9.jpg\" \/>\n\t<meta property=\"og:image:width\" content=\"2200\" \/>\n\t<meta property=\"og:image:height\" content=\"1467\" \/>\n\t<meta property=\"og:image:type\" content=\"image\/jpeg\" \/>\n<meta name=\"twitter:card\" content=\"summary_large_image\" \/>\n<meta name=\"twitter:label1\" content=\"Est. reading time\" \/>\n\t<meta name=\"twitter:data1\" content=\"1 minute\" \/>\n<script type=\"application\/ld+json\" class=\"yoast-schema-graph\">{\"@context\":\"https:\\\/\\\/schema.org\",\"@graph\":[{\"@type\":\"WebPage\",\"@id\":\"https:\\\/\\\/domaine-poulaines.com\\\/de\\\/besuchen\\\/sinnvolle-partnerschaften\\\/unternehmens-und-vereinspartnerschaften\\\/\",\"url\":\"https:\\\/\\\/domaine-poulaines.com\\\/de\\\/besuchen\\\/sinnvolle-partnerschaften\\\/unternehmens-und-vereinspartnerschaften\\\/\",\"name\":\"Unternehmens- und Vereinspartnerschaften - Domaine de Poulaines\",\"isPartOf\":{\"@id\":\"https:\\\/\\\/domaine-poulaines.com\\\/de\\\/#website\"},\"primaryImageOfPage\":{\"@id\":\"https:\\\/\\\/domaine-poulaines.com\\\/de\\\/besuchen\\\/sinnvolle-partnerschaften\\\/unternehmens-und-vereinspartnerschaften\\\/#primaryimage\"},\"image\":{\"@id\":\"https:\\\/\\\/domaine-poulaines.com\\\/de\\\/besuchen\\\/sinnvolle-partnerschaften\\\/unternehmens-und-vereinspartnerschaften\\\/#primaryimage\"},\"thumbnailUrl\":\"https:\\\/\\\/domaine-poulaines.com\\\/wp-content\\\/uploads\\\/2024\\\/05\\\/pierre-holley-9.jpg\",\"datePublished\":\"2024-07-29T09:47:41+00:00\",\"dateModified\":\"2025-06-06T12:16:35+00:00\",\"breadcrumb\":{\"@id\":\"https:\\\/\\\/domaine-poulaines.com\\\/de\\\/besuchen\\\/sinnvolle-partnerschaften\\\/unternehmens-und-vereinspartnerschaften\\\/#breadcrumb\"},\"inLanguage\":\"de-DE\",\"potentialAction\":[{\"@type\":\"ReadAction\",\"target\":[\"https:\\\/\\\/domaine-poulaines.com\\\/de\\\/besuchen\\\/sinnvolle-partnerschaften\\\/unternehmens-und-vereinspartnerschaften\\\/\"]}]},{\"@type\":\"ImageObject\",\"inLanguage\":\"de-DE\",\"@id\":\"https:\\\/\\\/domaine-poulaines.com\\\/de\\\/besuchen\\\/sinnvolle-partnerschaften\\\/unternehmens-und-vereinspartnerschaften\\\/#primaryimage\",\"url\":\"https:\\\/\\\/domaine-poulaines.com\\\/wp-content\\\/uploads\\\/2024\\\/05\\\/pierre-holley-9.jpg\",\"contentUrl\":\"https:\\\/\\\/domaine-poulaines.com\\\/wp-content\\\/uploads\\\/2024\\\/05\\\/pierre-holley-9.jpg\",\"width\":2200,\"height\":1467},{\"@type\":\"BreadcrumbList\",\"@id\":\"https:\\\/\\\/domaine-poulaines.com\\\/de\\\/besuchen\\\/sinnvolle-partnerschaften\\\/unternehmens-und-vereinspartnerschaften\\\/#breadcrumb\",\"itemListElement\":[{\"@type\":\"ListItem\",\"position\":1,\"name\":\"Besuchen\",\"item\":\"http:\\\/\\\/poulaines.local\\\/de\\\/besuchen\\\/\"},{\"@type\":\"ListItem\",\"position\":2,\"name\":\"Sinnvolle Partnerschaften\",\"item\":\"https:\\\/\\\/domaine-poulaines.com\\\/de\\\/besuchen\\\/sinnvolle-partnerschaften\\\/\"},{\"@type\":\"ListItem\",\"position\":3,\"name\":\"Unternehmens- und Vereinspartnerschaften\"}]},{\"@type\":\"WebSite\",\"@id\":\"https:\\\/\\\/domaine-poulaines.com\\\/de\\\/#website\",\"url\":\"https:\\\/\\\/domaine-poulaines.com\\\/de\\\/\",\"name\":\"Domaine de Poulaines\",\"description\":\"\",\"publisher\":{\"@id\":\"https:\\\/\\\/domaine-poulaines.com\\\/de\\\/#organization\"},\"potentialAction\":[{\"@type\":\"SearchAction\",\"target\":{\"@type\":\"EntryPoint\",\"urlTemplate\":\"https:\\\/\\\/domaine-poulaines.com\\\/de\\\/?s={search_term_string}\"},\"query-input\":{\"@type\":\"PropertyValueSpecification\",\"valueRequired\":true,\"valueName\":\"search_term_string\"}}],\"inLanguage\":\"de-DE\"},{\"@type\":\"Organization\",\"@id\":\"https:\\\/\\\/domaine-poulaines.com\\\/de\\\/#organization\",\"name\":\"Domaine de Poulaines\",\"url\":\"https:\\\/\\\/domaine-poulaines.com\\\/de\\\/\",\"logo\":{\"@type\":\"ImageObject\",\"inLanguage\":\"de-DE\",\"@id\":\"https:\\\/\\\/domaine-poulaines.com\\\/de\\\/#\\\/schema\\\/logo\\\/image\\\/\",\"url\":\"https:\\\/\\\/domaine-poulaines.com\\\/wp-content\\\/uploads\\\/2024\\\/04\\\/logo-domaine-de-poulaines.png\",\"contentUrl\":\"https:\\\/\\\/domaine-poulaines.com\\\/wp-content\\\/uploads\\\/2024\\\/04\\\/logo-domaine-de-poulaines.png\",\"width\":191,\"height\":120,\"caption\":\"Domaine de Poulaines\"},\"image\":{\"@id\":\"https:\\\/\\\/domaine-poulaines.com\\\/de\\\/#\\\/schema\\\/logo\\\/image\\\/\"},\"sameAs\":[\"https:\\\/\\\/www.facebook.com\\\/DomainePoulaines\\\/\",\"https:\\\/\\\/www.linkedin.com\\\/company\\\/jardins-et-arboretum-de-poulaines\\\/\",\"https:\\\/\\\/www.instagram.com\\\/domainedepoulaines\\\/\",\"https:\\\/\\\/www.youtube.com\\\/channel\\\/UCxescyCx_IYtzsYbbuh7PJQ\"]}]}<\/script>\n<!-- \/ Yoast SEO plugin. -->","yoast_head_json":{"title":"Unternehmens- und Vereinspartnerschaften - Domaine de Poulaines","robots":{"index":"index","follow":"follow","max-snippet":"max-snippet:-1","max-image-preview":"max-image-preview:large","max-video-preview":"max-video-preview:-1"},"canonical":"https:\/\/domaine-poulaines.com\/de\/besuchen\/sinnvolle-partnerschaften\/unternehmens-und-vereinspartnerschaften\/","og_locale":"de_DE","og_type":"article","og_title":"Unternehmens- und Vereinspartnerschaften - Domaine de Poulaines","og_url":"https:\/\/domaine-poulaines.com\/de\/besuchen\/sinnvolle-partnerschaften\/unternehmens-und-vereinspartnerschaften\/","og_site_name":"Domaine de Poulaines","article_publisher":"https:\/\/www.facebook.com\/DomainePoulaines\/","article_modified_time":"2025-06-06T12:16:35+00:00","og_image":[{"width":2200,"height":1467,"url":"https:\/\/domaine-poulaines.com\/wp-content\/uploads\/2024\/05\/pierre-holley-9.jpg","type":"image\/jpeg"}],"twitter_card":"summary_large_image","twitter_misc":{"Est. reading time":"1 minute"},"schema":{"@context":"https:\/\/schema.org","@graph":[{"@type":"WebPage","@id":"https:\/\/domaine-poulaines.com\/de\/besuchen\/sinnvolle-partnerschaften\/unternehmens-und-vereinspartnerschaften\/","url":"https:\/\/domaine-poulaines.com\/de\/besuchen\/sinnvolle-partnerschaften\/unternehmens-und-vereinspartnerschaften\/","name":"Unternehmens- und Vereinspartnerschaften - Domaine de Poulaines","isPartOf":{"@id":"https:\/\/domaine-poulaines.com\/de\/#website"},"primaryImageOfPage":{"@id":"https:\/\/domaine-poulaines.com\/de\/besuchen\/sinnvolle-partnerschaften\/unternehmens-und-vereinspartnerschaften\/#primaryimage"},"image":{"@id":"https:\/\/domaine-poulaines.com\/de\/besuchen\/sinnvolle-partnerschaften\/unternehmens-und-vereinspartnerschaften\/#primaryimage"},"thumbnailUrl":"https:\/\/domaine-poulaines.com\/wp-content\/uploads\/2024\/05\/pierre-holley-9.jpg","datePublished":"2024-07-29T09:47:41+00:00","dateModified":"2025-06-06T12:16:35+00:00","breadcrumb":{"@id":"https:\/\/domaine-poulaines.com\/de\/besuchen\/sinnvolle-partnerschaften\/unternehmens-und-vereinspartnerschaften\/#breadcrumb"},"inLanguage":"de-DE","potentialAction":[{"@type":"ReadAction","target":["https:\/\/domaine-poulaines.com\/de\/besuchen\/sinnvolle-partnerschaften\/unternehmens-und-vereinspartnerschaften\/"]}]},{"@type":"ImageObject","inLanguage":"de-DE","@id":"https:\/\/domaine-poulaines.com\/de\/besuchen\/sinnvolle-partnerschaften\/unternehmens-und-vereinspartnerschaften\/#primaryimage","url":"https:\/\/domaine-poulaines.com\/wp-content\/uploads\/2024\/05\/pierre-holley-9.jpg","contentUrl":"https:\/\/domaine-poulaines.com\/wp-content\/uploads\/2024\/05\/pierre-holley-9.jpg","width":2200,"height":1467},{"@type":"BreadcrumbList","@id":"https:\/\/domaine-poulaines.com\/de\/besuchen\/sinnvolle-partnerschaften\/unternehmens-und-vereinspartnerschaften\/#breadcrumb","itemListElement":[{"@type":"ListItem","position":1,"name":"Besuchen","item":"http:\/\/poulaines.local\/de\/besuchen\/"},{"@type":"ListItem","position":2,"name":"Sinnvolle Partnerschaften","item":"https:\/\/domaine-poulaines.com\/de\/besuchen\/sinnvolle-partnerschaften\/"},{"@type":"ListItem","position":3,"name":"Unternehmens- und Vereinspartnerschaften"}]},{"@type":"WebSite","@id":"https:\/\/domaine-poulaines.com\/de\/#website","url":"https:\/\/domaine-poulaines.com\/de\/","name":"Domaine de Poulaines","description":"","publisher":{"@id":"https:\/\/domaine-poulaines.com\/de\/#organization"},"potentialAction":[{"@type":"SearchAction","target":{"@type":"EntryPoint","urlTemplate":"https:\/\/domaine-poulaines.com\/de\/?s={search_term_string}"},"query-input":{"@type":"PropertyValueSpecification","valueRequired":true,"valueName":"search_term_string"}}],"inLanguage":"de-DE"},{"@type":"Organization","@id":"https:\/\/domaine-poulaines.com\/de\/#organization","name":"Domaine de Poulaines","url":"https:\/\/domaine-poulaines.com\/de\/","logo":{"@type":"ImageObject","inLanguage":"de-DE","@id":"https:\/\/domaine-poulaines.com\/de\/#\/schema\/logo\/image\/","url":"https:\/\/domaine-poulaines.com\/wp-content\/uploads\/2024\/04\/logo-domaine-de-poulaines.png","contentUrl":"https:\/\/domaine-poulaines.com\/wp-content\/uploads\/2024\/04\/logo-domaine-de-poulaines.png","width":191,"height":120,"caption":"Domaine de Poulaines"},"image":{"@id":"https:\/\/domaine-poulaines.com\/de\/#\/schema\/logo\/image\/"},"sameAs":["https:\/\/www.facebook.com\/DomainePoulaines\/","https:\/\/www.linkedin.com\/company\/jardins-et-arboretum-de-poulaines\/","https:\/\/www.instagram.com\/domainedepoulaines\/","https:\/\/www.youtube.com\/channel\/UCxescyCx_IYtzsYbbuh7PJQ"]}]}},"_links":{"self":[{"href":"https:\/\/domaine-poulaines.com\/de\/wp-json\/wp\/v2\/pages\/6098","targetHints":{"allow":["GET"]}}],"collection":[{"href":"https:\/\/domaine-poulaines.com\/de\/wp-json\/wp\/v2\/pages"}],"about":[{"href":"https:\/\/domaine-poulaines.com\/de\/wp-json\/wp\/v2\/types\/page"}],"author":[{"embeddable":true,"href":"https:\/\/domaine-poulaines.com\/de\/wp-json\/wp\/v2\/users\/5"}],"replies":[{"embeddable":true,"href":"https:\/\/domaine-poulaines.com\/de\/wp-json\/wp\/v2\/comments?post=6098"}],"version-history":[{"count":2,"href":"https:\/\/domaine-poulaines.com\/de\/wp-json\/wp\/v2\/pages\/6098\/revisions"}],"predecessor-version":[{"id":6492,"href":"https:\/\/domaine-poulaines.com\/de\/wp-json\/wp\/v2\/pages\/6098\/revisions\/6492"}],"up":[{"embeddable":true,"href":"https:\/\/domaine-poulaines.com\/de\/wp-json\/wp\/v2\/pages\/905"}],"wp:featuredmedia":[{"embeddable":true,"href":"https:\/\/domaine-poulaines.com\/de\/wp-json\/wp\/v2\/media\/5907"}],"wp:attachment":[{"href":"https:\/\/domaine-poulaines.com\/de\/wp-json\/wp\/v2\/media?parent=6098"}],"curies":[{"name":"wp","href":"https:\/\/api.w.org\/{rel}","templated":true}]}}