{"id":5572,"date":"2024-03-28T11:57:27","date_gmt":"2024-03-28T10:57:27","guid":{"rendered":"https:\/\/domaine-poulaines.preprodgcom.com\/?page_id=5572"},"modified":"2025-02-19T12:15:46","modified_gmt":"2025-02-19T11:15:46","slug":"schulgruppen","status":"publish","type":"page","link":"https:\/\/domaine-poulaines.com\/de\/schulgruppen\/","title":{"rendered":"Schulgruppen"},"content":{"rendered":"\r\n<section class=\"bloc bloc--gcom bloc--colonnes bloc--colonnes--1 \r\n\r\n\">\r\n\r\n    <div class=\"frow gutters items-center\">\r\n\r\n\r\n        \r\n        \n\n<div class=\"wp-block-column col-md-1-14 is-layout-flow wp-block-column-is-layout-flow\"><\/div>\n\n\n\n<div class=\"wp-block-column col-md-6-14 is-layout-flow wp-block-column-is-layout-flow\">\r\n<section class=\"bloc bloc--gcom bloc--texte  bloc--padding-top--0\r\nbloc--padding-bottom--0\">\r\n\r\n    <div class=\"frow justify-center\">\r\n        <div class=\"col-md-12-14\">\r\n            <h2>\u00d6ffnung<\/h2>\n<h3>HOCHSAISON<\/h3>\n<p style=\"font-size: 16px;font-weight: 400\"><strong>\u00d6ffnungstermine:<\/strong><\/p>\n<ul style=\"font-size: 16px;font-weight: 400\">\n<li>Vom 17. April bis 3. November 2024<\/li>\n<\/ul>\n<p style=\"font-size: 16px;font-weight: 400\"><strong>Zeitpl\u00e4ne:<\/strong><\/p>\n<ul style=\"font-size: 16px;font-weight: 400\">\n<li>In Woche: von 10 bis 17 Uhr<\/li>\n<\/ul>\n        <\/div>\r\n    <\/div>\r\n\r\n<\/section><\/div>\n\n\n\n<div class=\"wp-block-column col-md-6-14 is-layout-flow wp-block-column-is-layout-flow\">\r\n<section class=\"bloc bloc--gcom bloc--texte  bloc--padding-top--0\r\nbloc--padding-bottom--0\">\r\n\r\n    <div class=\"frow justify-center\">\r\n        <div class=\"col-md-12-14\">\r\n            <h2>Preise<\/h2>\n<h3>Gef\u00fchrte Gruppenreise (ab 15 Personen)<\/h3>\n<h4>F\u00fchrung \u201eG\u00e4rten\u201c<\/h4>\n<p>Vom Eigent\u00fcmer oder einem G\u00e4rtner.<br \/>\n<strong>1:15 Uhr ca. :<\/strong> 12 \u20ac\/Person und 5 \u20ac\/Kind<\/p>\n<h4>F\u00fchrung \u201eG\u00e4rten und Geschichte\u201c<\/h4>\n<p>\u00dcber den Eigent\u00fcmer Zugang zum Taubenschlag und den Kellern des Herrenhauses.<br \/>\n<strong>2 Stunden ca. :<\/strong> 15 \u20ac\/Person und 5 \u20ac\/Kind<\/p>\n<p>&nbsp;<\/p>\n<h3>Kostenlose Gruppenf\u00fchrung (ab 15 Personen)<\/h3>\n<p><strong>Erwachsene<\/strong>: 8 \u20ac\/Person<br \/>\n<strong>Kind<\/strong>: 5 \u20ac\/Kind<br \/>\n<strong>Sch\u00fcler und Freizeitzentrum<\/strong>: 4 \u20ac\/Kind<\/p>\n<p><a class=\"bouton bouton--brique\" href=\"https:\/\/domaine-poulaines.com\/de\/kontakt\/\">Kontaktiere uns<\/a><\/p>\n        <\/div>\r\n    <\/div>\r\n\r\n<\/section><\/div>\n\n\n\n<div class=\"wp-block-column col-md-1-14 is-layout-flow wp-block-column-is-layout-flow\"><\/div>\n\n\r\n    <\/div>\r\n<\/section>\r\n\n\n\r\n<section class=\"bloc bloc--gcom bloc--colonnes bloc--colonnes--1 \r\n\r\n\">\r\n\r\n    <div class=\"frow gutters items-center\">\r\n\r\n\r\n        \r\n        \n\n<div class=\"wp-block-column col-md-1-14 is-layout-flow wp-block-column-is-layout-flow\"><\/div>\n\n\n\n<div class=\"wp-block-column col-md-6-14 is-layout-flow wp-block-column-is-layout-flow\">\r\n<section class=\"bloc bloc--gcom bloc--texte  bloc--padding-top--0\r\nbloc--padding-bottom--0\">\r\n\r\n    <div class=\"frow justify-center\">\r\n        <div class=\"col-md-12-14\">\r\n            <h2>Dienstleistungen<\/h2>\n<ul style=\"font-size: 16px;font-weight: 400\">\n<li>Gastgebersprachen: Franz\u00f6sisch und Englisch<\/li>\n<li>Der Zutritt ist f\u00fcr Hunde an der Leine gestattet<\/li>\n<li>Spieleheft f\u00fcr Kinder mit Heft f\u00fcr Eltern (3 \u20ac)<\/li>\n<li>Sanit\u00e4ranlagen im Park<\/li>\n<li>Teilweiser PMR-Zugang: Wir entschuldigen uns daf\u00fcr, dass wir derzeit keine sanit\u00e4ren Einrichtungen f\u00fcr PRMs anbieten k\u00f6nnen<\/li>\n<\/ul>\n        <\/div>\r\n    <\/div>\r\n\r\n<\/section><\/div>\n\n\n\n<div class=\"wp-block-column col-md-6-14 is-layout-flow wp-block-column-is-layout-flow\">\r\n<section class=\"bloc bloc--gcom bloc--media  bloc--padding-top--0\r\nbloc--padding-bottom--0\">\r\n\r\n    <div class=\"frow justify-center\">\r\n\r\n        <div class=\"col-md-12-14 col--media\">\r\n                            <figure class=\"frow justify-center\">\r\n                    <img decoding=\"async\" width=\"1920\" height=\"968\" src=\"https:\/\/domaine-poulaines.com\/wp-content\/uploads\/2024\/03\/dscn8619-copie-1-1.jpg\" class=\"attachment-fullhd size-fullhd\" alt=\"\" loading=\"lazy\" srcset=\"https:\/\/domaine-poulaines.com\/wp-content\/uploads\/2024\/03\/dscn8619-copie-1-1.jpg 1920w, https:\/\/domaine-poulaines.com\/wp-content\/uploads\/2024\/03\/dscn8619-copie-1-1-600x303.jpg 600w, https:\/\/domaine-poulaines.com\/wp-content\/uploads\/2024\/03\/dscn8619-copie-1-1-1024x516.jpg 1024w, https:\/\/domaine-poulaines.com\/wp-content\/uploads\/2024\/03\/dscn8619-copie-1-1-768x387.jpg 768w\" sizes=\"auto, (max-width: 1920px) 100vw, 1920px\" \/>                                    <\/figure>\r\n                    <\/div>\r\n\r\n    <\/div>\r\n\r\n<\/section><\/div>\n\n\n\n<div class=\"wp-block-column col-md-1-14 is-layout-flow wp-block-column-is-layout-flow\"><\/div>\n\n\r\n    <\/div>\r\n<\/section>\r\n\n\n\r\n<section class=\"bloc bloc--gcom bloc--colonnes bloc--colonnes--2 \r\n\r\n\">\r\n\r\n    <div class=\"frow gutters items-start\">\r\n\r\n\r\n        \r\n        \n\n<div class=\"wp-block-column col-md-1-14 is-layout-flow wp-block-column-is-layout-flow\"><\/div>\n\n\n\n<div class=\"wp-block-column col-md-4-14 is-layout-flow wp-block-column-is-layout-flow\">\r\n<section class=\"bloc bloc--gcom bloc--media  bloc--padding-top--0\r\nbloc--padding-bottom--0\">\r\n\r\n    <div class=\"frow justify-center\">\r\n\r\n        <div class=\"col-md-14-14 col--media\">\r\n                            <figure class=\"frow justify-center\">\r\n                    <img decoding=\"async\" width=\"600\" height=\"400\" src=\"https:\/\/domaine-poulaines.com\/wp-content\/uploads\/2024\/03\/39749a0-rendez-vous-aux-poulaines-indre-1.jpg\" class=\"attachment-fullhd size-fullhd\" alt=\"\" loading=\"lazy\" \/>                                    <\/figure>\r\n                    <\/div>\r\n\r\n    <\/div>\r\n\r\n<\/section>\n\n\r\n<section class=\"bloc bloc--gcom bloc--texte  bloc--padding-top--petit\r\nbloc--padding-bottom--0\">\r\n\r\n    <div class=\"frow justify-center\">\r\n        <div class=\"col-md-14-14\">\r\n            <h2>Wiederherstellung<\/h2>\n<p style=\"font-size: 16px;font-weight: 400\">Reservierung eines Picknicks (<em>mindestens 3 Tage im Voraus<\/em>)<\/p>\n<div style=\"font-size: 16px;font-weight: 400\">\n<div class=\"onglet--tarifs__ligne\">\n<div class=\"onglet--tarifs__intitule\">Formel Nr.1<span class=\"onglet--tarifs__info\">Piemontesischer Salat + Kartoffelpuffer + Apfelt\u00f6rtchen+ Wasserflasche<\/span><\/div>\n<div class=\"onglet--tarifs__prix\">14 \u20ac<\/div>\n<\/div>\n<div class=\"onglet--tarifs__ligne\">\n<div class=\"onglet--tarifs__intitule\">Formel Nr.2<span class=\"onglet--tarifs__info\">\u00a0Piemeontaise-Salat + Lachs- oder Schinken-Clubsandwich + Apfelt\u00f6rtchen+Wasserflasche<\/span><\/div>\n<div class=\"onglet--tarifs__prix\">15.50 \u20ac<\/div>\n<div>2 Lunchpakete und 1 Snackpaket sind auf Reservierung erh\u00e4ltlich.<\/div>\n<\/div>\n<\/div>\n        <\/div>\r\n    <\/div>\r\n\r\n<\/section><\/div>\n\n\n\n<div class=\"wp-block-column col-md-4-14 is-layout-flow wp-block-column-is-layout-flow\">\r\n<section class=\"bloc bloc--gcom bloc--media  bloc--padding-top--0\r\nbloc--padding-bottom--0\">\r\n\r\n    <div class=\"frow justify-center\">\r\n\r\n        <div class=\"col-md-14-14 col--media\">\r\n                            <figure class=\"frow justify-center\">\r\n                    <img decoding=\"async\" width=\"1024\" height=\"683\" src=\"https:\/\/domaine-poulaines.com\/wp-content\/uploads\/2022\/02\/webthv2019_poulaines-objets-boutique-8354-1024x683-1.jpg\" class=\"attachment-fullhd size-fullhd\" alt=\"\" loading=\"lazy\" srcset=\"https:\/\/domaine-poulaines.com\/wp-content\/uploads\/2022\/02\/webthv2019_poulaines-objets-boutique-8354-1024x683-1.jpg 1024w, https:\/\/domaine-poulaines.com\/wp-content\/uploads\/2022\/02\/webthv2019_poulaines-objets-boutique-8354-1024x683-1-600x400.jpg 600w, https:\/\/domaine-poulaines.com\/wp-content\/uploads\/2022\/02\/webthv2019_poulaines-objets-boutique-8354-1024x683-1-768x512.jpg 768w\" sizes=\"auto, (max-width: 1024px) 100vw, 1024px\" \/>                                    <\/figure>\r\n                    <\/div>\r\n\r\n    <\/div>\r\n\r\n<\/section>\n\n\r\n<section class=\"bloc bloc--gcom bloc--texte  bloc--padding-top--petit\r\nbloc--padding-bottom--0\">\r\n\r\n    <div class=\"frow justify-center\">\r\n        <div class=\"col-md-14-14\">\r\n            <h2>Gesch\u00e4ft<\/h2>\n<p style=\"font-size: 16px;font-weight: 400\">K\u00f6rbe, Objekte aus Berry-Schafsleder, Terrakotta-T\u00f6pfe, chinesische Brennnessel- und Palmstrohh\u00fcte&#8230; Wir m\u00f6chten das vielf\u00e4ltige Know-how unserer Region f\u00f6rdern und die Lebenskunst auf der Domaine pflegen. Dar\u00fcber hinaus bieten wir Ihnen eine einzigartige Auswahl an Objekten, die von lokalen Designern f\u00fcr die Domaine entworfen wurden.<\/p>\n<p style=\"font-size: 16px;font-weight: 400\"><a class=\"bouton bouton--brique\" href=\"https:\/\/centrevaldeloire-mb-prestataire.for-system.com\/f117404_fr-.aspx\" target=\"_blank\" rel=\"noopener\">Online Shop<\/a><\/p>\n        <\/div>\r\n    <\/div>\r\n\r\n<\/section><\/div>\n\n\n\n<div class=\"wp-block-column col-md-4-14 is-layout-flow wp-block-column-is-layout-flow\">\r\n<section class=\"bloc bloc--gcom bloc--media  bloc--padding-top--0\r\nbloc--padding-bottom--0\">\r\n\r\n    <div class=\"frow justify-center\">\r\n\r\n        <div class=\"col-md-14-14 col--media\">\r\n                            <figure class=\"frow justify-center\">\r\n                    <img decoding=\"async\" width=\"1833\" height=\"1200\" src=\"https:\/\/domaine-poulaines.com\/wp-content\/uploads\/2024\/03\/salon-the-02-1-1833x1200.jpg\" class=\"attachment-fullhd size-fullhd\" alt=\"\" loading=\"lazy\" srcset=\"https:\/\/domaine-poulaines.com\/wp-content\/uploads\/2024\/03\/salon-the-02-1-1833x1200.jpg 1833w, https:\/\/domaine-poulaines.com\/wp-content\/uploads\/2024\/03\/salon-the-02-1-600x393.jpg 600w, https:\/\/domaine-poulaines.com\/wp-content\/uploads\/2024\/03\/salon-the-02-1-1024x670.jpg 1024w, https:\/\/domaine-poulaines.com\/wp-content\/uploads\/2024\/03\/salon-the-02-1-768x503.jpg 768w, https:\/\/domaine-poulaines.com\/wp-content\/uploads\/2024\/03\/salon-the-02-1.jpg 1920w\" sizes=\"auto, (max-width: 1833px) 100vw, 1833px\" \/>                                    <\/figure>\r\n                    <\/div>\r\n\r\n    <\/div>\r\n\r\n<\/section>\n\n\r\n<section class=\"bloc bloc--gcom bloc--texte  bloc--padding-top--petit\r\nbloc--padding-bottom--0\">\r\n\r\n    <div class=\"frow justify-center\">\r\n        <div class=\"col-md-14-14\">\r\n            <h2>Tee Raum<\/h2>\n<p style=\"font-size: 16px;font-weight: 400\">Hier finden Sie eine Auswahl an Mariage Fr\u00e8res-Tees, Richard-Kaffeesorten sowie ein Bouquet an Aromen vergangener Zeiten durch unsere Zitronen-Ingwer-Limonade, unsere hausgemachten Marmeladen und Fruchts\u00e4fte.<br \/>\nLassen Sie Gartenprodukte ohne M\u00e4\u00dfigung verzehren, um sich mit Vitaminen einzudecken. Unser nachhaltiger Anbau garantiert Ihnen pestizidfreie Produkte voller Geschmack.<br \/>\nUm die Umwelt besser zu schonen, bestehen unsere stillen Wasserflaschen aus Glas und sind wiederverwendbar.<\/p>\n        <\/div>\r\n    <\/div>\r\n\r\n<\/section><\/div>\n\n\n\n<div class=\"wp-block-column col-md-1-14 is-layout-flow wp-block-column-is-layout-flow\"><\/div>\n\n\r\n    <\/div>\r\n<\/section>\r\n\n\n\r\n<section class=\"bloc bloc--gcom bloc--colonnes bloc--colonnes--1 \r\n\r\n\">\r\n\r\n    <div class=\"frow gutters items-center\">\r\n\r\n\r\n        \r\n        \n\n<div class=\"wp-block-column col-md-1-14 is-layout-flow wp-block-column-is-layout-flow\"><\/div>\n\n\n\n<div class=\"wp-block-column col-md-6-14 is-layout-flow wp-block-column-is-layout-flow\">\r\n<section class=\"bloc bloc--gcom bloc--texte  bloc--padding-top--0\r\nbloc--padding-bottom--0\">\r\n\r\n    <div class=\"frow justify-center\">\r\n        <div class=\"col-md-14-14\">\r\n            <p><a href=\"https:\/\/domaine-poulaines.com\/contact\/\"><img loading=\"lazy\" decoding=\"async\" width=\"600\" height=\"600\" class=\"img-responsive alignnone size-medium wp-image-5522\" src=\"https:\/\/domaine-poulaines.com\/wp-content\/uploads\/2024\/03\/carte_contact-600x600.jpg\" alt=\"\" srcset=\"https:\/\/domaine-poulaines.com\/wp-content\/uploads\/2024\/03\/carte_contact-600x600.jpg 600w, https:\/\/domaine-poulaines.com\/wp-content\/uploads\/2024\/03\/carte_contact-150x150.jpg 150w, https:\/\/domaine-poulaines.com\/wp-content\/uploads\/2024\/03\/carte_contact-768x768.jpg 768w, https:\/\/domaine-poulaines.com\/wp-content\/uploads\/2024\/03\/carte_contact-350x350.jpg 350w, https:\/\/domaine-poulaines.com\/wp-content\/uploads\/2024\/03\/carte_contact.jpg 885w\" sizes=\"auto, (max-width: 600px) 100vw, 600px\" \/><\/a><\/p>\n        <\/div>\r\n    <\/div>\r\n\r\n<\/section><\/div>\n\n\n\n<div class=\"wp-block-column col-md-6-14 is-layout-flow wp-block-column-is-layout-flow\">\r\n<section class=\"bloc bloc--gcom bloc--texte  bloc--padding-top--0\r\nbloc--padding-bottom--0\">\r\n\r\n    <div class=\"frow justify-center\">\r\n        <div class=\"col-md-12-14\">\r\n            <h2>Zugang<\/h2>\n<h3>Ein Kleid<\/h3>\n<p style=\"font-size: 16px;font-weight: 400\">Domaine de Poulaines<br \/>\n11 rue du Ch\u00e2teau<br \/>\n36210 Poulaines<\/p>\n<h3>Stationierung<\/h3>\n<p style=\"font-size: 16px;font-weight: 400\">Kostenlose Parkpl\u00e4tze am Dorfplatz<br \/>\nM\u00f6glichkeit, Ihr Fahrrad am Eingang des Anwesens abzustellen<\/p>\n<p style=\"font-size: 16px;font-weight: 400\"><a class=\"bouton bouton--brique\" href=\"https:\/\/domaine-poulaines.com\/de\/kontakt\/\">Kontaktiere uns<\/a><\/p>\n        <\/div>\r\n    <\/div>\r\n\r\n<\/section><\/div>\n\n\n\n<div class=\"wp-block-column col-md-1-14 is-layout-flow wp-block-column-is-layout-flow\"><\/div>\n\n\r\n    <\/div>\r\n<\/section>\r\n","protected":false},"excerpt":{"rendered":"","protected":false},"author":5,"featured_media":2229,"parent":0,"menu_order":0,"comment_status":"closed","ping_status":"closed","template":"","meta":{"_acf_changed":false,"footnotes":""},"class_list":["post-5572","page","type-page","status-publish","has-post-thumbnail","hentry"],"acf":[],"yoast_head":"<!-- This site is optimized with the Yoast SEO plugin v27.3 - https:\/\/yoast.com\/product\/yoast-seo-wordpress\/ -->\n<title>Schulgruppen - Domaine de Poulaines<\/title>\n<meta name=\"robots\" content=\"index, follow, max-snippet:-1, max-image-preview:large, max-video-preview:-1\" \/>\n<link rel=\"canonical\" href=\"https:\/\/domaine-poulaines.com\/de\/schulgruppen\/\" \/>\n<meta property=\"og:locale\" content=\"de_DE\" \/>\n<meta property=\"og:type\" content=\"article\" \/>\n<meta property=\"og:title\" content=\"Schulgruppen - Domaine de Poulaines\" \/>\n<meta property=\"og:url\" content=\"https:\/\/domaine-poulaines.com\/de\/schulgruppen\/\" \/>\n<meta property=\"og:site_name\" content=\"Domaine de Poulaines\" \/>\n<meta property=\"article:publisher\" content=\"https:\/\/www.facebook.com\/DomainePoulaines\/\" \/>\n<meta property=\"article:modified_time\" content=\"2025-02-19T11:15:46+00:00\" \/>\n<meta property=\"og:image\" content=\"https:\/\/domaine-poulaines.com\/wp-content\/uploads\/2022\/01\/printemps.jpg\" \/>\n\t<meta property=\"og:image:width\" content=\"2200\" \/>\n\t<meta property=\"og:image:height\" content=\"1468\" \/>\n\t<meta property=\"og:image:type\" content=\"image\/jpeg\" \/>\n<meta name=\"twitter:card\" content=\"summary_large_image\" \/>\n<meta name=\"twitter:label1\" content=\"Est. reading time\" \/>\n\t<meta name=\"twitter:data1\" content=\"1 minute\" \/>\n<script type=\"application\/ld+json\" class=\"yoast-schema-graph\">{\"@context\":\"https:\\\/\\\/schema.org\",\"@graph\":[{\"@type\":\"WebPage\",\"@id\":\"https:\\\/\\\/domaine-poulaines.com\\\/de\\\/schulgruppen\\\/\",\"url\":\"https:\\\/\\\/domaine-poulaines.com\\\/de\\\/schulgruppen\\\/\",\"name\":\"Schulgruppen - Domaine de Poulaines\",\"isPartOf\":{\"@id\":\"https:\\\/\\\/domaine-poulaines.com\\\/de\\\/#website\"},\"primaryImageOfPage\":{\"@id\":\"https:\\\/\\\/domaine-poulaines.com\\\/de\\\/schulgruppen\\\/#primaryimage\"},\"image\":{\"@id\":\"https:\\\/\\\/domaine-poulaines.com\\\/de\\\/schulgruppen\\\/#primaryimage\"},\"thumbnailUrl\":\"https:\\\/\\\/domaine-poulaines.com\\\/wp-content\\\/uploads\\\/2022\\\/01\\\/printemps.jpg\",\"datePublished\":\"2024-03-28T10:57:27+00:00\",\"dateModified\":\"2025-02-19T11:15:46+00:00\",\"inLanguage\":\"de-DE\",\"potentialAction\":[{\"@type\":\"ReadAction\",\"target\":[\"https:\\\/\\\/domaine-poulaines.com\\\/de\\\/schulgruppen\\\/\"]}]},{\"@type\":\"ImageObject\",\"inLanguage\":\"de-DE\",\"@id\":\"https:\\\/\\\/domaine-poulaines.com\\\/de\\\/schulgruppen\\\/#primaryimage\",\"url\":\"https:\\\/\\\/domaine-poulaines.com\\\/wp-content\\\/uploads\\\/2022\\\/01\\\/printemps.jpg\",\"contentUrl\":\"https:\\\/\\\/domaine-poulaines.com\\\/wp-content\\\/uploads\\\/2022\\\/01\\\/printemps.jpg\",\"width\":2200,\"height\":1468},{\"@type\":\"WebSite\",\"@id\":\"https:\\\/\\\/domaine-poulaines.com\\\/de\\\/#website\",\"url\":\"https:\\\/\\\/domaine-poulaines.com\\\/de\\\/\",\"name\":\"Domaine de Poulaines\",\"description\":\"\",\"publisher\":{\"@id\":\"https:\\\/\\\/domaine-poulaines.com\\\/de\\\/#organization\"},\"potentialAction\":[{\"@type\":\"SearchAction\",\"target\":{\"@type\":\"EntryPoint\",\"urlTemplate\":\"https:\\\/\\\/domaine-poulaines.com\\\/de\\\/?s={search_term_string}\"},\"query-input\":{\"@type\":\"PropertyValueSpecification\",\"valueRequired\":true,\"valueName\":\"search_term_string\"}}],\"inLanguage\":\"de-DE\"},{\"@type\":\"Organization\",\"@id\":\"https:\\\/\\\/domaine-poulaines.com\\\/de\\\/#organization\",\"name\":\"Domaine de Poulaines\",\"url\":\"https:\\\/\\\/domaine-poulaines.com\\\/de\\\/\",\"logo\":{\"@type\":\"ImageObject\",\"inLanguage\":\"de-DE\",\"@id\":\"https:\\\/\\\/domaine-poulaines.com\\\/de\\\/#\\\/schema\\\/logo\\\/image\\\/\",\"url\":\"https:\\\/\\\/domaine-poulaines.com\\\/wp-content\\\/uploads\\\/2024\\\/04\\\/logo-domaine-de-poulaines.png\",\"contentUrl\":\"https:\\\/\\\/domaine-poulaines.com\\\/wp-content\\\/uploads\\\/2024\\\/04\\\/logo-domaine-de-poulaines.png\",\"width\":191,\"height\":120,\"caption\":\"Domaine de Poulaines\"},\"image\":{\"@id\":\"https:\\\/\\\/domaine-poulaines.com\\\/de\\\/#\\\/schema\\\/logo\\\/image\\\/\"},\"sameAs\":[\"https:\\\/\\\/www.facebook.com\\\/DomainePoulaines\\\/\",\"https:\\\/\\\/www.linkedin.com\\\/company\\\/jardins-et-arboretum-de-poulaines\\\/\",\"https:\\\/\\\/www.instagram.com\\\/domainedepoulaines\\\/\",\"https:\\\/\\\/www.youtube.com\\\/channel\\\/UCxescyCx_IYtzsYbbuh7PJQ\"]}]}<\/script>\n<!-- \/ Yoast SEO plugin. -->","yoast_head_json":{"title":"Schulgruppen - Domaine de Poulaines","robots":{"index":"index","follow":"follow","max-snippet":"max-snippet:-1","max-image-preview":"max-image-preview:large","max-video-preview":"max-video-preview:-1"},"canonical":"https:\/\/domaine-poulaines.com\/de\/schulgruppen\/","og_locale":"de_DE","og_type":"article","og_title":"Schulgruppen - Domaine de Poulaines","og_url":"https:\/\/domaine-poulaines.com\/de\/schulgruppen\/","og_site_name":"Domaine de Poulaines","article_publisher":"https:\/\/www.facebook.com\/DomainePoulaines\/","article_modified_time":"2025-02-19T11:15:46+00:00","og_image":[{"width":2200,"height":1468,"url":"https:\/\/domaine-poulaines.com\/wp-content\/uploads\/2022\/01\/printemps.jpg","type":"image\/jpeg"}],"twitter_card":"summary_large_image","twitter_misc":{"Est. reading time":"1 minute"},"schema":{"@context":"https:\/\/schema.org","@graph":[{"@type":"WebPage","@id":"https:\/\/domaine-poulaines.com\/de\/schulgruppen\/","url":"https:\/\/domaine-poulaines.com\/de\/schulgruppen\/","name":"Schulgruppen - Domaine de Poulaines","isPartOf":{"@id":"https:\/\/domaine-poulaines.com\/de\/#website"},"primaryImageOfPage":{"@id":"https:\/\/domaine-poulaines.com\/de\/schulgruppen\/#primaryimage"},"image":{"@id":"https:\/\/domaine-poulaines.com\/de\/schulgruppen\/#primaryimage"},"thumbnailUrl":"https:\/\/domaine-poulaines.com\/wp-content\/uploads\/2022\/01\/printemps.jpg","datePublished":"2024-03-28T10:57:27+00:00","dateModified":"2025-02-19T11:15:46+00:00","inLanguage":"de-DE","potentialAction":[{"@type":"ReadAction","target":["https:\/\/domaine-poulaines.com\/de\/schulgruppen\/"]}]},{"@type":"ImageObject","inLanguage":"de-DE","@id":"https:\/\/domaine-poulaines.com\/de\/schulgruppen\/#primaryimage","url":"https:\/\/domaine-poulaines.com\/wp-content\/uploads\/2022\/01\/printemps.jpg","contentUrl":"https:\/\/domaine-poulaines.com\/wp-content\/uploads\/2022\/01\/printemps.jpg","width":2200,"height":1468},{"@type":"WebSite","@id":"https:\/\/domaine-poulaines.com\/de\/#website","url":"https:\/\/domaine-poulaines.com\/de\/","name":"Domaine de Poulaines","description":"","publisher":{"@id":"https:\/\/domaine-poulaines.com\/de\/#organization"},"potentialAction":[{"@type":"SearchAction","target":{"@type":"EntryPoint","urlTemplate":"https:\/\/domaine-poulaines.com\/de\/?s={search_term_string}"},"query-input":{"@type":"PropertyValueSpecification","valueRequired":true,"valueName":"search_term_string"}}],"inLanguage":"de-DE"},{"@type":"Organization","@id":"https:\/\/domaine-poulaines.com\/de\/#organization","name":"Domaine de Poulaines","url":"https:\/\/domaine-poulaines.com\/de\/","logo":{"@type":"ImageObject","inLanguage":"de-DE","@id":"https:\/\/domaine-poulaines.com\/de\/#\/schema\/logo\/image\/","url":"https:\/\/domaine-poulaines.com\/wp-content\/uploads\/2024\/04\/logo-domaine-de-poulaines.png","contentUrl":"https:\/\/domaine-poulaines.com\/wp-content\/uploads\/2024\/04\/logo-domaine-de-poulaines.png","width":191,"height":120,"caption":"Domaine de Poulaines"},"image":{"@id":"https:\/\/domaine-poulaines.com\/de\/#\/schema\/logo\/image\/"},"sameAs":["https:\/\/www.facebook.com\/DomainePoulaines\/","https:\/\/www.linkedin.com\/company\/jardins-et-arboretum-de-poulaines\/","https:\/\/www.instagram.com\/domainedepoulaines\/","https:\/\/www.youtube.com\/channel\/UCxescyCx_IYtzsYbbuh7PJQ"]}]}},"_links":{"self":[{"href":"https:\/\/domaine-poulaines.com\/de\/wp-json\/wp\/v2\/pages\/5572","targetHints":{"allow":["GET"]}}],"collection":[{"href":"https:\/\/domaine-poulaines.com\/de\/wp-json\/wp\/v2\/pages"}],"about":[{"href":"https:\/\/domaine-poulaines.com\/de\/wp-json\/wp\/v2\/types\/page"}],"author":[{"embeddable":true,"href":"https:\/\/domaine-poulaines.com\/de\/wp-json\/wp\/v2\/users\/5"}],"replies":[{"embeddable":true,"href":"https:\/\/domaine-poulaines.com\/de\/wp-json\/wp\/v2\/comments?post=5572"}],"version-history":[{"count":4,"href":"https:\/\/domaine-poulaines.com\/de\/wp-json\/wp\/v2\/pages\/5572\/revisions"}],"predecessor-version":[{"id":6346,"href":"https:\/\/domaine-poulaines.com\/de\/wp-json\/wp\/v2\/pages\/5572\/revisions\/6346"}],"wp:featuredmedia":[{"embeddable":true,"href":"https:\/\/domaine-poulaines.com\/de\/wp-json\/wp\/v2\/media\/2229"}],"wp:attachment":[{"href":"https:\/\/domaine-poulaines.com\/de\/wp-json\/wp\/v2\/media?parent=5572"}],"curies":[{"name":"wp","href":"https:\/\/api.w.org\/{rel}","templated":true}]}}