{"id":5563,"date":"2024-03-28T11:31:30","date_gmt":"2024-03-28T10:31:30","guid":{"rendered":"https:\/\/domaine-poulaines.preprodgcom.com\/?page_id=5563"},"modified":"2026-01-27T09:55:47","modified_gmt":"2026-01-27T08:55:47","slug":"oeffnungszeiten-zugang-preise","status":"publish","type":"page","link":"https:\/\/domaine-poulaines.com\/de\/oeffnungszeiten-zugang-preise\/","title":{"rendered":"\u00d6ffnungszeiten, Zugang, Preise"},"content":{"rendered":"\r\n<section class=\"bloc bloc--gcom bloc--colonnes bloc--colonnes--1 \r\n\r\n\">\r\n\r\n    <div class=\"frow gutters items-center\">\r\n\r\n\r\n        \r\n        \n\n<div class=\"wp-block-column col-md-1-14 is-layout-flow wp-block-column-is-layout-flow\"><\/div>\n\n\n\n<div class=\"wp-block-column col-md-6-14 is-layout-flow wp-block-column-is-layout-flow\">\r\n<section class=\"bloc bloc--gcom bloc--texte  bloc--padding-top--0\r\nbloc--padding-bottom--0\">\r\n\r\n    <div class=\"frow justify-center\">\r\n        <div class=\"col-md-12-14\">\r\n            <h2>\u00d6ffnung<\/h2>\n<h3>Nebensaison<\/h3>\n<p>G\u00e4rten, Teestube und Laden<\/p>\n<p><strong>\u00d6ffnungszeiten:<\/strong><\/p>\n<ul>\n<li>April bis 1. Juli 2025<\/li>\n<li>September bis 21. September 2025<\/li>\n<\/ul>\n<p><strong>\u00d6ffnungszeiten:<\/strong><\/p>\n<ul>\n<li>Ge\u00f6ffnet montags, donnerstags, freitags, samstags, sonntags und an Feiertagen<\/li>\n<li>Nachmittags (ohne Reservierung): 14 bis 18 Uhr<\/li>\n<\/ul>\n<p>&nbsp;<\/p>\n<h3>Hauptsaison<\/h3>\n<p><strong>\u00d6ffnungszeiten:<\/strong><\/p>\n<ul>\n<li>Juli bis 1. September<\/li>\n<\/ul>\n<p><strong>\u00d6ffnungszeiten:<\/strong><\/p>\n<ul>\n<li>T\u00e4glich ge\u00f6ffnet<\/li>\n<li>14 bis 18 Uhr mit freiem Ausgang bis 20 Uhr<\/li>\n<\/ul>\n<p>&nbsp;<\/p>\n<h3>Allerheiligen-Ferien<\/h3>\n<p><strong>Daten:<\/strong><\/p>\n<ul>\n<li>Oktober bis 2. November T\u00e4glich von 14 bis 17 Uhr<\/li>\n<\/ul>\n<h3><strong>Ostersonntag<\/strong><\/h3>\n<p>Sonntag, 20. April zur Ostereiersuche (Reservierung empfohlen)<\/p>\n        <\/div>\r\n    <\/div>\r\n\r\n<\/section><\/div>\n\n\n\n<div class=\"wp-block-column col-md-6-14 is-layout-flow wp-block-column-is-layout-flow\">\r\n<section class=\"bloc bloc--gcom bloc--texte  bloc--padding-top--0\r\nbloc--padding-bottom--0\">\r\n\r\n    <div class=\"frow justify-center\">\r\n        <div class=\"col-md-12-14\">\r\n            <h2>Preise<\/h2>\n<div>\n<div class=\"onglet--tarifs__ligne\">\n<div class=\"onglet--tarifs__intitule\">Volle Preise<\/div>\n<div class=\"onglet--tarifs__prix\">9 \u20ac<\/div>\n<\/div>\n<div class=\"onglet--tarifs__ligne\">\n<div class=\"onglet--tarifs__intitule\">Erm\u00e4\u00dfigter Tarif (gegen Vorlage eines Nachweises)<span class=\"onglet--tarifs__info\">Jugendliche im Alter von 12 bis 18 Jahren, Studenten &#8211; Mitglieder von Gartenbauvereinen &#8211; Pass \u201eVisitez Fut\u00e9\u201c Pass<\/span><\/div>\n<div class=\"onglet--tarifs__prix\">8 \u20ac<\/div>\n<\/div>\n<div class=\"onglet--tarifs__ligne\">\n<div class=\"onglet--tarifs__intitule\">Familienpass<span class=\"onglet--tarifs__info\">(2 Erwachsene &#8211; 2 Kinder)<\/span><\/div>\n<div class=\"onglet--tarifs__prix\">28 \u20ac<\/div>\n<\/div>\n<div class=\"onglet--tarifs__ligne\">\n<div class=\"onglet--tarifs__intitule\">Familienpass <span class=\"onglet--tarifs__info\">(2 Erwachsene &#8211; 3 Kinder)<\/span><\/div>\n<div class=\"onglet--tarifs__prix\">30 \u20ac<\/div>\n<\/div>\n<div class=\"onglet--tarifs__ligne\">\n<div class=\"onglet--tarifs__intitule\">Erwachsene mit Behinderungen<\/div>\n<div class=\"onglet--tarifs__prix\">7 \u20ac<\/div>\n<\/div>\n<div class=\"onglet--tarifs__ligne\">\n<div class=\"onglet--tarifs__intitule\">Kinder bis 5 Jahre<\/div>\n<div class=\"onglet--tarifs__prix\">Frei<\/div>\n<\/div>\n<div class=\"onglet--tarifs__ligne\">\n<div class=\"onglet--tarifs__intitule\">Kinder im Alter von 6 bis 12 Jahren<\/div>\n<div class=\"onglet--tarifs__prix\">5 \u20ac<\/div>\n<\/div>\n<div class=\"onglet--tarifs__ligne\">\n<div class=\"onglet--tarifs__intitule\">PMR oder Schulf\u00fchrer<\/div>\n<div class=\"onglet--tarifs__prix\">7 \u20ac<\/div>\n<\/div>\n<div class=\"onglet--tarifs__ligne\">\n<div class=\"onglet--tarifs__intitule\">RHS &#8211; Royal Horticultural Society<\/div>\n<div class=\"onglet--tarifs__prix\">Frei<\/div>\n<\/div>\n<div class=\"onglet--tarifs__ligne\">\n<div class=\"onglet--tarifs__intitule\">Spielhefte<\/div>\n<div class=\"onglet--tarifs__prix\">3 \u20ac<\/div>\n<\/div>\n<\/div>\n<p>Die Preise beinhalten den kostenlosen Besuch des Parks, den kostenlosen Besuch der Ausstellung zur Geschichte des Anwesens und der Ausstellung der Beerenv\u00f6gel.<\/p>\n<h3>Art der Bezahlung<\/h3>\n<p>Online-Buchung<br \/>\nVor Ort: Bargeld &#8211; Karten ( au\u00dfer Amex) &#8211; Ferienschecks<\/p>\n        <\/div>\r\n    <\/div>\r\n\r\n<\/section><\/div>\n\n\n\n<div class=\"wp-block-column col-md-1-14 is-layout-flow wp-block-column-is-layout-flow\"><\/div>\n\n\r\n    <\/div>\r\n<\/section>\r\n\n\n\r\n<section class=\"bloc bloc--gcom bloc--colonnes bloc--colonnes--1 \r\n\r\n\">\r\n\r\n    <div class=\"frow gutters items-center\">\r\n\r\n\r\n        \r\n        \n\n<div class=\"wp-block-column col-md-1-14 is-layout-flow wp-block-column-is-layout-flow\"><\/div>\n\n\n\n<div class=\"wp-block-column col-md-6-14 is-layout-flow wp-block-column-is-layout-flow\">\r\n<section class=\"bloc bloc--gcom bloc--texte  bloc--padding-top--0\r\nbloc--padding-bottom--0\">\r\n\r\n    <div class=\"frow justify-center\">\r\n        <div class=\"col-md-12-14\">\r\n            <h2>Dienstleistungen<\/h2>\n<ul>\n<li>Gastgebersprachen: Franz\u00f6sisch und Englisch<\/li>\n<li>Der Zutritt ist f\u00fcr Hunde an der Leine gestattet<\/li>\n<li>Spieleheft f\u00fcr Kinder mit Heft f\u00fcr Eltern (3 \u20ac)<\/li>\n<li>Sanit\u00e4ranlagen im Park<\/li>\n<li>Teilweiser PMR-Zugang: Wir entschuldigen uns daf\u00fcr, dass wir derzeit keine sanit\u00e4ren Einrichtungen f\u00fcr PRMs anbieten k\u00f6nnen<\/li>\n<\/ul>\n        <\/div>\r\n    <\/div>\r\n\r\n<\/section><\/div>\n\n\n\n<div class=\"wp-block-column col-md-6-14 is-layout-flow wp-block-column-is-layout-flow\">\r\n<section class=\"bloc bloc--gcom bloc--media  bloc--padding-top--0\r\nbloc--padding-bottom--0\">\r\n\r\n    <div class=\"frow justify-center\">\r\n\r\n        <div class=\"col-md-12-14 col--media\">\r\n                            <figure class=\"frow justify-center\">\r\n                    <img decoding=\"async\" width=\"1920\" height=\"968\" src=\"https:\/\/domaine-poulaines.com\/wp-content\/uploads\/2024\/03\/dscn8619-copie-1-1.jpg\" class=\"attachment-fullhd size-fullhd\" alt=\"\" loading=\"lazy\" srcset=\"https:\/\/domaine-poulaines.com\/wp-content\/uploads\/2024\/03\/dscn8619-copie-1-1.jpg 1920w, https:\/\/domaine-poulaines.com\/wp-content\/uploads\/2024\/03\/dscn8619-copie-1-1-600x303.jpg 600w, https:\/\/domaine-poulaines.com\/wp-content\/uploads\/2024\/03\/dscn8619-copie-1-1-1024x516.jpg 1024w, https:\/\/domaine-poulaines.com\/wp-content\/uploads\/2024\/03\/dscn8619-copie-1-1-768x387.jpg 768w\" sizes=\"auto, (max-width: 1920px) 100vw, 1920px\" \/>                                    <\/figure>\r\n                    <\/div>\r\n\r\n    <\/div>\r\n\r\n<\/section><\/div>\n\n\n\n<div class=\"wp-block-column col-md-1-14 is-layout-flow wp-block-column-is-layout-flow\"><\/div>\n\n\r\n    <\/div>\r\n<\/section>\r\n\n\n\r\n<section class=\"bloc bloc--gcom bloc--colonnes bloc--colonnes--2 \r\n\r\n\">\r\n\r\n    <div class=\"frow gutters items-start\">\r\n\r\n\r\n        \r\n        \n\n<div class=\"wp-block-column col-md-1-14 is-layout-flow wp-block-column-is-layout-flow\"><\/div>\n\n\n\n<div class=\"wp-block-column col-md-4-14 is-layout-flow wp-block-column-is-layout-flow\">\r\n<section class=\"bloc bloc--gcom bloc--media  bloc--padding-top--0\r\nbloc--padding-bottom--0\">\r\n\r\n    <div class=\"frow justify-center\">\r\n\r\n        <div class=\"col-md-14-14 col--media\">\r\n                            <figure class=\"frow justify-center\">\r\n                    <img decoding=\"async\" width=\"600\" height=\"400\" src=\"https:\/\/domaine-poulaines.com\/wp-content\/uploads\/2024\/03\/39749a0-rendez-vous-aux-poulaines-indre-1.jpg\" class=\"attachment-fullhd size-fullhd\" alt=\"\" loading=\"lazy\" \/>                                    <\/figure>\r\n                    <\/div>\r\n\r\n    <\/div>\r\n\r\n<\/section>\n\n\r\n<section class=\"bloc bloc--gcom bloc--texte  bloc--padding-top--petit\r\nbloc--padding-bottom--0\">\r\n\r\n    <div class=\"frow justify-center\">\r\n        <div class=\"col-md-14-14\">\r\n            <h2>Wiederherstellung<\/h2>\n<p style=\"font-size: 16px;font-weight: 400\">Reservierung eines Picknicks (<em>mindestens 3 Tage im Voraus<\/em>)<\/p>\n<div style=\"font-size: 16px;font-weight: 400\">\n<div class=\"onglet--tarifs__ligne\">\n<div class=\"onglet--tarifs__intitule\">Formel Nr.1<span class=\"onglet--tarifs__info\">Piemontesischer Salat + Kartoffelpuffer + Apfelt\u00f6rtchen+ Wasserflasche<\/span><\/div>\n<div class=\"onglet--tarifs__prix\">14 \u20ac<\/div>\n<\/div>\n<div class=\"onglet--tarifs__ligne\">\n<div class=\"onglet--tarifs__intitule\">Formel Nr.2<span class=\"onglet--tarifs__info\">\u00a0Piemeontaise-Salat + Lachs- oder Schinken-Clubsandwich + Apfelt\u00f6rtchen+Wasserflasche<\/span><\/div>\n<div class=\"onglet--tarifs__prix\">15.50 \u20ac<\/div>\n<div>2 Lunchpakete und 1 Snackpaket sind auf Reservierung erh\u00e4ltlich.<\/div>\n<\/div>\n<\/div>\n        <\/div>\r\n    <\/div>\r\n\r\n<\/section><\/div>\n\n\n\n<div class=\"wp-block-column col-md-4-14 is-layout-flow wp-block-column-is-layout-flow\">\r\n<section class=\"bloc bloc--gcom bloc--media  bloc--padding-top--0\r\nbloc--padding-bottom--0\">\r\n\r\n    <div class=\"frow justify-center\">\r\n\r\n        <div class=\"col-md-14-14 col--media\">\r\n                            <figure class=\"frow justify-center\">\r\n                    <img decoding=\"async\" width=\"1024\" height=\"683\" src=\"https:\/\/domaine-poulaines.com\/wp-content\/uploads\/2022\/02\/webthv2019_poulaines-objets-boutique-8354-1024x683-1.jpg\" class=\"attachment-fullhd size-fullhd\" alt=\"\" loading=\"lazy\" srcset=\"https:\/\/domaine-poulaines.com\/wp-content\/uploads\/2022\/02\/webthv2019_poulaines-objets-boutique-8354-1024x683-1.jpg 1024w, https:\/\/domaine-poulaines.com\/wp-content\/uploads\/2022\/02\/webthv2019_poulaines-objets-boutique-8354-1024x683-1-600x400.jpg 600w, https:\/\/domaine-poulaines.com\/wp-content\/uploads\/2022\/02\/webthv2019_poulaines-objets-boutique-8354-1024x683-1-768x512.jpg 768w\" sizes=\"auto, (max-width: 1024px) 100vw, 1024px\" \/>                                    <\/figure>\r\n                    <\/div>\r\n\r\n    <\/div>\r\n\r\n<\/section>\n\n\r\n<section class=\"bloc bloc--gcom bloc--texte  bloc--padding-top--petit\r\nbloc--padding-bottom--0\">\r\n\r\n    <div class=\"frow justify-center\">\r\n        <div class=\"col-md-14-14\">\r\n            <h2>Gesch\u00e4ft<\/h2>\n<p>K\u00f6rbe, Objekte aus Berry-Schafsleder, Terrakotta-T\u00f6pfe, chinesische Brennnessel- und Palmstrohh\u00fcte&#8230; Wir m\u00f6chten das vielf\u00e4ltige Know-how unserer Region f\u00f6rdern und die Lebenskunst auf der Domaine pflegen. Dar\u00fcber hinaus bieten wir Ihnen eine einzigartige Auswahl an Objekten, die von lokalen Designern f\u00fcr die Domaine entworfen wurden.<\/p>\n<p><a class=\"bouton bouton--brique\" href=\"https:\/\/centrevaldeloire-mb-prestataire.for-system.com\/f117404_fr-.aspx\" target=\"_blank\" rel=\"noopener\">Online Shop<\/a><\/p>\n        <\/div>\r\n    <\/div>\r\n\r\n<\/section><\/div>\n\n\n\n<div class=\"wp-block-column col-md-4-14 is-layout-flow wp-block-column-is-layout-flow\">\r\n<section class=\"bloc bloc--gcom bloc--media  bloc--padding-top--0\r\nbloc--padding-bottom--0\">\r\n\r\n    <div class=\"frow justify-center\">\r\n\r\n        <div class=\"col-md-14-14 col--media\">\r\n                            <figure class=\"frow justify-center\">\r\n                    <img decoding=\"async\" width=\"1833\" height=\"1200\" src=\"https:\/\/domaine-poulaines.com\/wp-content\/uploads\/2024\/03\/salon-the-02-1-1833x1200.jpg\" class=\"attachment-fullhd size-fullhd\" alt=\"\" loading=\"lazy\" srcset=\"https:\/\/domaine-poulaines.com\/wp-content\/uploads\/2024\/03\/salon-the-02-1-1833x1200.jpg 1833w, https:\/\/domaine-poulaines.com\/wp-content\/uploads\/2024\/03\/salon-the-02-1-600x393.jpg 600w, https:\/\/domaine-poulaines.com\/wp-content\/uploads\/2024\/03\/salon-the-02-1-1024x670.jpg 1024w, https:\/\/domaine-poulaines.com\/wp-content\/uploads\/2024\/03\/salon-the-02-1-768x503.jpg 768w, https:\/\/domaine-poulaines.com\/wp-content\/uploads\/2024\/03\/salon-the-02-1.jpg 1920w\" sizes=\"auto, (max-width: 1833px) 100vw, 1833px\" \/>                                    <\/figure>\r\n                    <\/div>\r\n\r\n    <\/div>\r\n\r\n<\/section>\n\n\r\n<section class=\"bloc bloc--gcom bloc--texte  bloc--padding-top--petit\r\nbloc--padding-bottom--0\">\r\n\r\n    <div class=\"frow justify-center\">\r\n        <div class=\"col-md-14-14\">\r\n            <h2>Tee Raum<\/h2>\n<p>Hier finden Sie eine Auswahl an Mariage Fr\u00e8res-Tees, Richard-Kaffeesorten sowie ein Bouquet an Aromen vergangener Zeiten durch unsere Zitronen-Ingwer-Limonade, unsere hausgemachten Marmeladen und Fruchts\u00e4fte.<br \/>\nLassen Sie Gartenprodukte ohne M\u00e4\u00dfigung verzehren, um sich mit Vitaminen einzudecken. Unser nachhaltiger Anbau garantiert Ihnen pestizidfreie Produkte voller Geschmack.<br \/>\nUm die Umwelt besser zu schonen, bestehen unsere stillen Wasserflaschen aus Glas und sind wiederverwendbar.<\/p>\n        <\/div>\r\n    <\/div>\r\n\r\n<\/section><\/div>\n\n\n\n<div class=\"wp-block-column col-md-1-14 is-layout-flow wp-block-column-is-layout-flow\"><\/div>\n\n\r\n    <\/div>\r\n<\/section>\r\n\n\n\r\n<section class=\"bloc bloc--gcom bloc--colonnes bloc--colonnes--1 \r\n\r\n\">\r\n\r\n    <div class=\"frow gutters items-center\">\r\n\r\n\r\n        \r\n        \n\n<div class=\"wp-block-column col-md-1-14 is-layout-flow wp-block-column-is-layout-flow\"><\/div>\n\n\n\n<div class=\"wp-block-column col-md-6-14 is-layout-flow wp-block-column-is-layout-flow\">\r\n<section class=\"bloc bloc--gcom bloc--texte  bloc--padding-top--0\r\nbloc--padding-bottom--0\">\r\n\r\n    <div class=\"frow justify-center\">\r\n        <div class=\"col-md-14-14\">\r\n            <p><a href=\"https:\/\/domaine-poulaines.com\/contact\/\"><img loading=\"lazy\" decoding=\"async\" width=\"600\" height=\"600\" class=\"img-responsive alignnone size-medium wp-image-5522\" src=\"https:\/\/domaine-poulaines.com\/wp-content\/uploads\/2024\/03\/carte_contact-600x600.jpg\" alt=\"\" srcset=\"https:\/\/domaine-poulaines.com\/wp-content\/uploads\/2024\/03\/carte_contact-600x600.jpg 600w, https:\/\/domaine-poulaines.com\/wp-content\/uploads\/2024\/03\/carte_contact-150x150.jpg 150w, https:\/\/domaine-poulaines.com\/wp-content\/uploads\/2024\/03\/carte_contact-768x768.jpg 768w, https:\/\/domaine-poulaines.com\/wp-content\/uploads\/2024\/03\/carte_contact-350x350.jpg 350w, https:\/\/domaine-poulaines.com\/wp-content\/uploads\/2024\/03\/carte_contact.jpg 885w\" sizes=\"auto, (max-width: 600px) 100vw, 600px\" \/><\/a><\/p>\n        <\/div>\r\n    <\/div>\r\n\r\n<\/section><\/div>\n\n\n\n<div class=\"wp-block-column col-md-6-14 is-layout-flow wp-block-column-is-layout-flow\">\r\n<section class=\"bloc bloc--gcom bloc--texte  bloc--padding-top--0\r\nbloc--padding-bottom--0\">\r\n\r\n    <div class=\"frow justify-center\">\r\n        <div class=\"col-md-12-14\">\r\n            <h2>Zugang<\/h2>\n<h3>Ein Kleid<\/h3>\n<p>Domaine de Poulaines<br \/>\n11 rue du Ch\u00e2teau<br \/>\n36210 Poulaines<\/p>\n<h3>Stationierung<\/h3>\n<p>Kostenlose Parkpl\u00e4tze am Dorfplatz<br \/>\nM\u00f6glichkeit, Ihr Fahrrad am Eingang des Anwesens abzustellen<\/p>\n<p><a class=\"bouton bouton--brique\" href=\"https:\/\/domaine-poulaines.com\/de\/kontakt\/\">Kontaktiere uns<\/a><\/p>\n        <\/div>\r\n    <\/div>\r\n\r\n<\/section><\/div>\n\n\n\n<div class=\"wp-block-column col-md-1-14 is-layout-flow wp-block-column-is-layout-flow\"><\/div>\n\n\r\n    <\/div>\r\n<\/section>\r\n","protected":false},"excerpt":{"rendered":"","protected":false},"author":5,"featured_media":2229,"parent":0,"menu_order":0,"comment_status":"closed","ping_status":"closed","template":"","meta":{"_acf_changed":false,"footnotes":""},"class_list":["post-5563","page","type-page","status-publish","has-post-thumbnail","hentry"],"acf":[],"yoast_head":"<!-- This site is optimized with the Yoast SEO plugin v27.1.1 - https:\/\/yoast.com\/product\/yoast-seo-wordpress\/ -->\n<title>\u00d6ffnungszeiten, Zugang, Preise - Domaine de Poulaines<\/title>\n<meta name=\"robots\" content=\"index, follow, max-snippet:-1, max-image-preview:large, max-video-preview:-1\" \/>\n<link rel=\"canonical\" href=\"https:\/\/domaine-poulaines.com\/de\/oeffnungszeiten-zugang-preise\/\" \/>\n<meta property=\"og:locale\" content=\"de_DE\" \/>\n<meta property=\"og:type\" content=\"article\" \/>\n<meta property=\"og:title\" content=\"\u00d6ffnungszeiten, Zugang, Preise - Domaine de Poulaines\" \/>\n<meta property=\"og:url\" content=\"https:\/\/domaine-poulaines.com\/de\/oeffnungszeiten-zugang-preise\/\" \/>\n<meta property=\"og:site_name\" content=\"Domaine de Poulaines\" \/>\n<meta property=\"article:publisher\" content=\"https:\/\/www.facebook.com\/DomainePoulaines\/\" \/>\n<meta property=\"article:modified_time\" content=\"2026-01-27T08:55:47+00:00\" \/>\n<meta property=\"og:image\" content=\"https:\/\/domaine-poulaines.com\/wp-content\/uploads\/2022\/01\/printemps.jpg\" \/>\n\t<meta property=\"og:image:width\" content=\"2200\" \/>\n\t<meta property=\"og:image:height\" content=\"1468\" \/>\n\t<meta property=\"og:image:type\" content=\"image\/jpeg\" \/>\n<meta name=\"twitter:card\" content=\"summary_large_image\" \/>\n<meta name=\"twitter:label1\" content=\"Est. reading time\" \/>\n\t<meta name=\"twitter:data1\" content=\"1 minute\" \/>\n<script type=\"application\/ld+json\" class=\"yoast-schema-graph\">{\"@context\":\"https:\/\/schema.org\",\"@graph\":[{\"@type\":\"WebPage\",\"@id\":\"https:\/\/domaine-poulaines.com\/de\/oeffnungszeiten-zugang-preise\/\",\"url\":\"https:\/\/domaine-poulaines.com\/de\/oeffnungszeiten-zugang-preise\/\",\"name\":\"\u00d6ffnungszeiten, Zugang, Preise - Domaine de Poulaines\",\"isPartOf\":{\"@id\":\"https:\/\/domaine-poulaines.com\/de\/#website\"},\"primaryImageOfPage\":{\"@id\":\"https:\/\/domaine-poulaines.com\/de\/oeffnungszeiten-zugang-preise\/#primaryimage\"},\"image\":{\"@id\":\"https:\/\/domaine-poulaines.com\/de\/oeffnungszeiten-zugang-preise\/#primaryimage\"},\"thumbnailUrl\":\"https:\/\/domaine-poulaines.com\/wp-content\/uploads\/2022\/01\/printemps.jpg\",\"datePublished\":\"2024-03-28T10:31:30+00:00\",\"dateModified\":\"2026-01-27T08:55:47+00:00\",\"inLanguage\":\"de-DE\",\"potentialAction\":[{\"@type\":\"ReadAction\",\"target\":[\"https:\/\/domaine-poulaines.com\/de\/oeffnungszeiten-zugang-preise\/\"]}]},{\"@type\":\"ImageObject\",\"inLanguage\":\"de-DE\",\"@id\":\"https:\/\/domaine-poulaines.com\/de\/oeffnungszeiten-zugang-preise\/#primaryimage\",\"url\":\"https:\/\/domaine-poulaines.com\/wp-content\/uploads\/2022\/01\/printemps.jpg\",\"contentUrl\":\"https:\/\/domaine-poulaines.com\/wp-content\/uploads\/2022\/01\/printemps.jpg\",\"width\":2200,\"height\":1468},{\"@type\":\"WebSite\",\"@id\":\"https:\/\/domaine-poulaines.com\/de\/#website\",\"url\":\"https:\/\/domaine-poulaines.com\/de\/\",\"name\":\"Domaine de Poulaines\",\"description\":\"\",\"publisher\":{\"@id\":\"https:\/\/domaine-poulaines.com\/de\/#organization\"},\"potentialAction\":[{\"@type\":\"SearchAction\",\"target\":{\"@type\":\"EntryPoint\",\"urlTemplate\":\"https:\/\/domaine-poulaines.com\/de\/?s={search_term_string}\"},\"query-input\":{\"@type\":\"PropertyValueSpecification\",\"valueRequired\":true,\"valueName\":\"search_term_string\"}}],\"inLanguage\":\"de-DE\"},{\"@type\":\"Organization\",\"@id\":\"https:\/\/domaine-poulaines.com\/de\/#organization\",\"name\":\"Domaine de Poulaines\",\"url\":\"https:\/\/domaine-poulaines.com\/de\/\",\"logo\":{\"@type\":\"ImageObject\",\"inLanguage\":\"de-DE\",\"@id\":\"https:\/\/domaine-poulaines.com\/de\/#\/schema\/logo\/image\/\",\"url\":\"https:\/\/domaine-poulaines.com\/wp-content\/uploads\/2024\/04\/logo-domaine-de-poulaines.png\",\"contentUrl\":\"https:\/\/domaine-poulaines.com\/wp-content\/uploads\/2024\/04\/logo-domaine-de-poulaines.png\",\"width\":191,\"height\":120,\"caption\":\"Domaine de Poulaines\"},\"image\":{\"@id\":\"https:\/\/domaine-poulaines.com\/de\/#\/schema\/logo\/image\/\"},\"sameAs\":[\"https:\/\/www.facebook.com\/DomainePoulaines\/\",\"https:\/\/www.linkedin.com\/company\/jardins-et-arboretum-de-poulaines\/\",\"https:\/\/www.instagram.com\/domainedepoulaines\/\",\"https:\/\/www.youtube.com\/channel\/UCxescyCx_IYtzsYbbuh7PJQ\"]}]}<\/script>\n<!-- \/ Yoast SEO plugin. -->","yoast_head_json":{"title":"\u00d6ffnungszeiten, Zugang, Preise - Domaine de Poulaines","robots":{"index":"index","follow":"follow","max-snippet":"max-snippet:-1","max-image-preview":"max-image-preview:large","max-video-preview":"max-video-preview:-1"},"canonical":"https:\/\/domaine-poulaines.com\/de\/oeffnungszeiten-zugang-preise\/","og_locale":"de_DE","og_type":"article","og_title":"\u00d6ffnungszeiten, Zugang, Preise - Domaine de Poulaines","og_url":"https:\/\/domaine-poulaines.com\/de\/oeffnungszeiten-zugang-preise\/","og_site_name":"Domaine de Poulaines","article_publisher":"https:\/\/www.facebook.com\/DomainePoulaines\/","article_modified_time":"2026-01-27T08:55:47+00:00","og_image":[{"width":2200,"height":1468,"url":"https:\/\/domaine-poulaines.com\/wp-content\/uploads\/2022\/01\/printemps.jpg","type":"image\/jpeg"}],"twitter_card":"summary_large_image","twitter_misc":{"Est. reading time":"1 minute"},"schema":{"@context":"https:\/\/schema.org","@graph":[{"@type":"WebPage","@id":"https:\/\/domaine-poulaines.com\/de\/oeffnungszeiten-zugang-preise\/","url":"https:\/\/domaine-poulaines.com\/de\/oeffnungszeiten-zugang-preise\/","name":"\u00d6ffnungszeiten, Zugang, Preise - Domaine de Poulaines","isPartOf":{"@id":"https:\/\/domaine-poulaines.com\/de\/#website"},"primaryImageOfPage":{"@id":"https:\/\/domaine-poulaines.com\/de\/oeffnungszeiten-zugang-preise\/#primaryimage"},"image":{"@id":"https:\/\/domaine-poulaines.com\/de\/oeffnungszeiten-zugang-preise\/#primaryimage"},"thumbnailUrl":"https:\/\/domaine-poulaines.com\/wp-content\/uploads\/2022\/01\/printemps.jpg","datePublished":"2024-03-28T10:31:30+00:00","dateModified":"2026-01-27T08:55:47+00:00","inLanguage":"de-DE","potentialAction":[{"@type":"ReadAction","target":["https:\/\/domaine-poulaines.com\/de\/oeffnungszeiten-zugang-preise\/"]}]},{"@type":"ImageObject","inLanguage":"de-DE","@id":"https:\/\/domaine-poulaines.com\/de\/oeffnungszeiten-zugang-preise\/#primaryimage","url":"https:\/\/domaine-poulaines.com\/wp-content\/uploads\/2022\/01\/printemps.jpg","contentUrl":"https:\/\/domaine-poulaines.com\/wp-content\/uploads\/2022\/01\/printemps.jpg","width":2200,"height":1468},{"@type":"WebSite","@id":"https:\/\/domaine-poulaines.com\/de\/#website","url":"https:\/\/domaine-poulaines.com\/de\/","name":"Domaine de Poulaines","description":"","publisher":{"@id":"https:\/\/domaine-poulaines.com\/de\/#organization"},"potentialAction":[{"@type":"SearchAction","target":{"@type":"EntryPoint","urlTemplate":"https:\/\/domaine-poulaines.com\/de\/?s={search_term_string}"},"query-input":{"@type":"PropertyValueSpecification","valueRequired":true,"valueName":"search_term_string"}}],"inLanguage":"de-DE"},{"@type":"Organization","@id":"https:\/\/domaine-poulaines.com\/de\/#organization","name":"Domaine de Poulaines","url":"https:\/\/domaine-poulaines.com\/de\/","logo":{"@type":"ImageObject","inLanguage":"de-DE","@id":"https:\/\/domaine-poulaines.com\/de\/#\/schema\/logo\/image\/","url":"https:\/\/domaine-poulaines.com\/wp-content\/uploads\/2024\/04\/logo-domaine-de-poulaines.png","contentUrl":"https:\/\/domaine-poulaines.com\/wp-content\/uploads\/2024\/04\/logo-domaine-de-poulaines.png","width":191,"height":120,"caption":"Domaine de Poulaines"},"image":{"@id":"https:\/\/domaine-poulaines.com\/de\/#\/schema\/logo\/image\/"},"sameAs":["https:\/\/www.facebook.com\/DomainePoulaines\/","https:\/\/www.linkedin.com\/company\/jardins-et-arboretum-de-poulaines\/","https:\/\/www.instagram.com\/domainedepoulaines\/","https:\/\/www.youtube.com\/channel\/UCxescyCx_IYtzsYbbuh7PJQ"]}]}},"_links":{"self":[{"href":"https:\/\/domaine-poulaines.com\/de\/wp-json\/wp\/v2\/pages\/5563","targetHints":{"allow":["GET"]}}],"collection":[{"href":"https:\/\/domaine-poulaines.com\/de\/wp-json\/wp\/v2\/pages"}],"about":[{"href":"https:\/\/domaine-poulaines.com\/de\/wp-json\/wp\/v2\/types\/page"}],"author":[{"embeddable":true,"href":"https:\/\/domaine-poulaines.com\/de\/wp-json\/wp\/v2\/users\/5"}],"replies":[{"embeddable":true,"href":"https:\/\/domaine-poulaines.com\/de\/wp-json\/wp\/v2\/comments?post=5563"}],"version-history":[{"count":5,"href":"https:\/\/domaine-poulaines.com\/de\/wp-json\/wp\/v2\/pages\/5563\/revisions"}],"predecessor-version":[{"id":6702,"href":"https:\/\/domaine-poulaines.com\/de\/wp-json\/wp\/v2\/pages\/5563\/revisions\/6702"}],"wp:featuredmedia":[{"embeddable":true,"href":"https:\/\/domaine-poulaines.com\/de\/wp-json\/wp\/v2\/media\/2229"}],"wp:attachment":[{"href":"https:\/\/domaine-poulaines.com\/de\/wp-json\/wp\/v2\/media?parent=5563"}],"curies":[{"name":"wp","href":"https:\/\/api.w.org\/{rel}","templated":true}]}}