{"id":3318,"date":"2022-01-25T17:05:09","date_gmt":"2022-01-25T16:05:09","guid":{"rendered":"https:\/\/domaine-poulaines.preprodgcom.com\/conditions-generales-annulation\/"},"modified":"2024-06-04T15:11:51","modified_gmt":"2024-06-04T13:11:51","slug":"conditions-generales-annulation","status":"publish","type":"page","link":"https:\/\/domaine-poulaines.com\/de\/conditions-generales-annulation\/","title":{"rendered":"Allgemeine Gesch\u00e4ftsbedingungen &amp; Stornierung"},"content":{"rendered":"\r\n<section class=\"bloc bloc--gcom bloc--colonnes bloc--colonnes--1 \r\n\r\n\">\r\n\r\n    <div class=\"frow gutters items-start\">\r\n\r\n\r\n        \r\n        \n\n<div class=\"wp-block-column col-md-1-14 is-layout-flow wp-block-column-is-layout-flow\"><\/div>\n\n\n\n<div class=\"wp-block-column col-md-6-14 is-layout-flow wp-block-column-is-layout-flow\">\r\n<section class=\"bloc bloc--gcom bloc--texte  \r\n\">\r\n\r\n    <div class=\"frow justify-center\">\r\n        <div class=\"col-md-14-14\">\r\n            <h2>Allgemeine Bedingungen der Angebote<\/h2>\r\nBei der Buchung ist eine Anzahlung von 50 % online zu leisten.\r\n\r\n10 % Erm\u00e4\u00dfigung auf Ihren Aufenthalt w\u00e4hrend der Woche bei Vorlage eines professionellen Belegs (je nach Verf\u00fcgbarkeit).\r\n\r\nBadet\u00fccher f\u00fcr den Pool werden nicht gestellt.\r\n\r\nAbreise vor 10 Uhr\r\n\r\n\u2014\r\n\r\nUnverbindlicher Preis f\u00fcr 1 Nacht\r\nMindestaufenthalt 2 N\u00e4chte (au\u00dfer Juli\/August)\r\nMindestaufenthalt 5 N\u00e4chte im Juli\/August\r\n\r\nKostenlos f\u00fcr Babys und Kleinkinder unter 2 Jahren        <\/div>\r\n    <\/div>\r\n\r\n<\/section><\/div>\n\n\n\n<div class=\"wp-block-column col-md-6-14 is-layout-flow wp-block-column-is-layout-flow\">\r\n<section class=\"bloc bloc--gcom bloc--texte  \r\n\">\r\n\r\n    <div class=\"frow justify-center\">\r\n        <div class=\"col-md-14-14\">\r\n            <h2>Stornierungsbedingungen f\u00fcr eine Reservierung<\/h2>\r\nKostenlose Stornierung bis zu 30 Tage vor der Ankunft.\r\n50 % des Gesamtbetrages bei Stornierung innerhalb von 30 Tagen vor der Ankunft.\r\nBei Nichterscheinen wird der Gesamtbetrag der Reservierung in Rechnung gestellt.\r\n\r\nEs ist eine Kaution von 500 Euro zu hinterlegen. Die R\u00fcckerstattung erfolgt innerhalb von 48 Stunden nach Ihrer Abreise.        <\/div>\r\n    <\/div>\r\n\r\n<\/section><\/div>\n\n\n\n<div class=\"wp-block-column col-md-1-14 is-layout-flow wp-block-column-is-layout-flow\"><\/div>\n\n\r\n    <\/div>\r\n<\/section>\r\n\n\n\r\n<section class=\"bloc bloc--gcom bloc--texte  \r\n\">\r\n\r\n    <div class=\"frow justify-center\">\r\n        <div class=\"col-md-12-14\">\r\n            <h2>Allgemeine Mietbedingungen<\/h2>\n<p><strong>Artikel 1.<\/strong> Zweck: Dieser Vertrag ist der ausschlie\u00dflichen Nutzung von Ferienunterk\u00fcnften auf der Domaine de Poulaines vorbehalten und auf den Vertrag findet ausschlie\u00dflich franz\u00f6sisches Recht Anwendung.<\/p>\n<p><strong>Artikel 2.<\/strong> Allgemeine Bestimmungen: Ohne die Zustimmung beider Parteien werden bei der Vertragsgestaltung keine \u00c4nderungen (L\u00f6schung, \u00dcberdruck usw.) akzeptiert.<br \/>\nDer Eigent\u00fcmer verpflichtet sich, keine Informationen jeglicher Art und auf welchem \u200b\u200bMedium auch immer, die der Mieter ihm im Rahmen der Ausf\u00fchrung dieses Vertrages zur Verf\u00fcgung stellen musste, an Dritte weiterzugeben. Diese letztgenannten Bestimmungen gelten jedoch nicht f\u00fcr Auskunftsersuchen von Verwaltungen und\/oder Gerichten.<\/p>\n<p><strong>Artikel 3.<\/strong> Vertragsabschluss und Zahlung: Die Reservierung wird wirksam, sobald der Mieter dem Eigent\u00fcmer eine Kopie dieses Vertrags zusammen mit der H\u00f6he der Anzahlung oder der Kaution (50 % des Mietbetrags) f\u00fcr den Aufenthalt zur\u00fcckgegeben hat , vor der im Vertrag angegebenen Laufzeit. Der Restbetrag der Miete muss am Anreisetag bezahlt werden.<\/p>\n<p><strong>Artikel 4.<\/strong> Kaution: Der Mieter zahlt bei der Ankunft zus\u00e4tzlich zum Restbetrag der Miete eine Kaution in H\u00f6he von 500 Euro per Kreditkarte. Die R\u00fcckerstattung erfolgt innerhalb von 48 Stunden nach der Abreise.<br \/>\nF\u00fcr die Sanierung der R\u00e4umlichkeiten k\u00f6nnte der Eigent\u00fcmer einen Abzug vornehmen. Die H\u00f6he dieser Abz\u00fcge muss vom Eigent\u00fcmer ordnungsgem\u00e4\u00df begr\u00fcndet werden. Reicht die Kaution nicht aus, verpflichtet sich der Mieter, den Betrag auf der Grundlage der vom Eigent\u00fcmer vorgelegten Belege zu begleichen. Diese Garantie kann unter keinen Umst\u00e4nden als Beitrag zur Zahlung der Miete angesehen werden.<\/p>\n<p><strong>Artikel 5.<\/strong> Dauer: Der Mieter muss die R\u00e4umlichkeiten zu dem im Vertrag festgelegten Zeitpunkt oder zu einem f\u00fcr den Eigent\u00fcmer geeigneten Zeitpunkt verlassen. Der Mieter kann in keinem Fall ein Recht darauf geltend machen, nach Ablauf der urspr\u00fcnglich im Vertrag vorgesehenen Mietdauer in den R\u00e4umlichkeiten zu bleiben, es sei denn, der Eigent\u00fcmer hat dem zugestimmt.<\/p>\n<p><strong>Artikel 6.<\/strong> Nutzung der R\u00e4umlichkeiten: Der Eigent\u00fcmer stellt die Unterkunft gem\u00e4\u00df der von ihm gegebenen Beschreibung zur Verf\u00fcgung und h\u00e4lt sie in einem gebrauchsf\u00e4higen Zustand. Der Mieter wird die Miete in Ruhe genie\u00dfen und sie entsprechend der Bestimmung der R\u00e4umlichkeiten sinnvoll nutzen. Die gemieteten R\u00e4umlichkeiten dienen der vor\u00fcbergehenden Unterbringung oder Ferienunterbringung, unter Ausschluss jeglicher beruflicher T\u00e4tigkeit jeglicher Art (maximal 3 Monate).<br \/>\nDer Mieter verpflichtet sich, das Mietobjekt bei seiner Abreise so sauber zu hinterlassen, wie er es bei seiner Ankunft vorgefunden hat. Alle Reparaturen, unabh\u00e4ngig von ihrer Bedeutung, die durch Fahrl\u00e4ssigkeit des Mieters w\u00e4hrend der Mietzeit erforderlich werden, liegen in seiner Verantwortung.<br \/>\nDie Vermietung darf unter keinen Umst\u00e4nden Dritten zugute kommen. Eine Untervermietung, auch unentgeltlich, ist dem Mieter unter Androhung der Vertragsaufl\u00f6sung untersagt; der volle Betrag der noch erworbenen oder dem Eigent\u00fcmer geschuldeten Miete. Die Anzahl der Mieter darf die auf der Website oder in der Beschreibung angegebene maximale Unterkunftskapazit\u00e4t nicht \u00fcberschreiten.<\/p>\n<p><strong>Artikel 7.<\/strong> Aufnahme von Tieren: Haustiere sind nicht erlaubt.<\/p>\n<p><strong>Artikel 8.<\/strong> Inventar und Inventar: Der Mieter hat 24 Stunden Zeit, das angezeigte Inventar zu \u00fcberpr\u00fcfen und dem Eigent\u00fcmer festgestellte Anomalien zu melden. Nach Ablauf dieser Frist gilt die Mietsache bei Einzug durch den Mieter als unbesch\u00e4digt. Stellt der Eigent\u00fcmer oder sein Beauftragter bei Abreise des Mieters einen Schaden fest, muss er den Mieter innerhalb von 48 Stunden informieren.<\/p>\n<p><strong>Artikel 9.<\/strong> K\u00fcndigungsbedingungen: Jede K\u00fcndigung dieses Vertrags muss per Einschreiben mit R\u00fcckschein erfolgen, wobei das Eingangsdatum als Nachweis gilt. Gem\u00e4\u00df Artikel L.114-1 des Verbraucherschutzgesetzes gelten die im Voraus zur Reservierung gezahlten Betr\u00e4ge als Anzahlungen, sofern im Mietvertrag nichts anderes festgelegt ist.<br \/>\nIm Falle einer Stornierung durch den Eigent\u00fcmer vor Betreten der R\u00e4umlichkeiten, aus welchem \u200b\u200bGrund auch immer, au\u00dfer in F\u00e4llen h\u00f6herer Gewalt, muss er dem Mieter den doppelten Betrag der erhaltenen Anzahlung zur\u00fcckerstatten. Diese R\u00fcckerstattung wird dem Mieter innerhalb von 15 Tagen nach Mitteilung der K\u00fcndigung per Einschreiben mit R\u00fcckschein zugesandt.<\/p>\n<ul>\n<li>Bedingungen f\u00fcr die Stornierung einer Reservierung: kostenlose Stornierung bis 14 Tage vor Anreise \/ Stornogeb\u00fchr von 100 % des Reservierungswertes ab 00:00 Uhr 14 Tage vor Anreise.<\/li>\n<li>Erscheint der Mieter nicht innerhalb von 24 Stunden nach dem im Vertrag angegebenen Ankunftsdatum, wird dieser Vertrag gek\u00fcndigt und der Eigent\u00fcmer kann \u00fcber seine Miete verf\u00fcgen.<\/li>\n<li>Die Kaution verbleibt ebenfalls beim Eigent\u00fcmer, der die Zahlung des Restbetrags der Miete verlangt.<\/li>\n<li>Im Falle einer Gruppenmiete von G\u00eetes auf dem Gel\u00e4nde von Jardins de Poulaines im Rahmen eines Empfangs gelten die oben genannten Stornierungsbedingungen nicht.<\/li>\n<\/ul>\n<p><strong>Artikel 10.<\/strong> Erfolgt die K\u00fcndigung des Vertrages durch den Eigent\u00fcmer w\u00e4hrend der Mietzeit, muss dies ordnungsgem\u00e4\u00df begr\u00fcndet werden (Nichtzahlung der Miete, nachgewiesene Verschlechterung der Mietr\u00e4ume, Beschwerden von Nachbarn usw.). Diese K\u00fcndigung, die per Einschreiben mit R\u00fcckschein erfolgt, f\u00fchrt dazu, dass der Mieter am Tag des Eingangs des Schreibens, in dem er \u00fcber diese Entscheidung informiert wird, auszieht. In diesem Fall verbleibt, unabh\u00e4ngig vom Grund der K\u00fcndigung, der gesamte Mietbetrag beim Eigent\u00fcmer. Der Eigent\u00fcmer beh\u00e4lt sich das Recht vor, den Betrag der Kaution unter den im Abschnitt \u201eKaution\u201c genannten Bedingungen einzubehalten.<br \/>\nIm Falle einer vorzeitigen Beendigung des Aufenthalts durch den Mieter erfolgt, sofern die Haftung des Eigent\u00fcmers nicht in Frage gestellt wird, au\u00dfer der Kaution keine R\u00fcckerstattung.<br \/>\nWenn der Mieter schwerwiegende Gr\u00fcnde anf\u00fchrt, die die Merkmale h\u00f6herer Gewalt (unvorhersehbares oder au\u00dferhalb des Mieters liegendes Ereignis) darstellen und die Durchf\u00fchrung der Miete unm\u00f6glich machen, wird der Vertrag automatisch gek\u00fcndigt. Der von der Mieterin bereits gezahlte Mietbetrag wird ihr im Verh\u00e4ltnis zur verbleibenden Belegungsdauer zur\u00fcckerstattet.<\/p>\n<p><strong>Artikel 11.<\/strong> Versicherung: Der Mieter ist verpflichtet, die gemieteten R\u00e4umlichkeiten zu versichern. Er muss pr\u00fcfen, ob sein Hauptwohnsitzvertrag die Verl\u00e4ngerung der Ferienanlage (Ferienmiete) vorsieht. Andernfalls muss er sich an seine Versicherungsgesellschaft wenden und eine Verl\u00e4ngerung der Garantie beantragen oder einen speziellen Vertrag im Rahmen der \u201eResort\u201c-Klausel abschlie\u00dfen.<\/p>\n<p><strong>Artikel 12.<\/strong> Streitigkeiten: Jede Beschwerde muss so schnell wie m\u00f6glich an die zust\u00e4ndige Abteilungsbeh\u00f6rde gerichtet werden, die eingreift, um die g\u00fctliche Beilegung von Streitigkeiten zu f\u00f6rdern:<\/p>\n<ul>\n<li>Wenn der Vertrag vom Eigent\u00fcmer und Mieter unterzeichnet wurde;<\/li>\n<li>Wenn die Beschwerde innerhalb der ersten drei Tage nach der Ankunft eingereicht wird, bei Streitigkeiten bez\u00fcglich des Inventars oder der Beschreibung des Zustands;<\/li>\n<li>Am Ende des Aufenthalts f\u00fcr alle anderen Streitigkeiten.<\/li>\n<\/ul>\n<p>F\u00fcr alle Streitigkeiten, die sich aus der Durchf\u00fchrung oder Unterbrechung dieses Vertrages ergeben, sind ausschlie\u00dflich die Gerichte am Gerichtsstand des zu vermietenden Geb\u00e4udes zust\u00e4ndig.<\/p>\n        <\/div>\r\n    <\/div>\r\n\r\n<\/section>","protected":false},"excerpt":{"rendered":"","protected":false},"author":1,"featured_media":2448,"parent":0,"menu_order":0,"comment_status":"closed","ping_status":"closed","template":"","meta":{"_acf_changed":false,"footnotes":""},"class_list":["post-3318","page","type-page","status-publish","has-post-thumbnail","hentry"],"acf":[],"yoast_head":"<!-- This site is optimized with the Yoast SEO plugin v27.1.1 - https:\/\/yoast.com\/product\/yoast-seo-wordpress\/ -->\n<title>Allgemeine Gesch\u00e4ftsbedingungen &amp; Stornierung - Domaine de Poulaines<\/title>\n<meta name=\"robots\" content=\"index, follow, max-snippet:-1, max-image-preview:large, max-video-preview:-1\" \/>\n<link rel=\"canonical\" href=\"https:\/\/domaine-poulaines.com\/de\/conditions-generales-annulation\/\" \/>\n<meta property=\"og:locale\" content=\"de_DE\" \/>\n<meta property=\"og:type\" content=\"article\" \/>\n<meta property=\"og:title\" content=\"Allgemeine Gesch\u00e4ftsbedingungen &amp; Stornierung - Domaine de Poulaines\" \/>\n<meta property=\"og:url\" content=\"https:\/\/domaine-poulaines.com\/de\/conditions-generales-annulation\/\" \/>\n<meta property=\"og:site_name\" content=\"Domaine de Poulaines\" \/>\n<meta property=\"article:publisher\" content=\"https:\/\/www.facebook.com\/DomainePoulaines\/\" \/>\n<meta property=\"article:modified_time\" content=\"2024-06-04T13:11:51+00:00\" \/>\n<meta property=\"og:image\" content=\"https:\/\/domaine-poulaines.com\/wp-content\/uploads\/2022\/01\/domaine-de-poulaines-9886-scaled.jpg\" \/>\n\t<meta property=\"og:image:width\" content=\"3600\" \/>\n\t<meta property=\"og:image:height\" content=\"2403\" \/>\n\t<meta property=\"og:image:type\" content=\"image\/jpeg\" \/>\n<meta name=\"twitter:card\" content=\"summary_large_image\" \/>\n<meta name=\"twitter:label1\" content=\"Est. reading time\" \/>\n\t<meta name=\"twitter:data1\" content=\"1 minute\" \/>\n<script type=\"application\/ld+json\" class=\"yoast-schema-graph\">{\"@context\":\"https:\/\/schema.org\",\"@graph\":[{\"@type\":\"WebPage\",\"@id\":\"https:\/\/domaine-poulaines.com\/de\/conditions-generales-annulation\/\",\"url\":\"https:\/\/domaine-poulaines.com\/de\/conditions-generales-annulation\/\",\"name\":\"Allgemeine Gesch\u00e4ftsbedingungen &amp; Stornierung - Domaine de Poulaines\",\"isPartOf\":{\"@id\":\"https:\/\/domaine-poulaines.com\/de\/#website\"},\"primaryImageOfPage\":{\"@id\":\"https:\/\/domaine-poulaines.com\/de\/conditions-generales-annulation\/#primaryimage\"},\"image\":{\"@id\":\"https:\/\/domaine-poulaines.com\/de\/conditions-generales-annulation\/#primaryimage\"},\"thumbnailUrl\":\"https:\/\/domaine-poulaines.com\/wp-content\/uploads\/2022\/01\/domaine-de-poulaines-9886-scaled.jpg\",\"datePublished\":\"2022-01-25T16:05:09+00:00\",\"dateModified\":\"2024-06-04T13:11:51+00:00\",\"inLanguage\":\"de-DE\",\"potentialAction\":[{\"@type\":\"ReadAction\",\"target\":[\"https:\/\/domaine-poulaines.com\/de\/conditions-generales-annulation\/\"]}]},{\"@type\":\"ImageObject\",\"inLanguage\":\"de-DE\",\"@id\":\"https:\/\/domaine-poulaines.com\/de\/conditions-generales-annulation\/#primaryimage\",\"url\":\"https:\/\/domaine-poulaines.com\/wp-content\/uploads\/2022\/01\/domaine-de-poulaines-9886-scaled.jpg\",\"contentUrl\":\"https:\/\/domaine-poulaines.com\/wp-content\/uploads\/2022\/01\/domaine-de-poulaines-9886-scaled.jpg\",\"width\":3600,\"height\":2403,\"caption\":\"Jardins et arboretum de Poulaines, jardin botanique et gites de prestige en R\u00e9gion Centre-Val de Loire\"},{\"@type\":\"WebSite\",\"@id\":\"https:\/\/domaine-poulaines.com\/de\/#website\",\"url\":\"https:\/\/domaine-poulaines.com\/de\/\",\"name\":\"Domaine de Poulaines\",\"description\":\"\",\"publisher\":{\"@id\":\"https:\/\/domaine-poulaines.com\/de\/#organization\"},\"potentialAction\":[{\"@type\":\"SearchAction\",\"target\":{\"@type\":\"EntryPoint\",\"urlTemplate\":\"https:\/\/domaine-poulaines.com\/de\/?s={search_term_string}\"},\"query-input\":{\"@type\":\"PropertyValueSpecification\",\"valueRequired\":true,\"valueName\":\"search_term_string\"}}],\"inLanguage\":\"de-DE\"},{\"@type\":\"Organization\",\"@id\":\"https:\/\/domaine-poulaines.com\/de\/#organization\",\"name\":\"Domaine de Poulaines\",\"url\":\"https:\/\/domaine-poulaines.com\/de\/\",\"logo\":{\"@type\":\"ImageObject\",\"inLanguage\":\"de-DE\",\"@id\":\"https:\/\/domaine-poulaines.com\/de\/#\/schema\/logo\/image\/\",\"url\":\"https:\/\/domaine-poulaines.com\/wp-content\/uploads\/2024\/04\/logo-domaine-de-poulaines.png\",\"contentUrl\":\"https:\/\/domaine-poulaines.com\/wp-content\/uploads\/2024\/04\/logo-domaine-de-poulaines.png\",\"width\":191,\"height\":120,\"caption\":\"Domaine de Poulaines\"},\"image\":{\"@id\":\"https:\/\/domaine-poulaines.com\/de\/#\/schema\/logo\/image\/\"},\"sameAs\":[\"https:\/\/www.facebook.com\/DomainePoulaines\/\",\"https:\/\/www.linkedin.com\/company\/jardins-et-arboretum-de-poulaines\/\",\"https:\/\/www.instagram.com\/domainedepoulaines\/\",\"https:\/\/www.youtube.com\/channel\/UCxescyCx_IYtzsYbbuh7PJQ\"]}]}<\/script>\n<!-- \/ Yoast SEO plugin. -->","yoast_head_json":{"title":"Allgemeine Gesch\u00e4ftsbedingungen &amp; Stornierung - Domaine de Poulaines","robots":{"index":"index","follow":"follow","max-snippet":"max-snippet:-1","max-image-preview":"max-image-preview:large","max-video-preview":"max-video-preview:-1"},"canonical":"https:\/\/domaine-poulaines.com\/de\/conditions-generales-annulation\/","og_locale":"de_DE","og_type":"article","og_title":"Allgemeine Gesch\u00e4ftsbedingungen &amp; Stornierung - Domaine de Poulaines","og_url":"https:\/\/domaine-poulaines.com\/de\/conditions-generales-annulation\/","og_site_name":"Domaine de Poulaines","article_publisher":"https:\/\/www.facebook.com\/DomainePoulaines\/","article_modified_time":"2024-06-04T13:11:51+00:00","og_image":[{"width":3600,"height":2403,"url":"https:\/\/domaine-poulaines.com\/wp-content\/uploads\/2022\/01\/domaine-de-poulaines-9886-scaled.jpg","type":"image\/jpeg"}],"twitter_card":"summary_large_image","twitter_misc":{"Est. reading time":"1 minute"},"schema":{"@context":"https:\/\/schema.org","@graph":[{"@type":"WebPage","@id":"https:\/\/domaine-poulaines.com\/de\/conditions-generales-annulation\/","url":"https:\/\/domaine-poulaines.com\/de\/conditions-generales-annulation\/","name":"Allgemeine Gesch\u00e4ftsbedingungen &amp; Stornierung - Domaine de Poulaines","isPartOf":{"@id":"https:\/\/domaine-poulaines.com\/de\/#website"},"primaryImageOfPage":{"@id":"https:\/\/domaine-poulaines.com\/de\/conditions-generales-annulation\/#primaryimage"},"image":{"@id":"https:\/\/domaine-poulaines.com\/de\/conditions-generales-annulation\/#primaryimage"},"thumbnailUrl":"https:\/\/domaine-poulaines.com\/wp-content\/uploads\/2022\/01\/domaine-de-poulaines-9886-scaled.jpg","datePublished":"2022-01-25T16:05:09+00:00","dateModified":"2024-06-04T13:11:51+00:00","inLanguage":"de-DE","potentialAction":[{"@type":"ReadAction","target":["https:\/\/domaine-poulaines.com\/de\/conditions-generales-annulation\/"]}]},{"@type":"ImageObject","inLanguage":"de-DE","@id":"https:\/\/domaine-poulaines.com\/de\/conditions-generales-annulation\/#primaryimage","url":"https:\/\/domaine-poulaines.com\/wp-content\/uploads\/2022\/01\/domaine-de-poulaines-9886-scaled.jpg","contentUrl":"https:\/\/domaine-poulaines.com\/wp-content\/uploads\/2022\/01\/domaine-de-poulaines-9886-scaled.jpg","width":3600,"height":2403,"caption":"Jardins et arboretum de Poulaines, jardin botanique et gites de prestige en R\u00e9gion Centre-Val de Loire"},{"@type":"WebSite","@id":"https:\/\/domaine-poulaines.com\/de\/#website","url":"https:\/\/domaine-poulaines.com\/de\/","name":"Domaine de Poulaines","description":"","publisher":{"@id":"https:\/\/domaine-poulaines.com\/de\/#organization"},"potentialAction":[{"@type":"SearchAction","target":{"@type":"EntryPoint","urlTemplate":"https:\/\/domaine-poulaines.com\/de\/?s={search_term_string}"},"query-input":{"@type":"PropertyValueSpecification","valueRequired":true,"valueName":"search_term_string"}}],"inLanguage":"de-DE"},{"@type":"Organization","@id":"https:\/\/domaine-poulaines.com\/de\/#organization","name":"Domaine de Poulaines","url":"https:\/\/domaine-poulaines.com\/de\/","logo":{"@type":"ImageObject","inLanguage":"de-DE","@id":"https:\/\/domaine-poulaines.com\/de\/#\/schema\/logo\/image\/","url":"https:\/\/domaine-poulaines.com\/wp-content\/uploads\/2024\/04\/logo-domaine-de-poulaines.png","contentUrl":"https:\/\/domaine-poulaines.com\/wp-content\/uploads\/2024\/04\/logo-domaine-de-poulaines.png","width":191,"height":120,"caption":"Domaine de Poulaines"},"image":{"@id":"https:\/\/domaine-poulaines.com\/de\/#\/schema\/logo\/image\/"},"sameAs":["https:\/\/www.facebook.com\/DomainePoulaines\/","https:\/\/www.linkedin.com\/company\/jardins-et-arboretum-de-poulaines\/","https:\/\/www.instagram.com\/domainedepoulaines\/","https:\/\/www.youtube.com\/channel\/UCxescyCx_IYtzsYbbuh7PJQ"]}]}},"_links":{"self":[{"href":"https:\/\/domaine-poulaines.com\/de\/wp-json\/wp\/v2\/pages\/3318","targetHints":{"allow":["GET"]}}],"collection":[{"href":"https:\/\/domaine-poulaines.com\/de\/wp-json\/wp\/v2\/pages"}],"about":[{"href":"https:\/\/domaine-poulaines.com\/de\/wp-json\/wp\/v2\/types\/page"}],"author":[{"embeddable":true,"href":"https:\/\/domaine-poulaines.com\/de\/wp-json\/wp\/v2\/users\/1"}],"replies":[{"embeddable":true,"href":"https:\/\/domaine-poulaines.com\/de\/wp-json\/wp\/v2\/comments?post=3318"}],"version-history":[{"count":2,"href":"https:\/\/domaine-poulaines.com\/de\/wp-json\/wp\/v2\/pages\/3318\/revisions"}],"predecessor-version":[{"id":5964,"href":"https:\/\/domaine-poulaines.com\/de\/wp-json\/wp\/v2\/pages\/3318\/revisions\/5964"}],"wp:featuredmedia":[{"embeddable":true,"href":"https:\/\/domaine-poulaines.com\/de\/wp-json\/wp\/v2\/media\/2448"}],"wp:attachment":[{"href":"https:\/\/domaine-poulaines.com\/de\/wp-json\/wp\/v2\/media?parent=3318"}],"curies":[{"name":"wp","href":"https:\/\/api.w.org\/{rel}","templated":true}]}}